{"id":774939,"date":"2025-09-09T14:01:26","date_gmt":"2025-09-09T11:01:26","guid":{"rendered":"https:\/\/roveyayinevi.com.tr\/index.php\/urun\/mogol-masallari\/"},"modified":"2026-04-16T02:42:00","modified_gmt":"2026-04-15T23:42:00","slug":"mogol-masallari","status":"publish","type":"product","link":"https:\/\/roveyayinevi.com.tr\/index.php\/urun\/mogol-masallari\/","title":{"rendered":"Mo\u011fol Masallar\u0131"},"content":{"rendered":"<p>Masallar\u0131n i\u015flevi, i\u00e7inde do\u011fduklar\u0131 k\u00fclt\u00fcrel dokunun \u015fifrelerini ta\u015f\u0131yor olmalar\u0131ndand\u0131r. Her ne kadar ola\u011fan\u00fcst\u00fc yarat\u0131klar, canavarlar, yar\u0131 insan yar\u0131 hayvan canl\u0131lardan kurulmu\u015f bir d\u00fcnyay\u0131 anlatsalar da, sonu\u00e7ta, anlat\u0131ld\u0131klar\u0131 toplumun ruhunu yans\u0131t\u0131rlar. Mo\u011fol Masallar\u0131, u\u00e7suz bucaks\u0131z Orta Asya \u00e7\u00f6llerinde ya\u015fayan g\u00f6\u00e7ebelerin k\u00fclt\u00fcrlerine dair ipu\u00e7lar\u0131n\u0131 sergilemektedir. K\u00e2muran \u015eipal\u2019in dilimize kazand\u0131rd\u0131\u011f\u0131 bu masallar, edebiyat merakl\u0131lar\u0131n\u0131n yan\u0131 s\u0131ra toplumsal bilimlerle ilgilenenlerin de dikkatini \u00e7ekecek \u00f6nemdedir. <\/p>\n","protected":false},"excerpt":{"rendered":"<p>Masallar\u0131n i\u015flevi, i\u00e7inde do\u011fduklar\u0131 k\u00fclt\u00fcrel dokunun \u015fifrelerini ta\u015f\u0131yor olmalar\u0131ndand\u0131r. Her ne kadar ola\u011fan\u00fcst\u00fc yarat\u0131klar, canavarlar, yar\u0131 insan yar\u0131 hayvan canl\u0131lardan kurulmu\u015f bir d\u00fcnyay\u0131 anlatsalar da, sonu\u00e7ta,<span class=\"excerpt-hellip\"> [\u2026]<\/span><\/p>\n","protected":false},"featured_media":0,"template":"","meta":{"_monsterinsights_skip_tracking":false,"_monsterinsights_sitenote_active":false,"_monsterinsights_sitenote_note":"","_monsterinsights_sitenote_category":0},"product_brand":[],"product_cat":[12291,13706],"product_tag":[],"class_list":{"0":"post-774939","1":"product","2":"type-product","3":"status-publish","5":"product_cat-edebiyat","6":"product_cat-efsane-destan-masal","7":"pa_cilt-ciltsiz","8":"pa_tur-kitap","9":"pa_yayinevi-cem-yayinevi","10":"pa_yazar-cem-yayinevi-kolektif","12":"first","13":"instock","14":"sale","15":"shipping-taxable","16":"purchasable","17":"product-type-simple"},"_links":{"self":[{"href":"https:\/\/roveyayinevi.com.tr\/index.php\/wp-json\/wp\/v2\/product\/774939","targetHints":{"allow":["GET"]}}],"collection":[{"href":"https:\/\/roveyayinevi.com.tr\/index.php\/wp-json\/wp\/v2\/product"}],"about":[{"href":"https:\/\/roveyayinevi.com.tr\/index.php\/wp-json\/wp\/v2\/types\/product"}],"wp:attachment":[{"href":"https:\/\/roveyayinevi.com.tr\/index.php\/wp-json\/wp\/v2\/media?parent=774939"}],"wp:term":[{"taxonomy":"product_brand","embeddable":true,"href":"https:\/\/roveyayinevi.com.tr\/index.php\/wp-json\/wp\/v2\/product_brand?post=774939"},{"taxonomy":"product_cat","embeddable":true,"href":"https:\/\/roveyayinevi.com.tr\/index.php\/wp-json\/wp\/v2\/product_cat?post=774939"},{"taxonomy":"product_tag","embeddable":true,"href":"https:\/\/roveyayinevi.com.tr\/index.php\/wp-json\/wp\/v2\/product_tag?post=774939"}],"curies":[{"name":"wp","href":"https:\/\/api.w.org\/{rel}","templated":true}]}}