{"id":774938,"date":"2025-09-09T14:00:47","date_gmt":"2025-09-09T11:00:47","guid":{"rendered":"https:\/\/roveyayinevi.com.tr\/index.php\/urun\/muzekkin-nufus-ciltli\/"},"modified":"2026-04-16T02:41:58","modified_gmt":"2026-04-15T23:41:58","slug":"muzekkin-nufus-ciltli","status":"publish","type":"product","link":"https:\/\/roveyayinevi.com.tr\/index.php\/urun\/muzekkin-nufus-ciltli\/","title":{"rendered":"M\u00fczekk&#8217;in-N\u00fcfus (Ciltli)"},"content":{"rendered":"<p>K\u0101diriler aras\u0131nda Abd\u00fclk\u0101dir-i Geyl\u00e2n\u00ee\u2019den sonra tarikat\u0131n ikinci p\u00eeri say\u0131lan E\u015frefo\u011flu R\u00fbm\u00ee daha hayatta iken b\u00fcy\u00fck bir vel\u00ee kabul edilmi\u015ftir. Evliya \u00c7elebi, E\u015frefo\u011flu\u2019nun i\u00e7inde medfun bulundu\u011fu \u0130znik\u2019teki cami ve derg\u00e2htan da bahsederek ondan \u201cyetmi\u015f bin m\u00fcride m\u00e2lik bir p\u00ee\u015fv\u00e2-y\u0131 \u00e2\u015f\u0131k\u00e2n\u201d diye s\u00f6z etmektedir. \u015eeyh ve mutasavv\u0131f E\u015frefo\u011flu R\u00fbm\u00ee\u2019nin sade bir T\u00fcrk\u00e7e ile yazd\u0131\u011f\u0131 M\u00fczekki&#8217;n-N\u00fcf\u00fbs, E\u015frefo\u011flu\u2019nun en \u015f\u00f6hretli eseridir. D\u00fcnya muhabbetinin sebeplerini, yarar ve zararlar\u0131n\u0131 anlatt\u0131\u011f\u0131 k\u0131s\u0131mda \u201cbu kitab\u0131n T\u00fcrk dilince s\u00f6ylenmesinin sebebi, yeni \u00f6\u011frenme\u011fe ba\u015flayanlara kolayl\u0131k olmas\u0131 i\u00e7indir.\u201d ifadesiyle en evvel mensubu oldu\u011fu milletini g\u00f6zetmi\u015ftir.   Bu eser, Orta Asya\u2019dan Anadolu\u2019ya g\u00f6\u00e7\u00fcp buras\u0131n\u0131 ezeli ve edebi yurt edinen T\u00fcrklerin tasavvuf\u00ee ahlak\u0131 \u00f6\u011frenip benimsemesinde as\u0131rlar boyu \u00f6nemli bir rol oynam\u0131\u015ft\u0131r.   Nefis terbiyesi ve tarikat \u00e2d\u00e2b\u0131 mevz\u00fbunda kaleme al\u0131nm\u0131\u015f bu eser 1448 de tamamlanm\u0131\u015ft\u0131r. <\/p>\n","protected":false},"excerpt":{"rendered":"<p>K\u0101diriler aras\u0131nda Abd\u00fclk\u0101dir-i Geyl\u00e2n\u00ee\u2019den sonra tarikat\u0131n ikinci p\u00eeri say\u0131lan E\u015frefo\u011flu R\u00fbm\u00ee daha hayatta iken b\u00fcy\u00fck bir vel\u00ee kabul edilmi\u015ftir. Evliya \u00c7elebi, E\u015frefo\u011flu\u2019nun i\u00e7inde medfun bulundu\u011fu \u0130znik\u2019teki<span class=\"excerpt-hellip\"> [\u2026]<\/span><\/p>\n","protected":false},"featured_media":0,"template":"","meta":{"_monsterinsights_skip_tracking":false,"_monsterinsights_sitenote_active":false,"_monsterinsights_sitenote_note":"","_monsterinsights_sitenote_category":0},"product_brand":[],"product_cat":[12718,12719,12720],"product_tag":[],"class_list":{"0":"post-774938","1":"product","2":"type-product","3":"status-publish","5":"product_cat-din","6":"product_cat-islam","7":"product_cat-tasavvuf-mezhepler-tarikatlar","8":"pa_cilt-ciltli","9":"pa_tur-kitap","10":"pa_yayinevi-atac-yayinlari","11":"pa_yazar-esrefoglu-rumi","13":"first","14":"instock","15":"sale","16":"shipping-taxable","17":"purchasable","18":"product-type-simple"},"_links":{"self":[{"href":"https:\/\/roveyayinevi.com.tr\/index.php\/wp-json\/wp\/v2\/product\/774938","targetHints":{"allow":["GET"]}}],"collection":[{"href":"https:\/\/roveyayinevi.com.tr\/index.php\/wp-json\/wp\/v2\/product"}],"about":[{"href":"https:\/\/roveyayinevi.com.tr\/index.php\/wp-json\/wp\/v2\/types\/product"}],"wp:attachment":[{"href":"https:\/\/roveyayinevi.com.tr\/index.php\/wp-json\/wp\/v2\/media?parent=774938"}],"wp:term":[{"taxonomy":"product_brand","embeddable":true,"href":"https:\/\/roveyayinevi.com.tr\/index.php\/wp-json\/wp\/v2\/product_brand?post=774938"},{"taxonomy":"product_cat","embeddable":true,"href":"https:\/\/roveyayinevi.com.tr\/index.php\/wp-json\/wp\/v2\/product_cat?post=774938"},{"taxonomy":"product_tag","embeddable":true,"href":"https:\/\/roveyayinevi.com.tr\/index.php\/wp-json\/wp\/v2\/product_tag?post=774938"}],"curies":[{"name":"wp","href":"https:\/\/api.w.org\/{rel}","templated":true}]}}