{"id":774937,"date":"2025-09-09T13:59:00","date_gmt":"2025-09-09T10:59:00","guid":{"rendered":"https:\/\/roveyayinevi.com.tr\/index.php\/urun\/saman-sifaci-bilge\/"},"modified":"2026-04-16T02:41:37","modified_gmt":"2026-04-15T23:41:37","slug":"saman-sifaci-bilge","status":"publish","type":"product","link":"https:\/\/roveyayinevi.com.tr\/index.php\/urun\/saman-sifaci-bilge\/","title":{"rendered":"\u015eaman, \u015eifac\u0131, Bilge"},"content":{"rendered":"<p>Nas\u0131l \u015faman olunur?  Hayvan rehberli\u011fi ne demektir? Kadim \u015famanik uygulamalar ile kendimizi \u015fifaland\u0131rmam\u0131z m\u00fcmk\u00fcn m\u00fc? Atalar\u0131m\u0131z\u0131n kaderini ya\u015famak zorunda m\u0131y\u0131z? Kutsal alan yaratmak ne anlama geliyor?    \u015eamanlar, d\u00fcnyay\u0131 hayal ederek var eder.  \u0130nkalar\u0131n torunu olan And Da\u011flar\u0131 \u015eamanlar\u0131, y\u00fczy\u0131llard\u0131r kulland\u0131klar\u0131 \u015fifa tekniklerini ilk kez bir Bat\u0131l\u0131 ile payla\u015ft\u0131 ve antropolog Dr. Alberto Villoldo, yak\u0131n zamana kadar yabanc\u0131lardan saklanan bu kadim bilgelik gelene\u011fini daha yak\u0131ndan tan\u0131mam\u0131z, kendimizi ve ba\u015fkalar\u0131n\u0131 \u015fifaland\u0131racak ara\u00e7lar\u0131 kullanmay\u0131 \u00f6\u011frenmemiz i\u00e7in t\u00fcm \u00f6\u011frendiklerini kitaplar\u0131 arac\u0131l\u0131\u011fyla okurlara aktar\u0131yor. Bu kitapta enerji ve \u015fifa \u00e7al\u0131\u015fmalar\u0131n\u0131n merkezinde yer alan \u00e7akralar sistemine \u015famanlar\u0131n nas\u0131l yakla\u015ft\u0131\u011f\u0131n\u0131 ve \u00e7akralarda biriken a\u011f\u0131r enerjileri nas\u0131l temizleyebilece\u011finizi \u00f6\u011freneceksiniz. Ayn\u0131 zamanda binlerce y\u0131ll\u0131k kadim bir \u00f6\u011fretinin rit\u00fcelleri ile hayata farkl\u0131 bir bak\u0131\u015f a\u00e7\u0131s\u0131 kazanacak, bir ba\u015fkas\u0131na ihtiya\u00e7 duymadan kendinize \u015fifa verebileceksiniz.   \u201cVilloldo, bir hik\u00e2ye anlat\u0131c\u0131s\u0131 ve \u015fifac\u0131 olarak sahip oldu\u011fu yetenekler ile pratik ara\u00e7lar\u0131 hayat\u0131m\u0131za dahil etme becerisini bir araya getirerek, bizi \u015fifalanmaya g\u00f6t\u00fcren manevi y\u00f6ntemleri bulmam\u0131za yard\u0131mc\u0131 oluyor.\u201d &#8211; Sandra Ingerman, \u015eamanik Yolculuk, Seremoni Kitab\u0131 ve Ruhsal D\u00fcnyaya Yolculuk kitaplar\u0131n\u0131n yazar\u0131   \u201cKendini bu alana adayan bir ara\u015ft\u0131rmac\u0131, bilgin ve \u00f6\u011fretmen olan Villoldo, kadim topluluklar\u0131n zengin miras\u0131n\u0131n, d\u00fcnyan\u0131n b\u00fcy\u00fck manevi gelenekleri aras\u0131nda hak etti\u011fi yeri almas\u0131 i\u00e7in \u00f6nemli \u00e7al\u0131\u015fmalar yapt\u0131.\u201d &#8211; Rudolph Ballentine, M.D., Radical Healing\u2019in yazar\u0131 <\/p>\n","protected":false},"excerpt":{"rendered":"<p>Nas\u0131l \u015faman olunur? Hayvan rehberli\u011fi ne demektir? Kadim \u015famanik uygulamalar ile kendimizi \u015fifaland\u0131rmam\u0131z m\u00fcmk\u00fcn m\u00fc? Atalar\u0131m\u0131z\u0131n kaderini ya\u015famak zorunda m\u0131y\u0131z? Kutsal alan yaratmak ne anlama geliyor?<span class=\"excerpt-hellip\"> [\u2026]<\/span><\/p>\n","protected":false},"featured_media":0,"template":"","meta":{"_monsterinsights_skip_tracking":false,"_monsterinsights_sitenote_active":false,"_monsterinsights_sitenote_note":"","_monsterinsights_sitenote_category":0},"product_brand":[],"product_cat":[12364,12376],"product_tag":[],"class_list":{"0":"post-774937","1":"product","2":"type-product","3":"status-publish","5":"product_cat-genel-konular","6":"product_cat-kisisel-gelisim","7":"pa_cilt-ciltsiz","8":"pa_tur-kitap","9":"pa_yayinevi-omega","10":"pa_yazar-alberto-villoldo","12":"first","13":"instock","14":"sale","15":"shipping-taxable","16":"purchasable","17":"product-type-simple"},"_links":{"self":[{"href":"https:\/\/roveyayinevi.com.tr\/index.php\/wp-json\/wp\/v2\/product\/774937","targetHints":{"allow":["GET"]}}],"collection":[{"href":"https:\/\/roveyayinevi.com.tr\/index.php\/wp-json\/wp\/v2\/product"}],"about":[{"href":"https:\/\/roveyayinevi.com.tr\/index.php\/wp-json\/wp\/v2\/types\/product"}],"wp:attachment":[{"href":"https:\/\/roveyayinevi.com.tr\/index.php\/wp-json\/wp\/v2\/media?parent=774937"}],"wp:term":[{"taxonomy":"product_brand","embeddable":true,"href":"https:\/\/roveyayinevi.com.tr\/index.php\/wp-json\/wp\/v2\/product_brand?post=774937"},{"taxonomy":"product_cat","embeddable":true,"href":"https:\/\/roveyayinevi.com.tr\/index.php\/wp-json\/wp\/v2\/product_cat?post=774937"},{"taxonomy":"product_tag","embeddable":true,"href":"https:\/\/roveyayinevi.com.tr\/index.php\/wp-json\/wp\/v2\/product_tag?post=774937"}],"curies":[{"name":"wp","href":"https:\/\/api.w.org\/{rel}","templated":true}]}}