{"id":774936,"date":"2025-09-09T13:57:23","date_gmt":"2025-09-09T10:57:23","guid":{"rendered":"https:\/\/roveyayinevi.com.tr\/index.php\/urun\/ayagi-burkulan-kirkayak\/"},"modified":"2026-04-16T02:41:32","modified_gmt":"2026-04-15T23:41:32","slug":"ayagi-burkulan-kirkayak","status":"publish","type":"product","link":"https:\/\/roveyayinevi.com.tr\/index.php\/urun\/ayagi-burkulan-kirkayak\/","title":{"rendered":"Aya\u011f\u0131 Burkulan K\u0131rkayak"},"content":{"rendered":"<p>B\u00fcy\u00fck Orman\u2019da ya\u015fayan be\u015f iyi arkada\u015f vard\u0131: Y\u0131ld\u0131z Benekli Minik Z\u00fcrafa, K\u0131rkayak K\u0131rm\u0131z\u0131ayak, K\u00fc\u00e7\u00fck Koyu Ye\u015fil Kurba\u011fa, Sivri Kulakl\u0131 Kara Yarasa ve Kirpi Mirpi. Aya\u011f\u0131 burkulan ve sarg\u0131ya al\u0131nan K\u0131rkayak\u2019\u0131 mutlu etmek i\u00e7in b\u00fct\u00fcn arkada\u015flar\u0131 seferber olmu\u015ftu, ama K\u0131rkayak bir t\u00fcrl\u00fc mutlu olmuyordu! K\u0131sa Boylu Z\u00fcrafa, Kirpi Mirpi\u2019nin Kayboldu\u011fu G\u00fcn, Uykusu Ka\u00e7an Yarasa\u2019dan sonra Aya\u011f\u0131 Burkulan K\u0131rkayak ile devam eden seri Yasemin Temizarabac\u0131 Y\u0131ld\u0131rmaz\u2019\u0131n hik\u00e2yesiyle Ece Zeber\u2019in resimlerini bulu\u015fturuyor<\/p>\n","protected":false},"excerpt":{"rendered":"<p>B\u00fcy\u00fck Orman\u2019da ya\u015fayan be\u015f iyi arkada\u015f vard\u0131: Y\u0131ld\u0131z Benekli Minik Z\u00fcrafa, K\u0131rkayak K\u0131rm\u0131z\u0131ayak, K\u00fc\u00e7\u00fck Koyu Ye\u015fil Kurba\u011fa, Sivri Kulakl\u0131 Kara Yarasa ve Kirpi Mirpi. Aya\u011f\u0131 burkulan<span class=\"excerpt-hellip\"> [\u2026]<\/span><\/p>\n","protected":false},"featured_media":0,"template":"","meta":{"_monsterinsights_skip_tracking":false,"_monsterinsights_sitenote_active":false,"_monsterinsights_sitenote_note":"","_monsterinsights_sitenote_category":0},"product_brand":[],"product_cat":[12913,12274],"product_tag":[],"class_list":{"0":"post-774936","1":"product","2":"type-product","3":"status-publish","5":"product_cat-3-6-yas-kitaplari","6":"product_cat-cocuk-ve-genclik-kitaplari","7":"pa_cilt-ciltsiz","8":"pa_tur-kitap","9":"pa_yayinevi-yapi-kredi-yayinlari","10":"pa_yazar-yasemin-temizarabaci-yildirmaz","12":"first","13":"instock","14":"sale","15":"shipping-taxable","16":"purchasable","17":"product-type-simple"},"_links":{"self":[{"href":"https:\/\/roveyayinevi.com.tr\/index.php\/wp-json\/wp\/v2\/product\/774936","targetHints":{"allow":["GET"]}}],"collection":[{"href":"https:\/\/roveyayinevi.com.tr\/index.php\/wp-json\/wp\/v2\/product"}],"about":[{"href":"https:\/\/roveyayinevi.com.tr\/index.php\/wp-json\/wp\/v2\/types\/product"}],"wp:attachment":[{"href":"https:\/\/roveyayinevi.com.tr\/index.php\/wp-json\/wp\/v2\/media?parent=774936"}],"wp:term":[{"taxonomy":"product_brand","embeddable":true,"href":"https:\/\/roveyayinevi.com.tr\/index.php\/wp-json\/wp\/v2\/product_brand?post=774936"},{"taxonomy":"product_cat","embeddable":true,"href":"https:\/\/roveyayinevi.com.tr\/index.php\/wp-json\/wp\/v2\/product_cat?post=774936"},{"taxonomy":"product_tag","embeddable":true,"href":"https:\/\/roveyayinevi.com.tr\/index.php\/wp-json\/wp\/v2\/product_tag?post=774936"}],"curies":[{"name":"wp","href":"https:\/\/api.w.org\/{rel}","templated":true}]}}