{"id":774935,"date":"2025-09-09T13:57:17","date_gmt":"2025-09-09T10:57:17","guid":{"rendered":"https:\/\/roveyayinevi.com.tr\/index.php\/urun\/kulustur\/"},"modified":"2026-04-16T02:41:31","modified_gmt":"2026-04-15T23:41:31","slug":"kulustur","status":"publish","type":"product","link":"https:\/\/roveyayinevi.com.tr\/index.php\/urun\/kulustur\/","title":{"rendered":"K\u00fcl\u00fcst\u00fcr"},"content":{"rendered":"<p>Yeni Zelanda \u00e7ocuk edebiyat\u0131n\u0131n sevilen yazar\u0131 Joy Cowley\u2019den, sadece \u00e7ocuklar i\u00e7in de\u011fil; gen\u00e7ler, anne babalar ve e\u011fitimciler i\u00e7in de etkileyici bir roman. Cowley, bu kitapta modern ya\u015fama al\u0131\u015fm\u0131\u015f iki karde\u015fin, \u0131ss\u0131z do\u011fada ge\u00e7irdikleri bir yaz tatiline ortak ediyor bizleri. G\u00fcn\u00fcm\u00fcz \u00e7ocuklar\u0131n\u0131n her ge\u00e7en g\u00fcn uzakla\u015ft\u0131\u011f\u0131 do\u011fal ya\u015fam ve aile ba\u011flar\u0131 gibi pek \u00e7ok \u00f6nemli konuyu ustaca i\u015flerken, e\u011flenceli diliyle, okuru ku\u015fak farkl\u0131l\u0131\u011f\u0131, ho\u015fg\u00f6r\u00fc, karde\u015flik ve k\u0131rsal ya\u015fam gibi temalar\u0131 d\u00fc\u015f\u00fcnmeye davet ediyor. William ve Melissa, yaz tatillerini bir tatil k\u00f6y\u00fcnde ge\u00e7irmeyi planlar. Ancak beklenmedik bir de\u011fi\u015fiklik olur. Anne babalar\u0131 iki karde\u015fin tatilini elektriksiz, cep telefonsuz ve tabii internetsiz bir da\u011f kul\u00fcbesinde ge\u00e7ireceklerini a\u00e7\u0131klar. \u00dcstelik iki huysuz ihtiyarla birlikte. Bu \u2018ilkel\u2019 tatil hem kendi s\u0131n\u0131rlar\u0131n\u0131 ke\u015ffetmelerine, hem de b\u00fcy\u00fckanne ve b\u00fcy\u00fckbabalar\u0131yla yak\u0131nla\u015fmalar\u0131na yol a\u00e7ar. Ancak beklenmedik geli\u015fmeler tatillerini iyice s\u0131rad\u0131\u015f\u0131 bir hale getirecektir.<\/p>\n","protected":false},"excerpt":{"rendered":"<p>Yeni Zelanda \u00e7ocuk edebiyat\u0131n\u0131n sevilen yazar\u0131 Joy Cowley\u2019den, sadece \u00e7ocuklar i\u00e7in de\u011fil; gen\u00e7ler, anne babalar ve e\u011fitimciler i\u00e7in de etkileyici bir roman. Cowley, bu kitapta modern<span class=\"excerpt-hellip\"> [\u2026]<\/span><\/p>\n","protected":false},"featured_media":0,"template":"","meta":{"_monsterinsights_skip_tracking":false,"_monsterinsights_sitenote_active":false,"_monsterinsights_sitenote_note":"","_monsterinsights_sitenote_category":0},"product_brand":[],"product_cat":[12275,12274],"product_tag":[],"class_list":{"0":"post-774935","1":"product","2":"type-product","3":"status-publish","5":"product_cat-6-12-yas-kitaplari","6":"product_cat-cocuk-ve-genclik-kitaplari","7":"pa_cilt-ciltsiz","8":"pa_tur-kitap","9":"pa_yayinevi-uyurgezer-kitap","10":"pa_yazar-joy-cowley","12":"first","13":"instock","14":"sale","15":"shipping-taxable","16":"purchasable","17":"product-type-simple"},"_links":{"self":[{"href":"https:\/\/roveyayinevi.com.tr\/index.php\/wp-json\/wp\/v2\/product\/774935","targetHints":{"allow":["GET"]}}],"collection":[{"href":"https:\/\/roveyayinevi.com.tr\/index.php\/wp-json\/wp\/v2\/product"}],"about":[{"href":"https:\/\/roveyayinevi.com.tr\/index.php\/wp-json\/wp\/v2\/types\/product"}],"wp:attachment":[{"href":"https:\/\/roveyayinevi.com.tr\/index.php\/wp-json\/wp\/v2\/media?parent=774935"}],"wp:term":[{"taxonomy":"product_brand","embeddable":true,"href":"https:\/\/roveyayinevi.com.tr\/index.php\/wp-json\/wp\/v2\/product_brand?post=774935"},{"taxonomy":"product_cat","embeddable":true,"href":"https:\/\/roveyayinevi.com.tr\/index.php\/wp-json\/wp\/v2\/product_cat?post=774935"},{"taxonomy":"product_tag","embeddable":true,"href":"https:\/\/roveyayinevi.com.tr\/index.php\/wp-json\/wp\/v2\/product_tag?post=774935"}],"curies":[{"name":"wp","href":"https:\/\/api.w.org\/{rel}","templated":true}]}}