{"id":774934,"date":"2025-09-09T13:57:05","date_gmt":"2025-09-09T10:57:05","guid":{"rendered":"https:\/\/roveyayinevi.com.tr\/index.php\/urun\/siradan-insanlarin-siradisi-hikayeleri\/"},"modified":"2026-04-16T02:41:31","modified_gmt":"2026-04-15T23:41:31","slug":"siradan-insanlarin-siradisi-hikayeleri","status":"publish","type":"product","link":"https:\/\/roveyayinevi.com.tr\/index.php\/urun\/siradan-insanlarin-siradisi-hikayeleri\/","title":{"rendered":"S\u0131radan \u0130nsanlar\u0131n S\u0131rad\u0131\u015f\u0131 Hikayeleri"},"content":{"rendered":"<p>Baz\u0131 insanlar\u0131n hayat\u0131 s\u0131ra d\u0131\u015f\u0131d\u0131r, ola\u011fan\u00fcst\u00fcd\u00fcr. Onlar hemen her \u015feyin \u00fcstesinden gelebilir. Doktorlar ender g\u00f6r\u00fclen bir hastal\u0131k te\u015fhisi koyar ama onlar iyile\u015firler. Bir kaza sonucunda, \u00f6rne\u011fin g\u00f6zlerini kaybederler ama ba\u015fka insanlar\u0131n hayatlar\u0131n\u0131 g\u00fczelle\u015ftirmeye, onlara dokunmaya devam ederler. Sava\u015fta a\u011f\u0131r yaralanarak sakat kal\u0131rlar ama bu travmadan kurtularak sava\u015fla, \u015fiddetle ilgili fark\u0131ndal\u0131k yaratmak i\u00e7in kampanya y\u00fcr\u00fct\u00fcrler. Bu insanlar kar\u015f\u0131la\u015ft\u0131klar\u0131 sorunlarla zarafet ve kararl\u0131l\u0131kla y\u00fczle\u015fmek ve \u00fcstesinden gelmek i\u00e7in ne yap\u0131yor, nereden ve nas\u0131l g\u00fc\u00e7 al\u0131yorlar? Psikolog Jennifer Wild herhangi bir travma ya\u015famadan da s\u0131radan hayatlar\u0131n nas\u0131l s\u0131ra d\u0131\u015f\u0131 olabilece\u011finin s\u0131rr\u0131n\u0131, form\u00fcllerini bilimsel bir yakla\u015f\u0131mla ortaya koyuyor. Vizyonun, odaklanman\u0131n, kararl\u0131l\u0131\u011f\u0131n, kendine d\u0131\u015far\u0131dan bakman\u0131n, ge\u00e7mi\u015f yerine gelece\u011fe y\u00f6nelme cesaretinin, mutlu olmay\u0131 bilmenin hayatlar\u0131 d\u00f6n\u00fc\u015ft\u00fcrmekte nas\u0131l rol oynad\u0131\u011f\u0131n\u0131 g\u00f6steriyor. S\u0131ra d\u0131\u015f\u0131 bir hayat elbette m\u00fcmk\u00fcnd\u00fcr, \u00f6ncelikle onu istemeniz gerekir; e\u011fer isterseniz bu kitapta ger\u00e7ek hayattan ilham verici \u00f6rneklerin e\u015fli\u011finde anlat\u0131lanlar size yol g\u00f6sterecektir. Yoldaki engeller, zorluklar art\u0131k sizin i\u00e7in sorun de\u011fil f\u0131rsat olacakt\u0131r.<\/p>\n","protected":false},"excerpt":{"rendered":"<p>Baz\u0131 insanlar\u0131n hayat\u0131 s\u0131ra d\u0131\u015f\u0131d\u0131r, ola\u011fan\u00fcst\u00fcd\u00fcr. Onlar hemen her \u015feyin \u00fcstesinden gelebilir. Doktorlar ender g\u00f6r\u00fclen bir hastal\u0131k te\u015fhisi koyar ama onlar iyile\u015firler. Bir kaza sonucunda, \u00f6rne\u011fin<span class=\"excerpt-hellip\"> [\u2026]<\/span><\/p>\n","protected":false},"featured_media":0,"template":"","meta":{"_monsterinsights_skip_tracking":false,"_monsterinsights_sitenote_active":false,"_monsterinsights_sitenote_note":"","_monsterinsights_sitenote_category":0},"product_brand":[],"product_cat":[12364,12376],"product_tag":[],"class_list":{"0":"post-774934","1":"product","2":"type-product","3":"status-publish","5":"product_cat-genel-konular","6":"product_cat-kisisel-gelisim","7":"pa_cilt-ciltsiz","8":"pa_tur-kitap","9":"pa_yayinevi-kuraldisi-yayinevi","10":"pa_yazar-jennifer-wild","12":"first","13":"instock","14":"sale","15":"shipping-taxable","16":"purchasable","17":"product-type-simple"},"_links":{"self":[{"href":"https:\/\/roveyayinevi.com.tr\/index.php\/wp-json\/wp\/v2\/product\/774934","targetHints":{"allow":["GET"]}}],"collection":[{"href":"https:\/\/roveyayinevi.com.tr\/index.php\/wp-json\/wp\/v2\/product"}],"about":[{"href":"https:\/\/roveyayinevi.com.tr\/index.php\/wp-json\/wp\/v2\/types\/product"}],"wp:attachment":[{"href":"https:\/\/roveyayinevi.com.tr\/index.php\/wp-json\/wp\/v2\/media?parent=774934"}],"wp:term":[{"taxonomy":"product_brand","embeddable":true,"href":"https:\/\/roveyayinevi.com.tr\/index.php\/wp-json\/wp\/v2\/product_brand?post=774934"},{"taxonomy":"product_cat","embeddable":true,"href":"https:\/\/roveyayinevi.com.tr\/index.php\/wp-json\/wp\/v2\/product_cat?post=774934"},{"taxonomy":"product_tag","embeddable":true,"href":"https:\/\/roveyayinevi.com.tr\/index.php\/wp-json\/wp\/v2\/product_tag?post=774934"}],"curies":[{"name":"wp","href":"https:\/\/api.w.org\/{rel}","templated":true}]}}