{"id":774933,"date":"2025-09-09T13:53:44","date_gmt":"2025-09-09T10:53:44","guid":{"rendered":"https:\/\/roveyayinevi.com.tr\/index.php\/urun\/dagi-yerinden-oynatmak\/"},"modified":"2026-04-16T02:40:50","modified_gmt":"2026-04-15T23:40:50","slug":"dagi-yerinden-oynatmak","status":"publish","type":"product","link":"https:\/\/roveyayinevi.com.tr\/index.php\/urun\/dagi-yerinden-oynatmak\/","title":{"rendered":"Da\u011f\u0131 Yerinden Oynatmak"},"content":{"rendered":"<p>Charlotte Perkins Gilman 19. y\u00fczy\u0131l sonlar\u0131 20. y\u00fczy\u0131l ba\u015flar\u0131nda ya\u015fam\u0131\u015f, feminist edebiyata \u00f6nemli katk\u0131larda bulunmu\u015f Amerikal\u0131 bir sosyolog ve yazard\u0131r. Ayn\u0131 zamanda d\u00f6neminin \u00f6nde gelen h\u00fcmanistlerinden ve kad\u0131n haklar\u0131 savunucular\u0131ndand\u0131r. Da\u011f\u0131 Yerinden Oynatmak adl\u0131 eserinde, feminist bak\u0131\u015f a\u00e7\u0131s\u0131yla ve ironilerle bezeli \u00fcslubuyla bamba\u015fka bir d\u00fcnya yaratm\u0131\u015ft\u0131r okurlar\u0131na. John Robertson, Himalayalara yapt\u0131\u011f\u0131 bir ke\u015fif gezisi s\u0131ras\u0131nda kayal\u0131klardan d\u00fc\u015fer ve haf\u0131zas\u0131n\u0131 yitirir. Otuz y\u0131l sonra k\u0131z karde\u015fi taraf\u0131ndan bulundu\u011funda art\u0131k bamba\u015fka bir adamd\u0131r. Ancak bu s\u00fcre zarf\u0131nda d\u00fcnya da bamba\u015fka bir yer olmu\u015ftur. Uzun eve d\u00f6n\u00fc\u015f yolculuklar\u0131 boyunca bu farkl\u0131 d\u00fcnyay\u0131 tan\u0131maya \u00e7al\u0131\u015fan John, \u00fclkesine d\u00f6nd\u00fc\u011f\u00fcnde yeniliklere ayak uydurmakta zorlanacakt\u0131r. Neden sonra anlayacakt\u0131r ki b\u00fct\u00fcn bu de\u011fi\u015fimin temelinde asl\u0131nda tek bir \u015fey yatmaktad\u0131r: Zihniyet de\u011fi\u015fimi. \u201cKad\u0131nlar\u0131n uyan\u0131\u015flar\u0131\u201d diye dile getirir bunu Perkins kurdu\u011fu \u00fctopyada, nihayetinde bu d\u00fcnyay\u0131 de\u011fi\u015ftiren insanlar\u0131n bak\u0131\u015f a\u00e7\u0131s\u0131d\u0131r ve bunu sa\u011flayan da kad\u0131nlard\u0131r. Kad\u0131nlar \u00dclkesi \u00dc\u00e7lemesi\u2019nin ilk kitab\u0131 Da\u011f\u0131 Yerinden Oynatmak, T\u00fcrk\u00e7eye ilk defa Cem Yay\u0131nevi taraf\u0131ndan \u00e7evrilmi\u015ftir. <\/p>\n","protected":false},"excerpt":{"rendered":"<p>Charlotte Perkins Gilman 19. y\u00fczy\u0131l sonlar\u0131 20. y\u00fczy\u0131l ba\u015flar\u0131nda ya\u015fam\u0131\u015f, feminist edebiyata \u00f6nemli katk\u0131larda bulunmu\u015f Amerikal\u0131 bir sosyolog ve yazard\u0131r. Ayn\u0131 zamanda d\u00f6neminin \u00f6nde gelen h\u00fcmanistlerinden<span class=\"excerpt-hellip\"> [\u2026]<\/span><\/p>\n","protected":false},"featured_media":0,"template":"","meta":{"_monsterinsights_skip_tracking":false,"_monsterinsights_sitenote_active":false,"_monsterinsights_sitenote_note":"","_monsterinsights_sitenote_category":0},"product_brand":[],"product_cat":[12540,12291],"product_tag":[],"class_list":{"0":"post-774933","1":"product","2":"type-product","3":"status-publish","5":"product_cat-bilim-kurgu","6":"product_cat-edebiyat","7":"pa_cilt-ciltsiz","8":"pa_tur-kitap","9":"pa_yayinevi-cem-yayinevi","10":"pa_yazar-charlotte-perkins-gilman","12":"first","13":"instock","14":"sale","15":"shipping-taxable","16":"purchasable","17":"product-type-simple"},"_links":{"self":[{"href":"https:\/\/roveyayinevi.com.tr\/index.php\/wp-json\/wp\/v2\/product\/774933","targetHints":{"allow":["GET"]}}],"collection":[{"href":"https:\/\/roveyayinevi.com.tr\/index.php\/wp-json\/wp\/v2\/product"}],"about":[{"href":"https:\/\/roveyayinevi.com.tr\/index.php\/wp-json\/wp\/v2\/types\/product"}],"wp:attachment":[{"href":"https:\/\/roveyayinevi.com.tr\/index.php\/wp-json\/wp\/v2\/media?parent=774933"}],"wp:term":[{"taxonomy":"product_brand","embeddable":true,"href":"https:\/\/roveyayinevi.com.tr\/index.php\/wp-json\/wp\/v2\/product_brand?post=774933"},{"taxonomy":"product_cat","embeddable":true,"href":"https:\/\/roveyayinevi.com.tr\/index.php\/wp-json\/wp\/v2\/product_cat?post=774933"},{"taxonomy":"product_tag","embeddable":true,"href":"https:\/\/roveyayinevi.com.tr\/index.php\/wp-json\/wp\/v2\/product_tag?post=774933"}],"curies":[{"name":"wp","href":"https:\/\/api.w.org\/{rel}","templated":true}]}}