{"id":774932,"date":"2025-09-09T13:53:16","date_gmt":"2025-09-09T10:53:16","guid":{"rendered":"https:\/\/roveyayinevi.com.tr\/index.php\/urun\/kafasi-karisik-melos\/"},"modified":"2026-04-16T02:40:48","modified_gmt":"2026-04-15T23:40:48","slug":"kafasi-karisik-melos","status":"publish","type":"product","link":"https:\/\/roveyayinevi.com.tr\/index.php\/urun\/kafasi-karisik-melos\/","title":{"rendered":"Kafas\u0131 Kar\u0131\u015f\u0131k Melo\u015f"},"content":{"rendered":"<p>\u201c\u00d6\u011fretmenim, bir y\u0131lda neden d\u00f6rt mevsim var? \u0130ki mevsim olsa daha iyi olmaz m\u0131yd\u0131? Biri k\u0131\u015fbahar \u00f6b\u00fcr\u00fc yazbahar.\u201d   \u201c\u00d6\u011fretmenim. Erkeklerin b\u0131y\u0131\u011f\u0131 var. Kad\u0131nlar\u0131n yok. Ama kedilerin hepsi b\u0131y\u0131kl\u0131. Neden?&#8221;   \u201c\u00d6\u011fretmenim, u\u00e7aklar nas\u0131l u\u00e7uyor?&#8221;   Melo\u015f Han\u0131m her g\u00fcn b\u00f6yle y\u00fczlerce soru soruyor. Melo\u015f Han\u0131m kim mi? Onu tan\u0131mad\u0131\u011f\u0131n\u0131za g\u00f6re demek ki ayn\u0131 sokakta oturmuyorsunuz. Ayn\u0131 okula da gitmiyorsunuz. Yoksa onu mutlaka tan\u0131rd\u0131n\u0131z.     \u015eirin mi \u015firin, merakl\u0131 m\u0131 merakl\u0131 bir k\u00fc\u00e7\u00fck k\u0131z Melo\u015f Han\u0131m.  Karde\u015fi olaca\u011f\u0131n\u0131 \u00f6\u011frenince sorular\u0131 daha da \u00e7o\u011fal\u0131yor. \u00d6\u011fretmeni, annesi, babas\u0131, babaannesi ve dedesinin yan\u0131tlar\u0131, yetersiz kal\u0131nca solu\u011fu kom\u015fular\u0131 \u015eazi Teyze&#8217;de al\u0131yor.   \u00c7ocuklar\u0131n merak duygusunu yans\u0131tan Kafas\u0131 Kar\u0131\u015f\u0131k Melo\u015f Han\u0131m\u2019la hem g\u00fclecek hem \u00f6\u011freneceksiniz. <\/p>\n","protected":false},"excerpt":{"rendered":"<p>\u201c\u00d6\u011fretmenim, bir y\u0131lda neden d\u00f6rt mevsim var? \u0130ki mevsim olsa daha iyi olmaz m\u0131yd\u0131? Biri k\u0131\u015fbahar \u00f6b\u00fcr\u00fc yazbahar.\u201d \u201c\u00d6\u011fretmenim. Erkeklerin b\u0131y\u0131\u011f\u0131 var. Kad\u0131nlar\u0131n yok. Ama kedilerin<span class=\"excerpt-hellip\"> [\u2026]<\/span><\/p>\n","protected":false},"featured_media":0,"template":"","meta":{"_monsterinsights_skip_tracking":false,"_monsterinsights_sitenote_active":false,"_monsterinsights_sitenote_note":"","_monsterinsights_sitenote_category":0},"product_brand":[],"product_cat":[12275,12274],"product_tag":[],"class_list":{"0":"post-774932","1":"product","2":"type-product","3":"status-publish","5":"product_cat-6-12-yas-kitaplari","6":"product_cat-cocuk-ve-genclik-kitaplari","7":"pa_cilt-ciltsiz","8":"pa_tur-kitap","9":"pa_yayinevi-epsilon-yayinlari","10":"pa_yazar-mustafa-hakki-kurt","12":"first","13":"instock","14":"sale","15":"shipping-taxable","16":"purchasable","17":"product-type-simple"},"_links":{"self":[{"href":"https:\/\/roveyayinevi.com.tr\/index.php\/wp-json\/wp\/v2\/product\/774932","targetHints":{"allow":["GET"]}}],"collection":[{"href":"https:\/\/roveyayinevi.com.tr\/index.php\/wp-json\/wp\/v2\/product"}],"about":[{"href":"https:\/\/roveyayinevi.com.tr\/index.php\/wp-json\/wp\/v2\/types\/product"}],"wp:attachment":[{"href":"https:\/\/roveyayinevi.com.tr\/index.php\/wp-json\/wp\/v2\/media?parent=774932"}],"wp:term":[{"taxonomy":"product_brand","embeddable":true,"href":"https:\/\/roveyayinevi.com.tr\/index.php\/wp-json\/wp\/v2\/product_brand?post=774932"},{"taxonomy":"product_cat","embeddable":true,"href":"https:\/\/roveyayinevi.com.tr\/index.php\/wp-json\/wp\/v2\/product_cat?post=774932"},{"taxonomy":"product_tag","embeddable":true,"href":"https:\/\/roveyayinevi.com.tr\/index.php\/wp-json\/wp\/v2\/product_tag?post=774932"}],"curies":[{"name":"wp","href":"https:\/\/api.w.org\/{rel}","templated":true}]}}