{"id":774927,"date":"2025-09-09T13:43:46","date_gmt":"2025-09-09T10:43:46","guid":{"rendered":"https:\/\/roveyayinevi.com.tr\/index.php\/urun\/iktidar-2\/"},"modified":"2026-04-16T02:39:43","modified_gmt":"2026-04-15T23:39:43","slug":"iktidar-2","status":"publish","type":"product","link":"https:\/\/roveyayinevi.com.tr\/index.php\/urun\/iktidar-2\/","title":{"rendered":"\u0130ktidar"},"content":{"rendered":"<p>Modern felsefede iktidar konusuna geli\u015ftirilen yakla\u015f\u0131mlar aras\u0131nda \u00f6nemli bir yeri olan bu \u00e7al\u0131\u015fmada, iktidar istencinin ortaya \u00e7\u0131karm\u0131\u015f oldu\u011fu pek \u00e7ok form tart\u0131\u015f\u0131l\u0131yor. Nobel \u00f6d\u00fcll\u00fc yazar Bertrand Russell, bir taraftan iktidar\u0131n felsefi anlam\u0131ndan tarihsel de\u011fi\u015fkenliklerine, ideal tasavvurlar\u0131ndan reel tekab\u00fcllerine kadar pek \u00e7ok tipini de\u011ferlendirmeye tabi tutarken, bir taraftan da siyaset felsefesi i\u00e7in anahtar kavram denilebilecek pek \u00e7ok kavram\u0131n tan\u0131mlamalar\u0131n\u0131 ortaya koyuyor. Ku\u015fkusuz iktidar\u0131n dizginlenmesinin \u00f6zg\u00fcrl\u00fck i\u00e7in \u00f6nemini de vurgulayan yazar, elinizdeki yap\u0131t boyunca g\u00fcce ili\u015fkin tart\u0131\u015fmas\u0131n\u0131 \u00f6zg\u00fcrl\u00fck mihenginde y\u00fcr\u00fct\u00fcyor. Bu nedenle totaliter bi\u00e7imlerin kasvetinden demokratik ba\u015far\u0131n\u0131n imk\u00e2n\u0131na kadar s\u00fcrd\u00fcr\u00fclen bu tahlil, i\u00e7erdi\u011fi tespit ve tan\u0131mlamalar kadar yapt\u0131\u011f\u0131 ele\u015ftiri ve \u00f6nerilerle de okurlar\u0131n zihni \u00fcretkenli\u011fini tetikliyor. \u0130ktidar, yeni tarihsel ko\u015fullar\u0131 \u00f6zg\u00fcrl\u00fck nam\u0131na tahlil edebilmeyi g\u00fcncelli\u011fini yitirmeksizin okurlar\u0131na sunan bir yap\u0131t. <\/p>\n","protected":false},"excerpt":{"rendered":"<p>Modern felsefede iktidar konusuna geli\u015ftirilen yakla\u015f\u0131mlar aras\u0131nda \u00f6nemli bir yeri olan bu \u00e7al\u0131\u015fmada, iktidar istencinin ortaya \u00e7\u0131karm\u0131\u015f oldu\u011fu pek \u00e7ok form tart\u0131\u015f\u0131l\u0131yor. Nobel \u00f6d\u00fcll\u00fc yazar Bertrand<span class=\"excerpt-hellip\"> [\u2026]<\/span><\/p>\n","protected":false},"featured_media":0,"template":"","meta":{"_monsterinsights_skip_tracking":false,"_monsterinsights_sitenote_active":false,"_monsterinsights_sitenote_note":"","_monsterinsights_sitenote_category":0},"product_brand":[],"product_cat":[12388,13555],"product_tag":[],"class_list":{"0":"post-774927","1":"product","2":"type-product","3":"status-publish","5":"product_cat-felsefe","6":"product_cat-genel-felsefe","7":"pa_cilt-ciltsiz","8":"pa_tur-kitap","9":"pa_yayinevi-cem-yayinevi","10":"pa_yazar-bertrand-russell","12":"first","13":"instock","14":"sale","15":"shipping-taxable","16":"purchasable","17":"product-type-simple"},"_links":{"self":[{"href":"https:\/\/roveyayinevi.com.tr\/index.php\/wp-json\/wp\/v2\/product\/774927","targetHints":{"allow":["GET"]}}],"collection":[{"href":"https:\/\/roveyayinevi.com.tr\/index.php\/wp-json\/wp\/v2\/product"}],"about":[{"href":"https:\/\/roveyayinevi.com.tr\/index.php\/wp-json\/wp\/v2\/types\/product"}],"wp:attachment":[{"href":"https:\/\/roveyayinevi.com.tr\/index.php\/wp-json\/wp\/v2\/media?parent=774927"}],"wp:term":[{"taxonomy":"product_brand","embeddable":true,"href":"https:\/\/roveyayinevi.com.tr\/index.php\/wp-json\/wp\/v2\/product_brand?post=774927"},{"taxonomy":"product_cat","embeddable":true,"href":"https:\/\/roveyayinevi.com.tr\/index.php\/wp-json\/wp\/v2\/product_cat?post=774927"},{"taxonomy":"product_tag","embeddable":true,"href":"https:\/\/roveyayinevi.com.tr\/index.php\/wp-json\/wp\/v2\/product_tag?post=774927"}],"curies":[{"name":"wp","href":"https:\/\/api.w.org\/{rel}","templated":true}]}}