{"id":774925,"date":"2025-09-09T13:36:37","date_gmt":"2025-09-09T10:36:37","guid":{"rendered":"https:\/\/roveyayinevi.com.tr\/index.php\/urun\/sosyoloji-ve-eylem\/"},"modified":"2025-10-30T13:34:35","modified_gmt":"2025-10-30T10:34:35","slug":"sosyoloji-ve-eylem","status":"publish","type":"product","link":"https:\/\/roveyayinevi.com.tr\/index.php\/urun\/sosyoloji-ve-eylem\/","title":{"rendered":"Sosyoloji ve Eylem"},"content":{"rendered":"<p>Sosyolojinin kurucular\u0131ndan Emile Durkheim, yaz\u0131lar\u0131ndan ve kimi diyaloglar\u0131ndan olu\u015fturulan bu se\u00e7kide sosyolojinin di\u011fer sosyal bilimlerle aras\u0131nda bulunan ba\u011flant\u0131lara ve ayr\u0131mlara dikkat \u00e7ekerek, bu bilimin ama\u00e7lar\u0131n\u0131 ve i\u015flevlerini tart\u0131\u015fmaya giri\u015fiyor. Bu nedenle Sosyoloji ve Eylem ba\u015fl\u0131kl\u0131 bu se\u00e7ki, onun birey, eylem, sosyal kurumlar, toplum ve en \u00f6nemlisi toplumculuk hakk\u0131ndaki d\u00fc\u015f\u00fcncelerini ve kimi kayg\u0131lar\u0131n\u0131 a\u00e7\u0131kl\u0131kla ifade etti\u011fi bir i\u00e7erik ta\u015f\u0131yor.    \u201cSosyoloji bireye, imparatorluk i\u00e7inde bir ba\u015fka imparatorluk de\u011fil, bir organizman\u0131n organ\u0131 oldu\u011funu ve bu organ olma rol\u00fcn\u00fc titizlikle yerine getirmesinin g\u00fczelli\u011fini g\u00f6sterir. Ba\u015fka bireyle kar\u015f\u0131l\u0131kl\u0131 dayan\u0131\u015fma ve ba\u011f\u0131ml\u0131l\u0131k i\u00e7inde olman\u0131n, yaln\u0131z kendi-kendisine ait olmaman\u0131n hi\u00e7bir eksiklik getirmedi\u011fini duyumsat\u0131r. Ku\u015fkusuz bu d\u00fc\u015f\u00fcnce, ancak n\u00fcfusun derin katmanlar\u0131nda yayg\u0131nla\u015f\u0131nca ger\u00e7ekten etkin olur. Ama bunun i\u00e7in bizim bu d\u00fc\u015f\u00fcnceleri \u00fcniversitede bilimsel olarak haz\u0131rlamam\u0131z gereklidir. Bu sonuca ula\u015fmaya g\u00fcc\u00fcm\u00fcn yetti\u011fince katk\u0131da bulunmaya \u00e7al\u0131\u015fmak, benim ba\u015f kayg\u0131m olacakt\u0131r ve bunu biraz olsun ba\u015far\u0131rsam, benim i\u00e7in bundan b\u00fcy\u00fck bir mutluluk olmayacakt\u0131r.\u201d <\/p>\n","protected":false},"excerpt":{"rendered":"<p>Sosyolojinin kurucular\u0131ndan Emile Durkheim, yaz\u0131lar\u0131ndan ve kimi diyaloglar\u0131ndan olu\u015fturulan bu se\u00e7kide sosyolojinin di\u011fer sosyal bilimlerle aras\u0131nda bulunan ba\u011flant\u0131lara ve ayr\u0131mlara dikkat \u00e7ekerek, bu bilimin ama\u00e7lar\u0131n\u0131 ve<span class=\"excerpt-hellip\"> [\u2026]<\/span><\/p>\n","protected":false},"featured_media":0,"template":"","meta":{"_monsterinsights_skip_tracking":false,"_monsterinsights_sitenote_active":false,"_monsterinsights_sitenote_note":"","_monsterinsights_sitenote_category":0},"product_brand":[],"product_cat":[12324,27533],"product_tag":[],"class_list":{"0":"post-774925","1":"product","2":"type-product","3":"status-publish","5":"product_cat-sosyoloji","6":"product_cat-sosyolojiye-giris","7":"pa_cilt-ciltsiz","8":"pa_tur-kitap","9":"pa_yayinevi-cem-yayinevi","10":"pa_yazar-emile-durkheim","12":"first","13":"instock","14":"sale","15":"shipping-taxable","16":"purchasable","17":"product-type-simple"},"_links":{"self":[{"href":"https:\/\/roveyayinevi.com.tr\/index.php\/wp-json\/wp\/v2\/product\/774925","targetHints":{"allow":["GET"]}}],"collection":[{"href":"https:\/\/roveyayinevi.com.tr\/index.php\/wp-json\/wp\/v2\/product"}],"about":[{"href":"https:\/\/roveyayinevi.com.tr\/index.php\/wp-json\/wp\/v2\/types\/product"}],"wp:attachment":[{"href":"https:\/\/roveyayinevi.com.tr\/index.php\/wp-json\/wp\/v2\/media?parent=774925"}],"wp:term":[{"taxonomy":"product_brand","embeddable":true,"href":"https:\/\/roveyayinevi.com.tr\/index.php\/wp-json\/wp\/v2\/product_brand?post=774925"},{"taxonomy":"product_cat","embeddable":true,"href":"https:\/\/roveyayinevi.com.tr\/index.php\/wp-json\/wp\/v2\/product_cat?post=774925"},{"taxonomy":"product_tag","embeddable":true,"href":"https:\/\/roveyayinevi.com.tr\/index.php\/wp-json\/wp\/v2\/product_tag?post=774925"}],"curies":[{"name":"wp","href":"https:\/\/api.w.org\/{rel}","templated":true}]}}