{"id":774923,"date":"2025-09-09T13:30:27","date_gmt":"2025-09-09T10:30:27","guid":{"rendered":"https:\/\/roveyayinevi.com.tr\/index.php\/urun\/pandeminin-dusurdugu-maskeler\/"},"modified":"2026-04-16T02:37:13","modified_gmt":"2026-04-15T23:37:13","slug":"pandeminin-dusurdugu-maskeler","status":"publish","type":"product","link":"https:\/\/roveyayinevi.com.tr\/index.php\/urun\/pandeminin-dusurdugu-maskeler\/","title":{"rendered":"Pandeminin D\u00fc\u015f\u00fcrd\u00fc\u011f\u00fc Maskeler"},"content":{"rendered":"<p>\u201cHastal\u0131k, \u00f6lu\u0308m, maske, karantina, el y\u0131kama, dezenfektan, mesafe, eve kapat\u0131lma, su\u00e7lama, sonra yeniden su\u00e7lama, sonra her konuda hep su\u00e7lama ile ge\u00e7en ve kimi zaman nefessiz b\u0131rakan koskoca bir y\u0131l&#8230;\u201d   Koronaviru\u0308s (Covid-19) pandemisinin tedirginlikle ge\u00e7en ilk bir y\u0131l\u0131n\u0131 \u00e7ok y\u00f6nlu\u0308 analiz eden bu kitap, kal\u0131c\u0131 de\u011ferde bir muhasebe niteli\u011fi ta\u015f\u0131yor. Du\u0308nyay\u0131 a\u011f\u0131na alan bu viru\u0308s nedir ve \u201cnereden \u00e7\u0131kt\u0131\u201d? Salg\u0131n\u0131n Tu\u0308rkiye\u2019deki geli\u015fme seyri nas\u0131ld\u0131, hangi k\u0131r\u0131lma anlar\u0131 ya\u015fand\u0131? Salg\u0131n ko\u015fullar\u0131nda sa\u011fl\u0131k sistemi ve sosyal gu\u0308venlik kurumlar\u0131 ne yapt\u0131lar, ne yapamad\u0131lar? Bakanl\u0131k ve Bilim Kurulu, nas\u0131l bir i\u015flev g\u00f6rdu\u0308? Hekim meslek \u00f6rgu\u0308tleri salg\u0131n kar\u015f\u0131s\u0131nda nas\u0131l tutumlar ald\u0131lar; sa\u011fl\u0131k \u00e7al\u0131\u015fanlar\u0131 nas\u0131l etkilendiler? Maske, hijyen, mesafe gibi bireysel \u00f6nlemlerin, pandemiden \u00e7\u0131k\u0131\u015f stratejisi olarak a\u015f\u0131n\u0131n hu\u0308kmu\u0308 nedir? Salg\u0131n\u0131 bask\u0131lama u\u011fra\u015f\u0131, nas\u0131l, toplumu ve siyasal alan\u0131 bask\u0131lamaya bahane oldu?   Bu ve daha bir \u00e7ok soruyu etrafl\u0131 bir \u015fekilde ele alan Pandeminin Du\u0308\u015fu\u0308rdu\u0308\u011fu\u0308 Maskeler, \u0131srarla, \u201cpandeminin yu\u0308zu\u0308mu\u0308ze vurdu\u011fu e\u015fitsizliklere\u201d dikkat \u00e7ekiyor.   Osman Elbek ve Kay\u0131han Pala\u2019n\u0131n, Tu\u0308rk Tabipleri Birli\u011fi\u2019nin bilimsel birikim ve alan deneyimini yans\u0131tarak haz\u0131rlad\u0131klar\u0131 derlemede bu iki hekim-yazar\u0131n yan\u0131 s\u0131ra, \u00d6zlem Kurt Azap, Eri\u015f Bilalo\u011flu, Ergu\u0308n Demir ve Gu\u0308ray K\u0131l\u0131\u00e7, Yu\u0308cel Demirer, \u00dcmit Karto\u011flu, Feride Aksu Tan\u0131k ve Cavit I\u015f\u0131k Yavuz\u2019un katk\u0131lar\u0131 yer al\u0131yor.<\/p>\n","protected":false},"excerpt":{"rendered":"<p>\u201cHastal\u0131k, \u00f6lu\u0308m, maske, karantina, el y\u0131kama, dezenfektan, mesafe, eve kapat\u0131lma, su\u00e7lama, sonra yeniden su\u00e7lama, sonra her konuda hep su\u00e7lama ile ge\u00e7en ve kimi zaman nefessiz b\u0131rakan<span class=\"excerpt-hellip\"> [\u2026]<\/span><\/p>\n","protected":false},"featured_media":0,"template":"","meta":{"_monsterinsights_skip_tracking":false,"_monsterinsights_sitenote_active":false,"_monsterinsights_sitenote_note":"","_monsterinsights_sitenote_category":0},"product_brand":[],"product_cat":[31194,12337],"product_tag":[],"class_list":{"0":"post-774923","1":"product","2":"type-product","3":"status-publish","5":"product_cat-guncel-siyaset","6":"product_cat-politika-siyaset","7":"pa_cilt-ciltsiz","8":"pa_tur-kitap","9":"pa_yayinevi-iletisim-yayinlari","10":"pa_yazar-iletisim-kolektif","12":"first","13":"instock","14":"sale","15":"shipping-taxable","16":"purchasable","17":"product-type-simple"},"_links":{"self":[{"href":"https:\/\/roveyayinevi.com.tr\/index.php\/wp-json\/wp\/v2\/product\/774923","targetHints":{"allow":["GET"]}}],"collection":[{"href":"https:\/\/roveyayinevi.com.tr\/index.php\/wp-json\/wp\/v2\/product"}],"about":[{"href":"https:\/\/roveyayinevi.com.tr\/index.php\/wp-json\/wp\/v2\/types\/product"}],"wp:attachment":[{"href":"https:\/\/roveyayinevi.com.tr\/index.php\/wp-json\/wp\/v2\/media?parent=774923"}],"wp:term":[{"taxonomy":"product_brand","embeddable":true,"href":"https:\/\/roveyayinevi.com.tr\/index.php\/wp-json\/wp\/v2\/product_brand?post=774923"},{"taxonomy":"product_cat","embeddable":true,"href":"https:\/\/roveyayinevi.com.tr\/index.php\/wp-json\/wp\/v2\/product_cat?post=774923"},{"taxonomy":"product_tag","embeddable":true,"href":"https:\/\/roveyayinevi.com.tr\/index.php\/wp-json\/wp\/v2\/product_tag?post=774923"}],"curies":[{"name":"wp","href":"https:\/\/api.w.org\/{rel}","templated":true}]}}