{"id":774921,"date":"2025-09-09T13:26:12","date_gmt":"2025-09-09T10:26:12","guid":{"rendered":"https:\/\/roveyayinevi.com.tr\/index.php\/urun\/ses-farkindaligi-okuma-guclugune-yonelik-alistirmalar-1\/"},"modified":"2026-04-16T02:36:41","modified_gmt":"2026-04-15T23:36:41","slug":"ses-farkindaligi-okuma-guclugune-yonelik-alistirmalar-1","status":"publish","type":"product","link":"https:\/\/roveyayinevi.com.tr\/index.php\/urun\/ses-farkindaligi-okuma-guclugune-yonelik-alistirmalar-1\/","title":{"rendered":"Ses Fark\u0131ndal\u0131\u011f\u0131 &#8211; Okuma G\u00fc\u00e7l\u00fc\u011f\u00fcne Y\u00f6nelik Al\u0131\u015ft\u0131rmalar-1"},"content":{"rendered":"<p>Okumay\u0131 oyun h\u00e2line getirip e\u011flenceli k\u0131lman\u0131n yollar\u0131 bu kitapta! Dil ve konu\u015fma alan\u0131nda uzmanla\u015fm\u0131\u015f Treysi Terziyan ile Stefani Terziyan&#8217;\u0131n akademik ara\u015ft\u0131rmalar\u0131, ki\u015fisel deneyimleri ve pratik uygulamalar\u0131 ile ortaya \u00e7\u0131kan Ses Fark\u0131ndal\u0131\u011f\u0131; e\u011fitim, dilbilimi, dil bozukluklar\u0131, geli\u015fimsel psikoloji gibi farkl\u0131 disiplinleri harmanlayan, kapsaml\u0131 bir rehber. Okuma g\u00fc\u00e7l\u00fc\u011f\u00fc \u00e7eken (disleksik), okumaya yeni ba\u015flayan ve okuma becerisini geli\u015ftirmek isteyen \u00e7ocuklara yol g\u00f6stermek amac\u0131yla yay\u0131ma haz\u0131rlanan kitap, ses ve sembol ayr\u0131mlar\u0131nda fark\u0131ndal\u0131k kazand\u0131ran g\u00f6rsel, i\u015fitsel ve yaz\u0131nsal al\u0131\u015ft\u0131rmalardan olu\u015fuyor.Kitap, disleksi tan\u0131s\u0131n\u0131n nas\u0131l konuldu\u011fundan fonolojik fark\u0131ndal\u0131k yetilerinin art\u0131r\u0131lmas\u0131na uzanan zengin i\u00e7eri\u011fiyle, bu alandaki kaynak eksikli\u011fini gideriyor. Sundu\u011fu al\u0131\u015ft\u0131rma se\u00e7kisi; &#8221;Heceleme&#8221;, &#8221;\u0130lk ve Son Ses&#8221; ve &#8221;Zor Ses&#8221; olmak \u00fczere kolaydan zora do\u011fru \u00fc\u00e7 seviyede s\u0131ralan\u0131yor.Ses Fark\u0131ndal\u0131\u011f\u0131 ile okuma g\u00fc\u00e7l\u00fc\u011f\u00fcne dair zihinlerde beliren pek \u00e7ok soru a\u00e7\u0131kl\u0131\u011fa kavu\u015fuyor, toplum taraf\u0131ndan do\u011fru bilinen yanl\u0131\u015flara dikkat \u00e7ekilerek, okuma eylemi t\u00fcm boyutlar\u0131yla ele al\u0131n\u0131yor. Ses Fark\u0131ndal\u0131\u011f\u0131 kitab\u0131, 5 soruda mercek alt\u0131nda: Kimler i\u00e7in haz\u0131rland\u0131?Ba\u015fta okuma g\u00fc\u00e7l\u00fc\u011f\u00fc \u00e7eken ve okuma becerisini geli\u015ftirmek isteyen \u00e7ocuklar olmak \u00fczere, okumaya yeni ba\u015flayan anaokulu ve ilkokul 1. s\u0131n\u0131f \u00f6\u011frencileri i\u00e7in tasarlanm\u0131\u015f olup, ebeveynler, \u00f6\u011fretmenler, dil ve konu\u015fma terapistleri rehberli\u011finde uygulanmas\u0131 \u00f6ng\u00f6r\u00fclerek haz\u0131rlanm\u0131\u015ft\u0131r. Hedefi nedir?Okudu\u011fumuz dil ile konu\u015ftu\u011fumuz dil aras\u0131ndaki ba\u011flant\u0131n\u0131n anla\u015f\u0131lmas\u0131, ses fark\u0131ndal\u0131\u011f\u0131n\u0131n geli\u015ftirilmesi, okuma eyleminde bulunan \u00e7ocuklar\u0131n y\u00fcreklendirilmesi ve okuduklar\u0131ndan keyif almalar\u0131n\u0131n sa\u011flanmas\u0131 \u00f6ncelikli hedefleri aras\u0131ndad\u0131r. Nas\u0131l bir i\u00e7erik sunuyor?Harfler ve sesler aras\u0131ndaki ili\u015fkiyi temel alan oyunlar, e\u011flenceli etkinlikler, hece al\u0131\u015ft\u0131rmalar\u0131 ve okuma par\u00e7alar\u0131ndan olu\u015fan, destekleyici ve peki\u015ftirici bir i\u00e7erik sunuyor. Ek olarak, okuma g\u00fc\u00e7l\u00fc\u011f\u00fc tan\u0131 s\u00fcreci hakk\u0131nda detayl\u0131 bilgi payla\u015f\u0131m\u0131nda bulunuyor. Farkl\u0131 k\u0131lan \u00f6zellikleri neler?Kolay anla\u015f\u0131l\u0131r tan\u0131m ve a\u00e7\u0131klamalar, daha \u00f6nce \u00e7ocuklarla birlikte uygulan\u0131p etkinli\u011fi kan\u0131tlanm\u0131\u015f al\u0131\u015ft\u0131rmalar, &#8221;Sen de Oku&#8221; koleksiyonunda yer alan eserler ile pratik yapma olana\u011f\u0131, \u00f6zg\u00fcn resimler ve kitab\u0131n kullan\u0131m\u0131na dair ipu\u00e7lar\u0131yla fark yarat\u0131yor. Kitap bu \u00f6zellikleriyle, sadece okuma g\u00fc\u00e7l\u00fc\u011f\u00fc \u00e7ekenler i\u00e7in de\u011fil, okuma ser\u00fcvenine yeni ba\u015flayan \u00e7ocuklara da seslenmeyi ba\u015far\u0131yor.  Kim haz\u0131rlad\u0131?E\u011fitim hayat\u0131n\u0131 \u00e7ocuklar\u0131n dil geli\u015fimini anlamaya ve desteklemeye adam\u0131\u015f, yurti\u00e7i ve yurtd\u0131\u015f\u0131nda dil ve konu\u015fma alan\u0131nda uzmanla\u015fm\u0131\u015f Treysi Terziyan ile ilkokulda kendisine disleksi tan\u0131s\u0131 konan, pek \u00e7ok filmde imzas\u0131 bulunan y\u00f6netmen Stefani Terziyan taraf\u0131ndan uzun ve titiz \u00e7al\u0131\u015fmalar sonucunda yay\u0131ma haz\u0131rlanm\u0131\u015ft\u0131r.<\/p>\n","protected":false},"excerpt":{"rendered":"<p>Okumay\u0131 oyun h\u00e2line getirip e\u011flenceli k\u0131lman\u0131n yollar\u0131 bu kitapta! Dil ve konu\u015fma alan\u0131nda uzmanla\u015fm\u0131\u015f Treysi Terziyan ile Stefani Terziyan&#8217;\u0131n akademik ara\u015ft\u0131rmalar\u0131, ki\u015fisel deneyimleri ve pratik uygulamalar\u0131<span class=\"excerpt-hellip\"> [\u2026]<\/span><\/p>\n","protected":false},"featured_media":0,"template":"","meta":{"_monsterinsights_skip_tracking":false,"_monsterinsights_sitenote_active":false,"_monsterinsights_sitenote_note":"","_monsterinsights_sitenote_category":0},"product_brand":[],"product_cat":[12913,12274],"product_tag":[],"class_list":{"0":"post-774921","1":"product","2":"type-product","3":"status-publish","5":"product_cat-3-6-yas-kitaplari","6":"product_cat-cocuk-ve-genclik-kitaplari","7":"pa_cilt-ciltsiz","8":"pa_tur-kitap","9":"pa_yayinevi-tudem-yayinlari","10":"pa_yazar-treysi-terziyan-stefani-terziyan","12":"first","13":"instock","14":"sale","15":"shipping-taxable","16":"purchasable","17":"product-type-simple"},"_links":{"self":[{"href":"https:\/\/roveyayinevi.com.tr\/index.php\/wp-json\/wp\/v2\/product\/774921","targetHints":{"allow":["GET"]}}],"collection":[{"href":"https:\/\/roveyayinevi.com.tr\/index.php\/wp-json\/wp\/v2\/product"}],"about":[{"href":"https:\/\/roveyayinevi.com.tr\/index.php\/wp-json\/wp\/v2\/types\/product"}],"wp:attachment":[{"href":"https:\/\/roveyayinevi.com.tr\/index.php\/wp-json\/wp\/v2\/media?parent=774921"}],"wp:term":[{"taxonomy":"product_brand","embeddable":true,"href":"https:\/\/roveyayinevi.com.tr\/index.php\/wp-json\/wp\/v2\/product_brand?post=774921"},{"taxonomy":"product_cat","embeddable":true,"href":"https:\/\/roveyayinevi.com.tr\/index.php\/wp-json\/wp\/v2\/product_cat?post=774921"},{"taxonomy":"product_tag","embeddable":true,"href":"https:\/\/roveyayinevi.com.tr\/index.php\/wp-json\/wp\/v2\/product_tag?post=774921"}],"curies":[{"name":"wp","href":"https:\/\/api.w.org\/{rel}","templated":true}]}}