{"id":774920,"date":"2025-09-09T13:25:47","date_gmt":"2025-09-09T10:25:47","guid":{"rendered":"https:\/\/roveyayinevi.com.tr\/index.php\/urun\/sen-de-oku-kucuk-hekim\/"},"modified":"2026-04-16T02:36:40","modified_gmt":"2026-04-15T23:36:40","slug":"sen-de-oku-kucuk-hekim","status":"publish","type":"product","link":"https:\/\/roveyayinevi.com.tr\/index.php\/urun\/sen-de-oku-kucuk-hekim\/","title":{"rendered":"Sen de Oku &#8211; K\u00fc\u00e7\u00fck Hekim"},"content":{"rendered":"<p>G\u00fcnde bir doz \u201cMutluluk Tedavisi\u201d her derde deva! Kitaplar\u0131 25 milyondan fazla satan ve 40 dile \u00e7evrilen \u0130rlandal\u0131 yazar Eoin Colfer&#8217;\u0131n yaz\u0131p \u00fcnl\u00fc \u00e7izer Matt Robertson&#8217;\u0131n resimledi\u011fi K\u00fc\u00e7\u00fck Hekim, Tudem&#8217;in, okumaya isteksiz ve okuma g\u00fc\u00e7l\u00fc\u011f\u00fc \u00e7eken \u00e7ocuklar i\u00e7in \u00f6zel olarak haz\u0131rlad\u0131\u011f\u0131 \u201cSEN de OKU\u201d koleksiyonundaki yerini al\u0131yor! \u00c7e\u015fit \u00e7e\u015fit doktor var \u015fu hayatta. Kimisi yaralar\u0131 ve a\u011fr\u0131lar\u0131 iyile\u015ftirir, kimisi ufac\u0131k kameralarla v\u00fccudun organlar\u0131n\u0131 inceleyebilir. Tabii bir de beyin doktorlar\u0131 var. Ayla Liza, t\u0131pk\u0131 annesi gibi bir doktor olmak istiyor. Ama s\u0131radan bir doktor de\u011fil ki annesi! Bir psikiyatrist! \u0130nsanlar\u0131 \u201cyeniden\u201d mutlu etmek d\u00fcnyan\u0131n en g\u00fczel i\u015fi. \u0130\u015fte tam da bu y\u00fczden psikiyatrist olmak istiyor k\u00fc\u00e7\u00fck Ayla Liza. Bu yolda, ileride uzun bir e\u011fitim s\u00fcrecinden ge\u00e7mesi gerekse de, o \u015fimdiden, \u0131s\u0131nma \u00e7al\u0131\u015fmalar\u0131na ufak ufak ba\u015fl\u0131yor: Hemen her g\u00fcn, annesinin muayenehanesinin bekleme salonunda, kendi y\u00f6ntemleriyle geli\u015ftirdi\u011fi \u00e7ok \u00f6zel \u201cMutluluk Tedavisi\u201dni uygulamak i\u00e7in i\u015f ba\u015f\u0131na ge\u00e7iyor. \u015eansl\u0131 ki hastalar\u0131 onun aya\u011f\u0131na geliyor. Yoksa ne mi olurdu? Kim bilir, belki de bir sabah ans\u0131z\u0131n kendisi giderdi hastalar\u0131n\u0131n yan\u0131 ba\u015f\u0131na. \u00dcstelik bir \u00e7ift patenle birlikte!   \u0130rlanda h\u00fck\u00fcmeti taraf\u0131ndan \u00e7ocuk edebiyat\u0131 alan\u0131nda liyakat madalyas\u0131na de\u011fer g\u00f6r\u00fclen Eoin Colfer&#8217;\u0131n kaleme ald\u0131\u011f\u0131 K\u00fc\u00e7\u00fck Hekim, insanlar\u0131 anlamaya \u00e7al\u0131\u015farak dinlemenin \u00f6nemine de\u011finen; i\u00e7ten, komik ve \u00e7\u0131lg\u0131n bir iyile\u015fme (pardon, ilerleme!) hik\u00e2yesi.   Aile bireylerinin duygudurumlar\u0131n\u0131 ba\u015far\u0131yla dile getiren bu sevimli kitap; \u00f6zellikle \u00e7ocuklar\u0131n aile i\u00e7indeki duygusal atmosferden nas\u0131l etkilendi\u011fine ve bu atmosferi iyile\u015ftirebilmek i\u00e7in neler yap\u0131lmas\u0131 gerekti\u011fine e\u011filiyor. Psikoloji ile ilgili k\u00fc\u00e7\u00fck ama temel bir giri\u015f kitab\u0131 olarak da tan\u0131mlanabilecek eser, psikiyatristlerin ger\u00e7ek hayatta \u201cne i\u015f yapt\u0131\u011f\u0131na\u201d dair anla\u015f\u0131l\u0131r ve iyi niyetli bir kaynak. \u201cBabam\u0131n mutlulu\u011funun bir dakikas\u0131n\u0131 bile ka\u00e7\u0131rmak istemiyorum.\u201d  \u00c7\u00fcnk\u00fc hayat\u0131n her \u00e2n\u0131 ya\u015famaya de\u011fer&#8230;<\/p>\n","protected":false},"excerpt":{"rendered":"<p>G\u00fcnde bir doz \u201cMutluluk Tedavisi\u201d her derde deva! Kitaplar\u0131 25 milyondan fazla satan ve 40 dile \u00e7evrilen \u0130rlandal\u0131 yazar Eoin Colfer&#8217;\u0131n yaz\u0131p \u00fcnl\u00fc \u00e7izer Matt Robertson&#8217;\u0131n<span class=\"excerpt-hellip\"> [\u2026]<\/span><\/p>\n","protected":false},"featured_media":0,"template":"","meta":{"_monsterinsights_skip_tracking":false,"_monsterinsights_sitenote_active":false,"_monsterinsights_sitenote_note":"","_monsterinsights_sitenote_category":0},"product_brand":[],"product_cat":[12275,12274],"product_tag":[],"class_list":{"0":"post-774920","1":"product","2":"type-product","3":"status-publish","5":"product_cat-6-12-yas-kitaplari","6":"product_cat-cocuk-ve-genclik-kitaplari","7":"pa_cilt-ciltsiz","8":"pa_tur-kitap","9":"pa_yayinevi-tudem-yayinlari","10":"pa_yazar-eoin-colfer","12":"first","13":"instock","14":"sale","15":"shipping-taxable","16":"purchasable","17":"product-type-simple"},"_links":{"self":[{"href":"https:\/\/roveyayinevi.com.tr\/index.php\/wp-json\/wp\/v2\/product\/774920","targetHints":{"allow":["GET"]}}],"collection":[{"href":"https:\/\/roveyayinevi.com.tr\/index.php\/wp-json\/wp\/v2\/product"}],"about":[{"href":"https:\/\/roveyayinevi.com.tr\/index.php\/wp-json\/wp\/v2\/types\/product"}],"wp:attachment":[{"href":"https:\/\/roveyayinevi.com.tr\/index.php\/wp-json\/wp\/v2\/media?parent=774920"}],"wp:term":[{"taxonomy":"product_brand","embeddable":true,"href":"https:\/\/roveyayinevi.com.tr\/index.php\/wp-json\/wp\/v2\/product_brand?post=774920"},{"taxonomy":"product_cat","embeddable":true,"href":"https:\/\/roveyayinevi.com.tr\/index.php\/wp-json\/wp\/v2\/product_cat?post=774920"},{"taxonomy":"product_tag","embeddable":true,"href":"https:\/\/roveyayinevi.com.tr\/index.php\/wp-json\/wp\/v2\/product_tag?post=774920"}],"curies":[{"name":"wp","href":"https:\/\/api.w.org\/{rel}","templated":true}]}}