{"id":774919,"date":"2025-09-09T13:25:13","date_gmt":"2025-09-09T10:25:13","guid":{"rendered":"https:\/\/roveyayinevi.com.tr\/index.php\/urun\/turk-mitolojisi-4\/"},"modified":"2025-11-13T06:30:43","modified_gmt":"2025-11-13T03:30:43","slug":"turk-mitolojisi-4","status":"publish","type":"product","link":"https:\/\/roveyayinevi.com.tr\/index.php\/urun\/turk-mitolojisi-4\/","title":{"rendered":"T\u00fcrk Mitolojisi"},"content":{"rendered":"<p>Do\u011fayla ba\u011flar\u0131, \u015famanik rit\u00fcelleri, tanr\u0131 ve tanr\u0131\u00e7alar\u0131yla g\u00f6rkemli bir medeniyet. T\u00fcrk Mitolojisi ilk \u00e7a\u011flardan g\u00fcn\u00fcm\u00fcze izini s\u00fcrebildi\u011fimiz mitlere ve destanlara odaklan\u0131yor. Zamanla kaybolan ya da \u0130slamiyet sonras\u0131 \u015fekil de\u011fi\u015ftiren mitolojik \u00f6\u011feleri merak eden herkesin evinde mutlaka bulunmas\u0131 gereken bu kitap, sadece mitlere de\u011fil T\u00fcrk k\u00fclt\u00fcr ve sosyal ya\u015fant\u0131s\u0131n\u0131n da d\u00fcn\u00fcne \u0131\u015f\u0131k tutuyor. Merve K\u00f6ken, zengin T\u00fcrk mitlojisinden unsurlar, i\u00e7inde mitik \u00f6geler bulunduran destanlar, toplumsal izler ta\u015f\u0131yan rit\u00fcel ve s\u00f6ylenceler e\u015fli\u011finde okurlara zengin bir kaynak kitap sunuyor. <\/p>\n","protected":false},"excerpt":{"rendered":"<p>Do\u011fayla ba\u011flar\u0131, \u015famanik rit\u00fcelleri, tanr\u0131 ve tanr\u0131\u00e7alar\u0131yla g\u00f6rkemli bir medeniyet. T\u00fcrk Mitolojisi ilk \u00e7a\u011flardan g\u00fcn\u00fcm\u00fcze izini s\u00fcrebildi\u011fimiz mitlere ve destanlara odaklan\u0131yor. Zamanla kaybolan ya da \u0130slamiyet<span class=\"excerpt-hellip\"> [\u2026]<\/span><\/p>\n","protected":false},"featured_media":0,"template":"","meta":{"_monsterinsights_skip_tracking":false,"_monsterinsights_sitenote_active":false,"_monsterinsights_sitenote_note":"","_monsterinsights_sitenote_category":0},"product_brand":[],"product_cat":[12718,12858],"product_tag":[],"class_list":{"0":"post-774919","1":"product","2":"type-product","3":"status-publish","5":"product_cat-din","6":"product_cat-mitolojiler","7":"pa_cilt-ciltsiz","8":"pa_tur-kitap","9":"pa_yayinevi-kara-karga-yayinlari","10":"pa_yazar-merve-koken","12":"first","13":"instock","14":"sale","15":"shipping-taxable","16":"purchasable","17":"product-type-simple"},"_links":{"self":[{"href":"https:\/\/roveyayinevi.com.tr\/index.php\/wp-json\/wp\/v2\/product\/774919","targetHints":{"allow":["GET"]}}],"collection":[{"href":"https:\/\/roveyayinevi.com.tr\/index.php\/wp-json\/wp\/v2\/product"}],"about":[{"href":"https:\/\/roveyayinevi.com.tr\/index.php\/wp-json\/wp\/v2\/types\/product"}],"wp:attachment":[{"href":"https:\/\/roveyayinevi.com.tr\/index.php\/wp-json\/wp\/v2\/media?parent=774919"}],"wp:term":[{"taxonomy":"product_brand","embeddable":true,"href":"https:\/\/roveyayinevi.com.tr\/index.php\/wp-json\/wp\/v2\/product_brand?post=774919"},{"taxonomy":"product_cat","embeddable":true,"href":"https:\/\/roveyayinevi.com.tr\/index.php\/wp-json\/wp\/v2\/product_cat?post=774919"},{"taxonomy":"product_tag","embeddable":true,"href":"https:\/\/roveyayinevi.com.tr\/index.php\/wp-json\/wp\/v2\/product_tag?post=774919"}],"curies":[{"name":"wp","href":"https:\/\/api.w.org\/{rel}","templated":true}]}}