{"id":774918,"date":"2025-09-09T13:25:04","date_gmt":"2025-09-09T10:25:04","guid":{"rendered":"https:\/\/roveyayinevi.com.tr\/index.php\/urun\/madam-bovary-klasik-kadinlar\/"},"modified":"2026-04-16T02:36:37","modified_gmt":"2026-04-15T23:36:37","slug":"madam-bovary-klasik-kadinlar","status":"publish","type":"product","link":"https:\/\/roveyayinevi.com.tr\/index.php\/urun\/madam-bovary-klasik-kadinlar\/","title":{"rendered":"Madam Bovary &#8211; Klasik Kad\u0131nlar"},"content":{"rendered":"<p>\u00dcnl\u00fc \u0130ngiliz romanc\u0131 ve ele\u015ftirmen Arnold Bennett, klasik edebiyat tan\u0131m\u0131n\u0131 yaparken, \u201cHerkesin okudu\u011fu san\u0131lan ve herkesin okudu\u011funu sand\u0131\u011f\u0131 kitap,\u201d demi\u015fti. Italo Calvino\u2019ya g\u00f6re ise klasik, \u201cilk okundu\u011funda verdi\u011fi ke\u015fif duygusunu her okunu\u015funda yeniden veren kitap\u201dt\u0131r. Frans\u0131z edebiyat\u0131nda \u201cger\u00e7ek\u00e7ili\u011fin babas\u0131\u201d olarak kabul edilen Gustave Flaubert\u2019in Madam Bovary\u2019si, bu iki ustan\u0131n klasik tan\u0131mlar\u0131na en uygun d\u00fc\u015fen eserlerden biridir.19. y\u00fczy\u0131l ta\u015fra burjuvazisinin ya\u015fam\u0131n\u0131 ger\u00e7ek\u00e7i bir bak\u0131\u015f a\u00e7\u0131s\u0131yla sergileyen, ilk yay\u0131mland\u0131\u011f\u0131nda ahlakd\u0131\u015f\u0131l\u0131k su\u00e7lamas\u0131yla dava konusu olan Madam Bovary, hem edebiyatta yeni bir \u00e7a\u011f a\u00e7m\u0131\u015f hem de eskidik\u00e7e yenile\u015fen, ya\u015fland\u0131k\u00e7a gen\u00e7le\u015fen pek az romandan biri olarak g\u00fcn\u00fcm\u00fcze ula\u015fm\u0131\u015ft\u0131r.<\/p>\n","protected":false},"excerpt":{"rendered":"<p>\u00dcnl\u00fc \u0130ngiliz romanc\u0131 ve ele\u015ftirmen Arnold Bennett, klasik edebiyat tan\u0131m\u0131n\u0131 yaparken, \u201cHerkesin okudu\u011fu san\u0131lan ve herkesin okudu\u011funu sand\u0131\u011f\u0131 kitap,\u201d demi\u015fti. Italo Calvino\u2019ya g\u00f6re ise klasik, \u201cilk<span class=\"excerpt-hellip\"> [\u2026]<\/span><\/p>\n","protected":false},"featured_media":0,"template":"","meta":{"_monsterinsights_skip_tracking":false,"_monsterinsights_sitenote_active":false,"_monsterinsights_sitenote_note":"","_monsterinsights_sitenote_category":0},"product_brand":[],"product_cat":[12291,12711],"product_tag":[],"class_list":{"0":"post-774918","1":"product","2":"type-product","3":"status-publish","5":"product_cat-edebiyat","6":"product_cat-roman-oyku","7":"pa_cilt-ciltsiz","8":"pa_tur-kitap","9":"pa_yayinevi-can-yayinlari","10":"pa_yazar-gustave-flaubert","12":"first","13":"instock","14":"sale","15":"shipping-taxable","16":"purchasable","17":"product-type-simple"},"_links":{"self":[{"href":"https:\/\/roveyayinevi.com.tr\/index.php\/wp-json\/wp\/v2\/product\/774918","targetHints":{"allow":["GET"]}}],"collection":[{"href":"https:\/\/roveyayinevi.com.tr\/index.php\/wp-json\/wp\/v2\/product"}],"about":[{"href":"https:\/\/roveyayinevi.com.tr\/index.php\/wp-json\/wp\/v2\/types\/product"}],"wp:attachment":[{"href":"https:\/\/roveyayinevi.com.tr\/index.php\/wp-json\/wp\/v2\/media?parent=774918"}],"wp:term":[{"taxonomy":"product_brand","embeddable":true,"href":"https:\/\/roveyayinevi.com.tr\/index.php\/wp-json\/wp\/v2\/product_brand?post=774918"},{"taxonomy":"product_cat","embeddable":true,"href":"https:\/\/roveyayinevi.com.tr\/index.php\/wp-json\/wp\/v2\/product_cat?post=774918"},{"taxonomy":"product_tag","embeddable":true,"href":"https:\/\/roveyayinevi.com.tr\/index.php\/wp-json\/wp\/v2\/product_tag?post=774918"}],"curies":[{"name":"wp","href":"https:\/\/api.w.org\/{rel}","templated":true}]}}