{"id":774916,"date":"2025-09-09T13:20:18","date_gmt":"2025-09-09T10:20:18","guid":{"rendered":"https:\/\/roveyayinevi.com.tr\/index.php\/urun\/namaz-terapisi\/"},"modified":"2026-04-16T02:35:51","modified_gmt":"2026-04-15T23:35:51","slug":"namaz-terapisi","status":"publish","type":"product","link":"https:\/\/roveyayinevi.com.tr\/index.php\/urun\/namaz-terapisi\/","title":{"rendered":"Namaz Terapisi"},"content":{"rendered":"<p>Namaz\u0131n Karakter Geli\u015fimi \u00dczerindeki Olumlu Etkileri   Kalp Allah\u2019a hu\u015f\u00fb ile y\u00f6nelir, dil Allah\u2019\u0131 anar, ak\u0131l t\u00fcm d\u00fcnyevili\u011finden ar\u0131n\u0131r, beden ile en \u00fcst d\u00fczeyde sayg\u0131 g\u00f6sterilir. \u0130\u015fte namaz, b\u00f6yledir. Namaz, d\u00fcnya ve ahiretle ilgili b\u00fct\u00fcn ba\u011flardan soyutlanma ve hakikatlerin tek bir ger\u00e7ekte birle\u015fmesidir. Bu ba\u011flar, Allah d\u0131\u015f\u0131ndaki her \u015feyi kapsar. Hakikatler ise, Allah i\u00e7in olan ve Allah\u2019tan gelen her \u015feyi i\u00e7ine al\u0131r. Bu hakikati hakk\u0131yla ya\u015fayan insan\u0131n karakteri g\u00fczelle\u015fir ve insan, mutlu olur.   Bu kitapta namaz\u0131n; birlik ve dayan\u0131\u015fma bilincine sahip olma, c\u00f6mertlik, fedak\u00e2rl\u0131k, tevazu, sab\u0131rl\u0131l\u0131k, iyi olma, k\u00f6t\u00fcl\u00fckten uzak durma, edeplilik, vicdanl\u0131l\u0131k, zaman ve \u00e7al\u0131\u015fma disiplinine sahip olma, di\u011ferk\u00e2ml\u0131k, umudunu kaybetmeme, ko\u015fulsuz yard\u0131mseverlik, al\u00e7akg\u00f6n\u00fcll\u00fcl\u00fck, d\u00fcr\u00fcstl\u00fck, verilen s\u00f6ze riayet etme, kibirden uzak durma ve vefa gibi insan karakterinin temel yap\u0131ta\u015flar\u0131n\u0131 nas\u0131l g\u00fc\u00e7lendirdi\u011fini \u00f6\u011freneceksiniz. <\/p>\n","protected":false},"excerpt":{"rendered":"<p>Namaz\u0131n Karakter Geli\u015fimi \u00dczerindeki Olumlu Etkileri Kalp Allah\u2019a hu\u015f\u00fb ile y\u00f6nelir, dil Allah\u2019\u0131 anar, ak\u0131l t\u00fcm d\u00fcnyevili\u011finden ar\u0131n\u0131r, beden ile en \u00fcst d\u00fczeyde sayg\u0131 g\u00f6sterilir. \u0130\u015fte<span class=\"excerpt-hellip\"> [\u2026]<\/span><\/p>\n","protected":false},"featured_media":0,"template":"","meta":{"_monsterinsights_skip_tracking":false,"_monsterinsights_sitenote_active":false,"_monsterinsights_sitenote_note":"","_monsterinsights_sitenote_category":0},"product_brand":[],"product_cat":[12718,12719,15238],"product_tag":[],"class_list":{"0":"post-774916","1":"product","2":"type-product","3":"status-publish","5":"product_cat-din","6":"product_cat-islam","7":"product_cat-tasavvuf","8":"pa_cilt-ciltsiz","9":"pa_tur-kitap","10":"pa_yayinevi-hayykitap","11":"pa_yazar-esma-sayin","13":"first","14":"instock","15":"sale","16":"shipping-taxable","17":"purchasable","18":"product-type-simple"},"_links":{"self":[{"href":"https:\/\/roveyayinevi.com.tr\/index.php\/wp-json\/wp\/v2\/product\/774916","targetHints":{"allow":["GET"]}}],"collection":[{"href":"https:\/\/roveyayinevi.com.tr\/index.php\/wp-json\/wp\/v2\/product"}],"about":[{"href":"https:\/\/roveyayinevi.com.tr\/index.php\/wp-json\/wp\/v2\/types\/product"}],"wp:attachment":[{"href":"https:\/\/roveyayinevi.com.tr\/index.php\/wp-json\/wp\/v2\/media?parent=774916"}],"wp:term":[{"taxonomy":"product_brand","embeddable":true,"href":"https:\/\/roveyayinevi.com.tr\/index.php\/wp-json\/wp\/v2\/product_brand?post=774916"},{"taxonomy":"product_cat","embeddable":true,"href":"https:\/\/roveyayinevi.com.tr\/index.php\/wp-json\/wp\/v2\/product_cat?post=774916"},{"taxonomy":"product_tag","embeddable":true,"href":"https:\/\/roveyayinevi.com.tr\/index.php\/wp-json\/wp\/v2\/product_tag?post=774916"}],"curies":[{"name":"wp","href":"https:\/\/api.w.org\/{rel}","templated":true}]}}