{"id":774915,"date":"2025-09-09T13:18:16","date_gmt":"2025-09-09T10:18:16","guid":{"rendered":"https:\/\/roveyayinevi.com.tr\/index.php\/urun\/elma-agacinin-arkadaslari-hayal-kutuphanesi-2\/"},"modified":"2026-04-06T02:48:59","modified_gmt":"2026-04-05T23:48:59","slug":"elma-agacinin-arkadaslari-hayal-kutuphanesi-2","status":"publish","type":"product","link":"https:\/\/roveyayinevi.com.tr\/index.php\/urun\/elma-agacinin-arkadaslari-hayal-kutuphanesi-2\/","title":{"rendered":"Elma A\u011fac\u0131n\u0131n Arkada\u015flar\u0131 &#8211; Hayal K\u00fct\u00fcphanesi 2"},"content":{"rendered":"<p>Bir ak\u015fam Tun\u00e7 ve ailesi her zamanki gibi ak\u015fam yeme\u011fi i\u00e7in sofraya otururlar. O ak\u015fam babalar\u0131 \u00e7ok ilgin\u00e7 bir fikirle gelir: Neden bah\u00e7elerine meyve a\u011fa\u00e7lar\u0131 dikmiyorlard\u0131r? Bu fikir Tun\u00e7 ve a\u011fabeyi Yusuf\u2019un \u00e7ok ho\u015funa gider. Fakat \u00f6nce bilmeleri gereken \u015feyler vard\u0131r, a\u011fa\u00e7 nas\u0131l dikilir, can suyu nedir\u2026 Tun\u00e7 ve a\u011fabeyi Yusuf, bu i\u015fin alt\u0131ndan kalkabilecekler midir?Hayal K\u00fct\u00fcphanesi, i\u00e7indeki birbirinden farkl\u0131 5 \u00f6yk\u00fcde, seni hayallerin \u00f6tesine g\u00f6t\u00fcrecek. Minik ku\u015f yavrular\u0131, kar\u0131ncalar ve pek \u00e7ok kahraman, maceralar\u0131yla seni \u00f6yk\u00fclerin i\u00e7ine \u00e7ekecek!<\/p>\n","protected":false},"excerpt":{"rendered":"<p>Bir ak\u015fam Tun\u00e7 ve ailesi her zamanki gibi ak\u015fam yeme\u011fi i\u00e7in sofraya otururlar. O ak\u015fam babalar\u0131 \u00e7ok ilgin\u00e7 bir fikirle gelir: Neden bah\u00e7elerine meyve a\u011fa\u00e7lar\u0131 dikmiyorlard\u0131r?<span class=\"excerpt-hellip\"> [\u2026]<\/span><\/p>\n","protected":false},"featured_media":0,"template":"","meta":{"_monsterinsights_skip_tracking":false,"_monsterinsights_sitenote_active":false,"_monsterinsights_sitenote_note":"","_monsterinsights_sitenote_category":0},"product_brand":[],"product_cat":[12274,12284],"product_tag":[],"class_list":{"0":"post-774915","1":"product","2":"type-product","3":"status-publish","5":"product_cat-cocuk-ve-genclik-kitaplari","6":"product_cat-hikayeler","7":"pa_cilt-ciltsiz","8":"pa_tur-kitap","9":"pa_yayinevi-timas-cocuk","10":"pa_yazar-havva-tekin","12":"first","13":"instock","14":"sale","15":"shipping-taxable","16":"purchasable","17":"product-type-simple"},"_links":{"self":[{"href":"https:\/\/roveyayinevi.com.tr\/index.php\/wp-json\/wp\/v2\/product\/774915","targetHints":{"allow":["GET"]}}],"collection":[{"href":"https:\/\/roveyayinevi.com.tr\/index.php\/wp-json\/wp\/v2\/product"}],"about":[{"href":"https:\/\/roveyayinevi.com.tr\/index.php\/wp-json\/wp\/v2\/types\/product"}],"wp:attachment":[{"href":"https:\/\/roveyayinevi.com.tr\/index.php\/wp-json\/wp\/v2\/media?parent=774915"}],"wp:term":[{"taxonomy":"product_brand","embeddable":true,"href":"https:\/\/roveyayinevi.com.tr\/index.php\/wp-json\/wp\/v2\/product_brand?post=774915"},{"taxonomy":"product_cat","embeddable":true,"href":"https:\/\/roveyayinevi.com.tr\/index.php\/wp-json\/wp\/v2\/product_cat?post=774915"},{"taxonomy":"product_tag","embeddable":true,"href":"https:\/\/roveyayinevi.com.tr\/index.php\/wp-json\/wp\/v2\/product_tag?post=774915"}],"curies":[{"name":"wp","href":"https:\/\/api.w.org\/{rel}","templated":true}]}}