{"id":774914,"date":"2025-09-09T13:17:53","date_gmt":"2025-09-09T10:17:53","guid":{"rendered":"https:\/\/roveyayinevi.com.tr\/index.php\/urun\/cnc-torna-ve-freze-tegahlarinin-programlanmasi\/"},"modified":"2026-04-16T02:35:23","modified_gmt":"2026-04-15T23:35:23","slug":"cnc-torna-ve-freze-tegahlarinin-programlanmasi","status":"publish","type":"product","link":"https:\/\/roveyayinevi.com.tr\/index.php\/urun\/cnc-torna-ve-freze-tegahlarinin-programlanmasi\/","title":{"rendered":"Cnc Torna ve Freze Tegahlar\u0131n\u0131n Programlanmas\u0131"},"content":{"rendered":"<p>1. Cnc Ve Cad\/Cam Sistemleri 2. Cnc Tak\u0131m Tezg\u00e2hlar\u0131n\u0131n Yap\u0131s\u0131 3. Cnc Sisteminin Kullan\u0131m Alanlar\u0131 4. Cnc Tezg\u00e2hlarda Kullan\u0131lan Kesiciler 5. Kontrol Panelleri 6. Cnc Tezg\u00e2hlar\u0131n\u0131n Bak\u0131m\u0131 7. Cnc Tezg\u00e2hlarda Eksenler 8. Cnc Torna Tezg\u00e2hlar\u0131n\u0131n Programlanmas\u0131 9. Cnc Freze Tezg\u00e2hlar\u0131n\u0131n Programlanmas\u0131 10. Uygulamalar <\/p>\n","protected":false},"excerpt":{"rendered":"<p>1. Cnc Ve Cad\/Cam Sistemleri 2. Cnc Tak\u0131m Tezg\u00e2hlar\u0131n\u0131n Yap\u0131s\u0131 3. Cnc Sisteminin Kullan\u0131m Alanlar\u0131 4. Cnc Tezg\u00e2hlarda Kullan\u0131lan Kesiciler 5. Kontrol Panelleri 6. Cnc Tezg\u00e2hlar\u0131n\u0131n<span class=\"excerpt-hellip\"> [\u2026]<\/span><\/p>\n","protected":false},"featured_media":0,"template":"","meta":{"_monsterinsights_skip_tracking":false,"_monsterinsights_sitenote_active":false,"_monsterinsights_sitenote_note":"","_monsterinsights_sitenote_category":0},"product_brand":[],"product_cat":[13005,37328],"product_tag":[],"class_list":{"0":"post-774914","1":"product","2":"type-product","3":"status-publish","5":"product_cat-bilim-muhendislik","6":"product_cat-diger-bilim-muhendislik","7":"pa_cilt-ciltsiz","8":"pa_tur-kitap","9":"pa_yayinevi-gazi-kitabevi","10":"pa_yazar-gazi-kitabevi-kolektif","12":"first","13":"instock","14":"sale","15":"shipping-taxable","16":"purchasable","17":"product-type-simple"},"_links":{"self":[{"href":"https:\/\/roveyayinevi.com.tr\/index.php\/wp-json\/wp\/v2\/product\/774914","targetHints":{"allow":["GET"]}}],"collection":[{"href":"https:\/\/roveyayinevi.com.tr\/index.php\/wp-json\/wp\/v2\/product"}],"about":[{"href":"https:\/\/roveyayinevi.com.tr\/index.php\/wp-json\/wp\/v2\/types\/product"}],"wp:attachment":[{"href":"https:\/\/roveyayinevi.com.tr\/index.php\/wp-json\/wp\/v2\/media?parent=774914"}],"wp:term":[{"taxonomy":"product_brand","embeddable":true,"href":"https:\/\/roveyayinevi.com.tr\/index.php\/wp-json\/wp\/v2\/product_brand?post=774914"},{"taxonomy":"product_cat","embeddable":true,"href":"https:\/\/roveyayinevi.com.tr\/index.php\/wp-json\/wp\/v2\/product_cat?post=774914"},{"taxonomy":"product_tag","embeddable":true,"href":"https:\/\/roveyayinevi.com.tr\/index.php\/wp-json\/wp\/v2\/product_tag?post=774914"}],"curies":[{"name":"wp","href":"https:\/\/api.w.org\/{rel}","templated":true}]}}