{"id":774913,"date":"2025-09-09T13:17:24","date_gmt":"2025-09-09T10:17:24","guid":{"rendered":"https:\/\/roveyayinevi.com.tr\/index.php\/urun\/kendini-ertelemekten-vazgec\/"},"modified":"2026-04-12T02:42:24","modified_gmt":"2026-04-11T23:42:24","slug":"kendini-ertelemekten-vazgec","status":"publish","type":"product","link":"https:\/\/roveyayinevi.com.tr\/index.php\/urun\/kendini-ertelemekten-vazgec\/","title":{"rendered":"Kendini Ertelemekten Vazge\u00e7"},"content":{"rendered":"<p>Mutlu, sa\u011fl\u0131kl\u0131, huzurlu ve ba\u015far\u0131l\u0131 bir hayata ula\u015fman\u0131n anahtar\u0131, hayalleri ertelememektir&#8230;\u0130nsan hayat\u0131, ba\u015fl\u0131 ba\u015f\u0131na bir mucize&#8230; \u201c\u00d6m\u00fcr\u201d denen k\u0131s\u0131tl\u0131 zaman\u0131 hakk\u0131yla de\u011ferlendirmekse insan\u0131n boynunun borcu&#8230; Peki ama nas\u0131l?\u0130nsan\u0131n zihinsel, bedensel ve ruhsal geli\u015fiminin \u00f6n\u00fcne engeller koyan korkular, kayg\u0131lar, g\u00fcvensizlikler ve \u00e7ekirdek inan\u00e7lar\u0131n temeli \u00e7ocukluk d\u00f6neminde at\u0131l\u0131yor ve \u00f6m\u00fcr s\u00fcresini oldu\u011fu gibi esareti alt\u0131na almay\u0131 ba\u015farabiliyor. Ta ki ki\u015fi, geli\u015fiminin \u00f6n\u00fcnde duran engellerin fark\u0131na var\u0131p bunlar\u0131 a\u015fmaya karar verinceye kadar.\u0130lahi sistem, tek\u00e2m\u00fcl\u00fc ger\u00e7ekle\u015ftirmeye kap\u0131lar a\u00e7an, f\u0131rsatlar sunan bir sistemdir. \u0130\u015f ki ilham dolu bu kap\u0131lardan ge\u00e7meye karar vermi\u015f olun. Ya\u015fam yolculu\u011fu i\u00e7inde ilahi sistemde \u00e7\u0131nlayacak en ac\u0131kl\u0131 s\u00f6z \u201cke\u015fke\u201ddir.\u201cKe\u015fke\u201d diyenin tek\u00e2m\u00fcl\u00fcn\u00fcn ger\u00e7ekle\u015fmesi m\u00fcmk\u00fcn de\u011fildir. Bu y\u00fczden s\u00fcre\u00e7 i\u00e7inde her zaman bilin\u00e7li, g\u00fcven dolu, \u015fuurlu ve iradeli ilerlemek \u00e7ok de\u011ferli.\u201cKe\u015fke i\u00e7imdeki vesveseden kurtulsaym\u0131\u015f\u0131m, me\u011fer hepsi bo\u015fmu\u015f.\u201d\u201cKe\u015fke yard\u0131m etti\u011fimi zannedip insanlar\u0131n geli\u015fimine engel olmasaym\u0131\u015f\u0131m.\u201d\u201cKe\u015fke insanlar\u0131 yarg\u0131lamasayd\u0131m, olaylara tak\u0131l\u0131 kalmasayd\u0131m, me\u011fer hi\u00e7bir \u015fey g\u00f6r\u00fcnd\u00fc\u011f\u00fc gibi de\u011filmi\u015f.\u201d\u201cKe\u015fke \u00fcretmenin g\u00fczelli\u011fini daha \u00f6nce bilseymi\u015fim, me\u011fer \u00f6mr\u00fcm koca bir vakit kayb\u0131ym\u0131\u015f.\u201d\u201cKe\u015fke bug\u00fcn\u00fcn i\u015fini yar\u0131na b\u0131rakmasaym\u0131\u015f\u0131m.\u201d\u201cKe\u015fke affetmenin g\u00fcc\u00fcn\u00fc, \u00f6fkenin y\u0131k\u0131m\u0131n\u0131 bilseymi\u015fim.\u201dNe yaz\u0131k ki b\u00fct\u00fcn bu pi\u015fmanl\u0131klar\u0131n temelinde \u201certelemek\u201d g\u00fcd\u00fcs\u00fc yat\u0131yor. Sevmeyi, anlamay\u0131, b\u00fcy\u00fcmeyi, geli\u015fmeyi, hayalleri ve tek\u00e2m\u00fcl\u00fc ertelemek.\u201cErtelemek\u201d bir hiledir.D\u0131\u015far\u0131daki kaosun hileyle sizi tek\u00e2m\u00fcl yolunuzdan al\u0131koymas\u0131na izin vermeyin.B\u00fclent Gardiyano\u011flu\u2019nun bu kitab\u0131 erteleme hilesine nas\u0131l \u00e7elme takabilece\u011finiz yolunda e\u015fsiz bilgilerle ve \u00f6nerilerle dolu&#8230;Yar\u0131n ke\u015fke dememek i\u00e7in:Son nefesinde, g\u00f6z\u00fcn\u00fcn \u00f6n\u00fcnden nas\u0131l bir \u00f6mr\u00fcn videosunun ge\u00e7mesini isterdin?Kendini ertelemekten vazge\u00e7!<\/p>\n","protected":false},"excerpt":{"rendered":"<p>Mutlu, sa\u011fl\u0131kl\u0131, huzurlu ve ba\u015far\u0131l\u0131 bir hayata ula\u015fman\u0131n anahtar\u0131, hayalleri ertelememektir&#8230;\u0130nsan hayat\u0131, ba\u015fl\u0131 ba\u015f\u0131na bir mucize&#8230; \u201c\u00d6m\u00fcr\u201d denen k\u0131s\u0131tl\u0131 zaman\u0131 hakk\u0131yla de\u011ferlendirmekse insan\u0131n boynunun borcu&#8230; Peki<span class=\"excerpt-hellip\"> [\u2026]<\/span><\/p>\n","protected":false},"featured_media":0,"template":"","meta":{"_monsterinsights_skip_tracking":false,"_monsterinsights_sitenote_active":false,"_monsterinsights_sitenote_note":"","_monsterinsights_sitenote_category":0},"product_brand":[],"product_cat":[12364,12376],"product_tag":[],"class_list":{"0":"post-774913","1":"product","2":"type-product","3":"status-publish","5":"product_cat-genel-konular","6":"product_cat-kisisel-gelisim","7":"pa_cilt-ciltsiz","8":"pa_tur-kitap","9":"pa_yayinevi-destek-yayinlari","10":"pa_yazar-bulent-gardiyanoglu","12":"first","13":"instock","14":"sale","15":"shipping-taxable","16":"purchasable","17":"product-type-simple"},"_links":{"self":[{"href":"https:\/\/roveyayinevi.com.tr\/index.php\/wp-json\/wp\/v2\/product\/774913","targetHints":{"allow":["GET"]}}],"collection":[{"href":"https:\/\/roveyayinevi.com.tr\/index.php\/wp-json\/wp\/v2\/product"}],"about":[{"href":"https:\/\/roveyayinevi.com.tr\/index.php\/wp-json\/wp\/v2\/types\/product"}],"wp:attachment":[{"href":"https:\/\/roveyayinevi.com.tr\/index.php\/wp-json\/wp\/v2\/media?parent=774913"}],"wp:term":[{"taxonomy":"product_brand","embeddable":true,"href":"https:\/\/roveyayinevi.com.tr\/index.php\/wp-json\/wp\/v2\/product_brand?post=774913"},{"taxonomy":"product_cat","embeddable":true,"href":"https:\/\/roveyayinevi.com.tr\/index.php\/wp-json\/wp\/v2\/product_cat?post=774913"},{"taxonomy":"product_tag","embeddable":true,"href":"https:\/\/roveyayinevi.com.tr\/index.php\/wp-json\/wp\/v2\/product_tag?post=774913"}],"curies":[{"name":"wp","href":"https:\/\/api.w.org\/{rel}","templated":true}]}}