{"id":774911,"date":"2025-09-09T13:14:21","date_gmt":"2025-09-09T10:14:21","guid":{"rendered":"https:\/\/roveyayinevi.com.tr\/index.php\/urun\/1-dunya-savasi-ve-turkiye\/"},"modified":"2026-04-16T02:34:53","modified_gmt":"2026-04-15T23:34:53","slug":"1-dunya-savasi-ve-turkiye","status":"publish","type":"product","link":"https:\/\/roveyayinevi.com.tr\/index.php\/urun\/1-dunya-savasi-ve-turkiye\/","title":{"rendered":"1. D\u00fcnya Sava\u015f\u0131 ve T\u00fcrkiye"},"content":{"rendered":"<p>Vladimir Jabotinsky, 1880-1940 y\u0131llar\u0131 aras\u0131nda ya\u015fam\u0131\u015f ve Siyonizm tarihinde \u00f6nemli rol oynayan bir Yahudi\u2019dir. 1909 y\u0131l\u0131nda Rus gazetesinin \u0130stanbul muhabirli\u011fini yapm\u0131\u015ft\u0131r. Osmanl\u0131 Devleti\u2019ndeki J\u00f6n T\u00fcrk hareketlerini yak\u0131ndan takip etmi\u015f,  D\u00fcnya Siyonist \u00d6rg\u00fct\u00fc taraf\u0131ndan lobi faaliyetleri i\u00e7in \u0130stanbul\u2019da g\u00f6revlendirilmi\u015ftir. I. D\u00fcnya Sava\u015f\u0131\u2019n\u0131n Osmanl\u0131 Devleti\u2019nin sonunu getirece\u011fini d\u00fc\u015f\u00fcnen Jabotinsky, sava\u015f s\u0131ras\u0131nda \u0130ngiliz Sava\u015f Bakan\u0131\u2019n\u0131 ikna ederek, \u201cYahudi Lejyonu\u201dnu kurmu\u015f ve Filistin\u2019de te\u011fmen r\u00fctbesiyle bu birli\u011fe kat\u0131lm\u0131\u015ft\u0131r. Ona g\u00f6re I. D\u00fcnya Sava\u015f\u0131\u2019n\u0131n esas nedeni Anadolu\u2019nun kontrol\u00fcn\u00fcn ele al\u0131nmas\u0131d\u0131r. \u201cE\u011fer d\u00fcnyadaki insanlar\u0131 iyi ve k\u00f6t\u00fc olarak ay\u0131r\u0131rsak T\u00fcrkler kesinlikle ilk gruba d\u00e2hil olur. Onlar genellikle d\u00fcr\u00fcst, m\u00fctevaz\u0131, misafirperver ve c\u00f6merttirler. Asker\u00ee olarak eski ihti\u015famlar\u0131 her \u015feye ra\u011fmen h\u00e2l\u00e2 mevcut. Onlar iyi devlet adamlar\u0131d\u0131r\u2026 Onlarla ileti\u015fime ge\u00e7ip de onlar\u0131 sevmemek pek m\u00fcmk\u00fcn de\u011fil. E\u011fer siyaset &#8211; olmas\u0131 gerekti\u011fi gibi &#8211; anlay\u0131\u015fl\u0131 olmay\u0131 temel alabilseydi, bu de\u011ferli dostlar taraf\u0131ndan kurulmu\u015f ve ya\u015fat\u0131lm\u0131\u015f olan imparatorlu\u011fu y\u0131kma fikri hi\u00e7 kimsenin ho\u015funa gitmezdi. Ne yaz\u0131k ki siyaset ba\u015fka etkenleri temel al\u0131yor.\u201d <\/p>\n","protected":false},"excerpt":{"rendered":"<p>Vladimir Jabotinsky, 1880-1940 y\u0131llar\u0131 aras\u0131nda ya\u015fam\u0131\u015f ve Siyonizm tarihinde \u00f6nemli rol oynayan bir Yahudi\u2019dir. 1909 y\u0131l\u0131nda Rus gazetesinin \u0130stanbul muhabirli\u011fini yapm\u0131\u015ft\u0131r. Osmanl\u0131 Devleti\u2019ndeki J\u00f6n T\u00fcrk hareketlerini<span class=\"excerpt-hellip\"> [\u2026]<\/span><\/p>\n","protected":false},"featured_media":0,"template":"","meta":{"_monsterinsights_skip_tracking":false,"_monsterinsights_sitenote_active":false,"_monsterinsights_sitenote_note":"","_monsterinsights_sitenote_category":0},"product_brand":[],"product_cat":[12370,12304],"product_tag":[],"class_list":{"0":"post-774911","1":"product","2":"type-product","3":"status-publish","5":"product_cat-arastirma-inceleme","6":"product_cat-tarih","7":"pa_cilt-ciltsiz","8":"pa_tur-kitap","9":"pa_yayinevi-yeditepe-yayinevi","10":"pa_yazar-vladimir-jabotinsky","12":"first","13":"instock","14":"sale","15":"shipping-taxable","16":"purchasable","17":"product-type-simple"},"_links":{"self":[{"href":"https:\/\/roveyayinevi.com.tr\/index.php\/wp-json\/wp\/v2\/product\/774911","targetHints":{"allow":["GET"]}}],"collection":[{"href":"https:\/\/roveyayinevi.com.tr\/index.php\/wp-json\/wp\/v2\/product"}],"about":[{"href":"https:\/\/roveyayinevi.com.tr\/index.php\/wp-json\/wp\/v2\/types\/product"}],"wp:attachment":[{"href":"https:\/\/roveyayinevi.com.tr\/index.php\/wp-json\/wp\/v2\/media?parent=774911"}],"wp:term":[{"taxonomy":"product_brand","embeddable":true,"href":"https:\/\/roveyayinevi.com.tr\/index.php\/wp-json\/wp\/v2\/product_brand?post=774911"},{"taxonomy":"product_cat","embeddable":true,"href":"https:\/\/roveyayinevi.com.tr\/index.php\/wp-json\/wp\/v2\/product_cat?post=774911"},{"taxonomy":"product_tag","embeddable":true,"href":"https:\/\/roveyayinevi.com.tr\/index.php\/wp-json\/wp\/v2\/product_tag?post=774911"}],"curies":[{"name":"wp","href":"https:\/\/api.w.org\/{rel}","templated":true}]}}