{"id":774910,"date":"2025-09-09T13:13:38","date_gmt":"2025-09-09T10:13:38","guid":{"rendered":"https:\/\/roveyayinevi.com.tr\/index.php\/urun\/aptallarla-ne-yapmali\/"},"modified":"2026-04-16T02:34:51","modified_gmt":"2026-04-15T23:34:51","slug":"aptallarla-ne-yapmali","status":"publish","type":"product","link":"https:\/\/roveyayinevi.com.tr\/index.php\/urun\/aptallarla-ne-yapmali\/","title":{"rendered":"Aptallarla Ne Yapmal\u0131?"},"content":{"rendered":"<p>\u201cSokakta rastlanan binlerce vakada \u2013yolunuzu kesen bir ara\u00e7, k\u00f6pe\u011fini tekmeleyen veya yerlere \u00e7\u00f6p atan biri\u2013 ba\u015fkalar\u0131na sayg\u0131 g\u00f6stermeyip s\u0131radan sa\u011fduyu ilkelerini bile hi\u00e7e sayarak birlikte ya\u015faman\u0131n ko\u015fullar\u0131n\u0131 ortadan kald\u0131ran ki\u015fidir aptal. Ger\u00e7ekli\u011fin t\u00fcm\u00fcne de\u011finmeden s\u00f6ylenebilecek ilk \u015fey, bu t\u00fcr davran\u0131\u015flar\u0131n \u00e7o\u011funun yaln\u0131zca s\u00f6z konusu ki\u015fiyle ilgili olmamas\u0131, daha derin sorunlar\u0131n semptomlar\u0131 olmas\u0131d\u0131r: tehlikeli ve zor \u00e7al\u0131\u015fma ko\u015fullar\u0131, kayg\u0131 verecek kadar \u00e7\u0131\u011f\u0131r\u0131ndan \u00e7\u0131km\u0131\u015f e\u011flence ve t\u00fcketim end\u00fcstrisi, insanlar aras\u0131ndaki ili\u015fkileri d\u00fczenleyen yap\u0131lar\u0131n ba\u015far\u0131s\u0131zl\u0131\u011f\u0131 gibi. Sadece aptallar\u0131n sosyal hayat\u0131n ko\u015fullar\u0131n\u0131 y\u0131kmas\u0131n\u0131 de\u011fil, ayn\u0131 zamanda bu aptallar\u0131 \u00fcreten hasta toplumun i\u015fleyi\u015fini de hesaba katmak gerek.\u201d   Spinoza \u00fczerine \u00e7al\u0131\u015fmalar\u0131yla tan\u0131nan felsefeci Maxime Rovere\u2019in T\u00fcrk\u00e7edeki bu ikinci kitab\u0131 bir etkile\u015fimsel etik denemesi. Sa\u011fl\u0131kl\u0131 bir etkile\u015fim ortadan kalkt\u0131\u011f\u0131nda, kar\u015f\u0131l\u0131kl\u0131 g\u00fcven k\u0131r\u0131ld\u0131\u011f\u0131nda bir otorite vas\u0131tas\u0131yla onu yeniden tesis etmeye \u00e7al\u0131\u015f\u0131r\u0131z. Bu da genellikle sald\u0131rgan, sert, bask\u0131c\u0131 hatta y\u0131k\u0131c\u0131 bir tutum olarak kendini g\u00f6sterir. Kurumlarla ya da arkada\u015f\u0131m\u0131zla, patronumuzla ya da bir yabanc\u0131yla her g\u00fcn \u00f6yle ya da b\u00f6yle kendimizi i\u00e7inde buldu\u011fumuz bu t\u00fcrden etkile\u015fim kazalar\u0131 kar\u015f\u0131s\u0131nda Rovere ahlak\u00e7\u0131 tutumu devreye sokmak, kendi normlar\u0131m\u0131z\u0131 dayatmak yerine, sinizme ve kay\u0131ts\u0131zl\u0131\u011fa ka\u00e7madan felsefeye ba\u015fvuruyor, yani okuru kendi kavramsal savunmalar\u0131n\u0131 ele\u015ftirip yeni ufuklar aramaya davet ediyor. Rovere aptall\u0131\u011f\u0131n, i\u00e7inde hapsoldu\u011fumuz bir sistem oldu\u011funu s\u00f6yl\u00fcyor ve bundan kurtulmak i\u00e7in d\u00fc\u015f\u00fcncelerimizi nas\u0131l y\u00f6nlendirebilece\u011fimizi ara\u015ft\u0131r\u0131yor. Bu kitapta \u201cAptallarla ne yapmal\u0131?\u201d sorusu \u201cAptal olmamak i\u00e7in ne yapmal\u0131?\u201d sorusuyla birlikte yank\u0131lan\u0131yor.\u201cBir ki\u015finin aptall\u0131\u011f\u0131yla ba\u015f etmek, her iki taraf\u0131n \u00e7atlaklar\u0131ndan hareketle iki d\u00fcnyan\u0131n i\u00e7 i\u00e7e ge\u00e7erek birbirini de\u011fi\u015ftirmesi anlam\u0131na gelir.\u201d<\/p>\n","protected":false},"excerpt":{"rendered":"<p>\u201cSokakta rastlanan binlerce vakada \u2013yolunuzu kesen bir ara\u00e7, k\u00f6pe\u011fini tekmeleyen veya yerlere \u00e7\u00f6p atan biri\u2013 ba\u015fkalar\u0131na sayg\u0131 g\u00f6stermeyip s\u0131radan sa\u011fduyu ilkelerini bile hi\u00e7e sayarak birlikte ya\u015faman\u0131n<span class=\"excerpt-hellip\"> [\u2026]<\/span><\/p>\n","protected":false},"featured_media":0,"template":"","meta":{"_monsterinsights_skip_tracking":false,"_monsterinsights_sitenote_active":false,"_monsterinsights_sitenote_note":"","_monsterinsights_sitenote_category":0},"product_brand":[],"product_cat":[16038,12388],"product_tag":[],"class_list":{"0":"post-774910","1":"product","2":"type-product","3":"status-publish","5":"product_cat-arastirma-inceleme-referans-felsefe","6":"product_cat-felsefe","7":"pa_cilt-ciltsiz","8":"pa_tur-kitap","9":"pa_yayinevi-kolektif-kitap","10":"pa_yazar-maxime-rovere","12":"first","13":"instock","14":"sale","15":"shipping-taxable","16":"purchasable","17":"product-type-simple"},"_links":{"self":[{"href":"https:\/\/roveyayinevi.com.tr\/index.php\/wp-json\/wp\/v2\/product\/774910","targetHints":{"allow":["GET"]}}],"collection":[{"href":"https:\/\/roveyayinevi.com.tr\/index.php\/wp-json\/wp\/v2\/product"}],"about":[{"href":"https:\/\/roveyayinevi.com.tr\/index.php\/wp-json\/wp\/v2\/types\/product"}],"wp:attachment":[{"href":"https:\/\/roveyayinevi.com.tr\/index.php\/wp-json\/wp\/v2\/media?parent=774910"}],"wp:term":[{"taxonomy":"product_brand","embeddable":true,"href":"https:\/\/roveyayinevi.com.tr\/index.php\/wp-json\/wp\/v2\/product_brand?post=774910"},{"taxonomy":"product_cat","embeddable":true,"href":"https:\/\/roveyayinevi.com.tr\/index.php\/wp-json\/wp\/v2\/product_cat?post=774910"},{"taxonomy":"product_tag","embeddable":true,"href":"https:\/\/roveyayinevi.com.tr\/index.php\/wp-json\/wp\/v2\/product_tag?post=774910"}],"curies":[{"name":"wp","href":"https:\/\/api.w.org\/{rel}","templated":true}]}}