{"id":774909,"date":"2025-09-09T13:13:26","date_gmt":"2025-09-09T10:13:26","guid":{"rendered":"https:\/\/roveyayinevi.com.tr\/index.php\/urun\/dubrovski\/"},"modified":"2026-04-16T02:34:50","modified_gmt":"2026-04-15T23:34:50","slug":"dubrovski","status":"publish","type":"product","link":"https:\/\/roveyayinevi.com.tr\/index.php\/urun\/dubrovski\/","title":{"rendered":"Dubrovski"},"content":{"rendered":"<p>Pu\u015fkin\u2019in \u00f6l\u00fcms\u00fcz eseri Dubrovski, d\u00fcnyan\u0131n pek \u00e7ok dilinde kar\u015f\u0131l\u0131\u011f\u0131 olan bir isyan hik\u00e2yesi&#8230; Topraklar\u0131na a\u00e7g\u00f6zl\u00fc bir derebeyi taraf\u0131ndan s\u00f6zde hukuk marifetiyle el konulan gen\u00e7 bir soylunun adalet aray\u0131\u015f\u0131n\u0131 anlat\u0131yor. Yozla\u015fm\u0131\u015f b\u00fcrokrasi taraf\u0131ndan eli kolu ba\u011flanan Dubrovski, tek \u00e7areyi derebeyinin zulm\u00fcnden ka\u00e7an bir grup k\u00f6yl\u00fcyle birlikte sistem d\u0131\u015f\u0131na \u00e7\u0131kmakta bulur. Zenginden \u00e7al\u0131p fakirlere da\u011f\u0131tarak, t\u0131pk\u0131 Robin Hood ya da \u0130nce Memed gibi efsanevi bir halk kahraman\u0131na d\u00f6n\u00fc\u015f\u00fcr. \u201cE\u015fk\u0131ya d\u00fcnyaya h\u00fck\u00fcmdar olmaz\u201d demi\u015fler&#8230; G\u00fc\u00e7l\u00fc d\u00fc\u015fman\u0131n\u0131n k\u0131z\u0131na \u00fcmitsizce sevdalanan Dubrovski, a\u015fk\u0131 ve adaleti bulabilecek mi? Pu\u015fkin\u2019in hiciv ile romantizmi s\u0131ms\u0131cak harmanlad\u0131\u011f\u0131 bu eseri, Hasan \u00c2li Ediz\u2019in su gibi akan \u00e7evirisinden \u201cbir solukta\u201d okuyacaks\u0131n\u0131z. <\/p>\n","protected":false},"excerpt":{"rendered":"<p>Pu\u015fkin\u2019in \u00f6l\u00fcms\u00fcz eseri Dubrovski, d\u00fcnyan\u0131n pek \u00e7ok dilinde kar\u015f\u0131l\u0131\u011f\u0131 olan bir isyan hik\u00e2yesi&#8230; Topraklar\u0131na a\u00e7g\u00f6zl\u00fc bir derebeyi taraf\u0131ndan s\u00f6zde hukuk marifetiyle el konulan gen\u00e7 bir soylunun<span class=\"excerpt-hellip\"> [\u2026]<\/span><\/p>\n","protected":false},"featured_media":0,"template":"","meta":{"_monsterinsights_skip_tracking":false,"_monsterinsights_sitenote_active":false,"_monsterinsights_sitenote_note":"","_monsterinsights_sitenote_category":0},"product_brand":[],"product_cat":[12291,13872],"product_tag":[],"class_list":{"0":"post-774909","1":"product","2":"type-product","3":"status-publish","5":"product_cat-edebiyat","6":"product_cat-klasikler","7":"pa_cilt-ciltsiz","8":"pa_tur-kitap","9":"pa_yayinevi-yordam-kitap","10":"pa_yazar-aleksandr-sergeyevic-puskin","12":"first","13":"instock","14":"sale","15":"shipping-taxable","16":"purchasable","17":"product-type-simple"},"_links":{"self":[{"href":"https:\/\/roveyayinevi.com.tr\/index.php\/wp-json\/wp\/v2\/product\/774909","targetHints":{"allow":["GET"]}}],"collection":[{"href":"https:\/\/roveyayinevi.com.tr\/index.php\/wp-json\/wp\/v2\/product"}],"about":[{"href":"https:\/\/roveyayinevi.com.tr\/index.php\/wp-json\/wp\/v2\/types\/product"}],"wp:attachment":[{"href":"https:\/\/roveyayinevi.com.tr\/index.php\/wp-json\/wp\/v2\/media?parent=774909"}],"wp:term":[{"taxonomy":"product_brand","embeddable":true,"href":"https:\/\/roveyayinevi.com.tr\/index.php\/wp-json\/wp\/v2\/product_brand?post=774909"},{"taxonomy":"product_cat","embeddable":true,"href":"https:\/\/roveyayinevi.com.tr\/index.php\/wp-json\/wp\/v2\/product_cat?post=774909"},{"taxonomy":"product_tag","embeddable":true,"href":"https:\/\/roveyayinevi.com.tr\/index.php\/wp-json\/wp\/v2\/product_tag?post=774909"}],"curies":[{"name":"wp","href":"https:\/\/api.w.org\/{rel}","templated":true}]}}