{"id":774908,"date":"2025-09-09T13:12:02","date_gmt":"2025-09-09T10:12:02","guid":{"rendered":"https:\/\/roveyayinevi.com.tr\/index.php\/urun\/osmanlilarda-esrar-ve-esrarkesler\/"},"modified":"2026-01-26T02:54:37","modified_gmt":"2026-01-25T23:54:37","slug":"osmanlilarda-esrar-ve-esrarkesler","status":"publish","type":"product","link":"https:\/\/roveyayinevi.com.tr\/index.php\/urun\/osmanlilarda-esrar-ve-esrarkesler\/","title":{"rendered":"Osmanl\u0131larda Esrar ve Esrarke\u015fler"},"content":{"rendered":"<p>Hayaller Sanca\u011f\u0131n\u0131n Kuru Sarho\u015flar\u0131: Osmanl\u0131larda Esrar ve Esrarke\u015fler, kimileri i\u00e7in bela olan, kimileri i\u00e7inse ba\u015fka d\u00fcnyalar\u0131n kap\u0131lar\u0131n\u0131 aralayan e\u015fsiz bir s\u0131rr\u0131n Anadolu\u2019daki ilgin\u00e7 ser\u00fcvenini ele al\u0131yor. Esrar\u0131n, yaratt\u0131\u011f\u0131 \u201ckuru\u201d sarho\u015fluk kar\u015f\u0131s\u0131nda taht\u0131ndan olmak istemeyen \u201csulu\u201d sarho\u015flu\u011fun m\u00fcsebbibi \u015farapla kavgas\u0131n\u0131, Tanr\u0131\u2019ya dolays\u0131z yoldan ula\u015fmay\u0131 arzulayan dervi\u015fler elinde ayinlerin de\u011fi\u015fmez bir par\u00e7as\u0131 haline geli\u015fini kendine konu ediyor. Toplumun her kesiminden ki\u015filer aras\u0131na sokularak hekimler elinde ila\u00e7ken, sokaklarda akla d\u00fc\u015fman bir zehre, \u015fairler ve edipler elinde vazge\u00e7ilmez edibi bir motife, f\u0131rsat\u00e7\u0131lar g\u00f6z\u00fcnde gelire nas\u0131l d\u00f6n\u00fc\u015ft\u00fc\u011f\u00fcn\u00fc ve idarenin bunu \u00f6nlemeye y\u00f6nelik sarf etti\u011fi binbir t\u00fcrl\u00fc \u00e7abay\u0131, t\u00fcm ser\u00fcveniyle, detayl\u0131, incelikli ve e\u011flenceli bir anlat\u0131mla okura sunuyor. \u201cBug\u00fcn ad\u0131 an\u0131ld\u0131\u011f\u0131nda \u00e7o\u011funlukla ahl\u00e2ki ve yasad\u0131\u015f\u0131 \u00e7a\u011fr\u0131\u015f\u0131mlar uyand\u0131ran esrar, son birka\u00e7 y\u00fczy\u0131l\u0131n deney t\u00fcplerinde yarat\u0131lan tehlikeli yapay hazlar\u0131ndan efsanelerle \u00f6r\u00fcl\u00fc benzersiz ge\u00e7mi\u015fiyle ayr\u0131l\u0131r. S\u0131n\u0131rland\u0131r\u0131lmas\u0131 g\u00fc\u00e7 tarihi, elden ele de\u011fi\u015fen birbiriyle \u00e7eli\u015fkili say\u0131s\u0131z rolle doludur. Yaratt\u0131\u011f\u0131 bug\u00fcn dahi merak konusu hallerle [esrar], kiminde korkaklar\u0131n cesaret, kederlilerin ne\u015fe, iktidars\u0131zlar\u0131n \u015fehvet, hayalg\u00fcc\u00fc yoksunlar\u0131n\u0131n ilham kayna\u011f\u0131; kiminde uyumsuzlar\u0131n direni\u015f, avarelerin avuntu, manevi kaslar\u0131 zay\u0131flar\u0131n esrime arac\u0131; kiminde ise d\u00fcped\u00fcz belad\u0131r.\u201d<\/p>\n","protected":false},"excerpt":{"rendered":"<p>Hayaller Sanca\u011f\u0131n\u0131n Kuru Sarho\u015flar\u0131: Osmanl\u0131larda Esrar ve Esrarke\u015fler, kimileri i\u00e7in bela olan, kimileri i\u00e7inse ba\u015fka d\u00fcnyalar\u0131n kap\u0131lar\u0131n\u0131 aralayan e\u015fsiz bir s\u0131rr\u0131n Anadolu\u2019daki ilgin\u00e7 ser\u00fcvenini ele al\u0131yor.<span class=\"excerpt-hellip\"> [\u2026]<\/span><\/p>\n","protected":false},"featured_media":0,"template":"","meta":{"_monsterinsights_skip_tracking":false,"_monsterinsights_sitenote_active":false,"_monsterinsights_sitenote_note":"","_monsterinsights_sitenote_category":0},"product_brand":[],"product_cat":[13517,12304],"product_tag":[],"class_list":{"0":"post-774908","1":"product","2":"type-product","3":"status-publish","5":"product_cat-osmanli-tarihi","6":"product_cat-tarih","7":"pa_cilt-ciltsiz","8":"pa_tur-kitap","9":"pa_yayinevi-iletisim-yayinlari","10":"pa_yazar-onur-gezer","12":"first","13":"instock","14":"sale","15":"shipping-taxable","16":"purchasable","17":"product-type-simple"},"_links":{"self":[{"href":"https:\/\/roveyayinevi.com.tr\/index.php\/wp-json\/wp\/v2\/product\/774908","targetHints":{"allow":["GET"]}}],"collection":[{"href":"https:\/\/roveyayinevi.com.tr\/index.php\/wp-json\/wp\/v2\/product"}],"about":[{"href":"https:\/\/roveyayinevi.com.tr\/index.php\/wp-json\/wp\/v2\/types\/product"}],"wp:attachment":[{"href":"https:\/\/roveyayinevi.com.tr\/index.php\/wp-json\/wp\/v2\/media?parent=774908"}],"wp:term":[{"taxonomy":"product_brand","embeddable":true,"href":"https:\/\/roveyayinevi.com.tr\/index.php\/wp-json\/wp\/v2\/product_brand?post=774908"},{"taxonomy":"product_cat","embeddable":true,"href":"https:\/\/roveyayinevi.com.tr\/index.php\/wp-json\/wp\/v2\/product_cat?post=774908"},{"taxonomy":"product_tag","embeddable":true,"href":"https:\/\/roveyayinevi.com.tr\/index.php\/wp-json\/wp\/v2\/product_tag?post=774908"}],"curies":[{"name":"wp","href":"https:\/\/api.w.org\/{rel}","templated":true}]}}