{"id":774907,"date":"2025-09-09T13:10:04","date_gmt":"2025-09-09T10:10:04","guid":{"rendered":"https:\/\/roveyayinevi.com.tr\/index.php\/urun\/uyanmak\/"},"modified":"2026-04-16T02:34:08","modified_gmt":"2026-04-15T23:34:08","slug":"uyanmak","status":"publish","type":"product","link":"https:\/\/roveyayinevi.com.tr\/index.php\/urun\/uyanmak\/","title":{"rendered":"Uyanmak"},"content":{"rendered":"<p>Biz bir r\u00fcyada m\u0131 ya\u015f\u0131yoruz? Ger\u00e7ekten burada m\u0131y\u0131z, uyan\u0131k m\u0131y\u0131z, tam olarak anlama-d\u0131\u011f\u0131m\u0131z ya da kontrol edemez g\u00f6r\u00fcnd\u00fc\u011f\u00fcm\u00fcz bir realitede mi ya\u015f\u0131yoruz? Biz ger\u00e7ekten kimiz: D\u00fc\u015f\u00fcnceler, r\u00fcyalar, duygular ve an\u0131lar m\u0131y\u0131z? Yoksa daha fazlas\u0131 m\u0131y\u0131z -fark\u0131ndal\u0131k, irade, \u00d6z ve ruh muyuz? Neyin ger\u00e7ek oldu\u011fu ve bizim bir r\u00fcyada ya\u015fay\u0131p ya\u015famad\u0131\u011f\u0131m\u0131zla ilgili varolu\u015fsal soru sadece filozoflar\u0131n ve mistiklerin de\u011fil, bir\u00e7ok bilimcinin de ilgi alan\u0131n\u0131 olu\u015fturmu\u015ftur. Albert Einstein\u2019\u0131n \u015fu s\u00f6z\u00fc bunu ifade eder: \u201cRealite \u00e7ok \u0131srarl\u0131 ve s\u00fcrekli bir ill\u00fczyon olsa da, sonu\u00e7ta bir ill\u00fczyondur.\u201d Kuantum fizi\u011finin ve \u0131\u015f\u0131\u011f\u0131n ikili do\u011fas\u0131n\u0131n ke\u015ffedilmesi tart\u0131\u015fmay\u0131 yepyeni bir d\u00fczeye \u00e7\u0131karm\u0131\u015ft\u0131r. Biz de d\u00e2hil, t\u00fcm evren g\u00f6r\u00fcnd\u00fc\u011f\u00fc kadar kat\u0131 de\u011fildir. Realite ve madde esnek ve de\u011fi\u015febilirdir, onlar bir zihin yap\u0131s\u0131d\u0131r. E\u011fer hayat bir r\u00fcya ise o r\u00fcyay\u0131 kim g\u00f6r\u00fcyor? Uyanmak ve hayat\u0131 tamamen uyanm\u0131\u015f olarak ya\u015famak ne anlama gelir? Kadim bilgeler onu ayd\u0131nlanma olarak tarif ederlerdi. Ramtha\u2019n\u0131n bu kitapta yer alan \u00f6\u011fretileri bu sorular\u0131 ele al\u0131yor ve bizim nas\u0131l olup da bir r\u00fcyada ya\u015fad\u0131\u011f\u0131m\u0131z\u0131 ve uyanman\u0131n \u00f6nemini a\u00e7\u0131kl\u0131yor. Ramtha, beyinde ve derin bilin\u00e7alt\u0131nda sakl\u0131 olan anahtarlar\u0131 da if\u015fa ediyor ve t\u00fcm bilgiye ve zihnin g\u00fcc\u00fcne eri\u015fime sahip bir \u00fcstat olarak uyanmak i\u00e7in o anahtarlara nas\u0131l ula\u015faca\u011f\u0131m\u0131z\u0131 \u00f6\u011fretiyor. \u201cEn b\u00fcy\u00fck fetih, sabah uyand\u0131\u011f\u0131n\u0131zda, o g\u00fcnle ilgili -\u00f6nyarg\u0131lar, duygular ve ma\u011fdu-riyetlerle \u00e7arp\u0131t\u0131lmam\u0131\u015f olan- s\u0131n\u0131rs\u0131z bir g\u00f6r\u00fc\u015fe sahip olmakt\u0131r. O zaman, di\u011fer boyutlara s\u0131n\u0131rs\u0131z bir eri\u015fime ve hu\u015fu verici bir g\u00fcce de sahip olursunuz. B\u00f6ylece, gelecek sizin i\u00e7inizden akmaya ba\u015flar&#8230;\u201d <\/p>\n","protected":false},"excerpt":{"rendered":"<p>Biz bir r\u00fcyada m\u0131 ya\u015f\u0131yoruz? Ger\u00e7ekten burada m\u0131y\u0131z, uyan\u0131k m\u0131y\u0131z, tam olarak anlama-d\u0131\u011f\u0131m\u0131z ya da kontrol edemez g\u00f6r\u00fcnd\u00fc\u011f\u00fcm\u00fcz bir realitede mi ya\u015f\u0131yoruz? Biz ger\u00e7ekten kimiz: D\u00fc\u015f\u00fcnceler,<span class=\"excerpt-hellip\"> [\u2026]<\/span><\/p>\n","protected":false},"featured_media":0,"template":"","meta":{"_monsterinsights_skip_tracking":false,"_monsterinsights_sitenote_active":false,"_monsterinsights_sitenote_note":"","_monsterinsights_sitenote_category":0},"product_brand":[],"product_cat":[12364,12376],"product_tag":[],"class_list":{"0":"post-774907","1":"product","2":"type-product","3":"status-publish","5":"product_cat-genel-konular","6":"product_cat-kisisel-gelisim","7":"pa_cilt-ciltsiz","8":"pa_tur-kitap","9":"pa_yayinevi-akasa-yayinlari","10":"pa_yazar-ramtha","12":"first","13":"instock","14":"sale","15":"shipping-taxable","16":"purchasable","17":"product-type-simple"},"_links":{"self":[{"href":"https:\/\/roveyayinevi.com.tr\/index.php\/wp-json\/wp\/v2\/product\/774907","targetHints":{"allow":["GET"]}}],"collection":[{"href":"https:\/\/roveyayinevi.com.tr\/index.php\/wp-json\/wp\/v2\/product"}],"about":[{"href":"https:\/\/roveyayinevi.com.tr\/index.php\/wp-json\/wp\/v2\/types\/product"}],"wp:attachment":[{"href":"https:\/\/roveyayinevi.com.tr\/index.php\/wp-json\/wp\/v2\/media?parent=774907"}],"wp:term":[{"taxonomy":"product_brand","embeddable":true,"href":"https:\/\/roveyayinevi.com.tr\/index.php\/wp-json\/wp\/v2\/product_brand?post=774907"},{"taxonomy":"product_cat","embeddable":true,"href":"https:\/\/roveyayinevi.com.tr\/index.php\/wp-json\/wp\/v2\/product_cat?post=774907"},{"taxonomy":"product_tag","embeddable":true,"href":"https:\/\/roveyayinevi.com.tr\/index.php\/wp-json\/wp\/v2\/product_tag?post=774907"}],"curies":[{"name":"wp","href":"https:\/\/api.w.org\/{rel}","templated":true}]}}