{"id":774906,"date":"2025-09-09T13:09:42","date_gmt":"2025-09-09T10:09:42","guid":{"rendered":"https:\/\/roveyayinevi.com.tr\/index.php\/urun\/cinsel-normalligin-kurulusu\/"},"modified":"2026-04-16T02:34:07","modified_gmt":"2026-04-15T23:34:07","slug":"cinsel-normalligin-kurulusu","status":"publish","type":"product","link":"https:\/\/roveyayinevi.com.tr\/index.php\/urun\/cinsel-normalligin-kurulusu\/","title":{"rendered":"Cinsel Normalli\u011fin Kurulu\u015fu"},"content":{"rendered":"<p>Osmanl\u0131 d\u00f6neminde cinsel ya\u015fam\u0131n bug\u00fcnk\u00fcnden farkl\u0131 oldu\u011funu biliriz. Okudu\u011fumuz metinler, kar\u015f\u0131m\u0131za \u00e7\u0131kan imgeler, \u00fcst\u00fc \u00f6rt\u00fclmek, ink\u00e2r ya da \u201ctevil\u201d edilmek istense de bir ba\u015fkal\u0131k oldu\u011funu sezdirir bize. Tarihi bilmenin ilk yarar\u0131 ge\u00e7mi\u015fin \u015fimdiki gibi olmad\u0131\u011f\u0131n\u0131 fark etmemizdir elbette, ama bir ba\u015fka bak\u0131mdan da yararlan\u0131r\u0131z tarihten: Kan\u0131ksad\u0131\u011f\u0131m\u0131z, do\u011fal sayd\u0131\u011f\u0131m\u0131z \u201cbug\u00fcn\u201d\u00fcn nas\u0131l \u015fekillendi\u011fini, \u015fimdi\u2019ye nas\u0131l vard\u0131\u011f\u0131m\u0131z\u0131 anlar\u0131z; bu da \u015fimdi\u2019ye yak\u0131\u015ft\u0131rd\u0131\u011f\u0131m\u0131z mutlakl\u0131\u011f\u0131 sarsar. Queer teoride heteroseks\u00fcel cinselli\u011fin normal kabul edilmesi s\u00fcreci \u00fczerine \u00fcretilen zengin literat\u00fcr ve tart\u0131\u015fmalar\u0131n e\u015fli\u011finde Ezgi Sar\u0131ta\u015f, basmakal\u0131p fikirlerden ve okuma stratejilerinden olabildi\u011fince uzak durarak, d\u00fc\u015f\u00fcnmeyi ve nesnesini ciddiye alarak, yani anlamay\u0131 \u00f6n plana koyarak cinsel modernle\u015fmenin izini s\u00fcr\u00fcyor; edebiyata oldu\u011fu kadar hat\u0131rat, pop\u00fcler cinsellik ve t\u0131p metinlerine bak\u0131yor: Ge\u00e7mi\u015fteki normalin ne oldu\u011funu, Ge\u00e7 Osmanl\u0131 ve Cumhuriyet d\u00f6nemlerinde o normalin nas\u0131l de\u011fi\u015fti\u011fini, bug\u00fcn normal sayd\u0131\u011f\u0131m\u0131z\u0131n nas\u0131l olu\u015ftu\u011funu ve s\u00fcrecin i\u00e7erdi\u011fi tutars\u0131zl\u0131klar\u0131, istikrars\u0131zl\u0131klar\u0131 ve \u00e7izilen zikzaklar\u0131 ara\u015ft\u0131r\u0131yor. Queer teoriyle oldu\u011fu kadar modernle\u015fme, tarih ve felsefeyle ilgilenen okurlar\u0131m\u0131z\u0131n da zevkle okuyaca\u011f\u0131na inan\u0131yoruz. <\/p>\n","protected":false},"excerpt":{"rendered":"<p>Osmanl\u0131 d\u00f6neminde cinsel ya\u015fam\u0131n bug\u00fcnk\u00fcnden farkl\u0131 oldu\u011funu biliriz. Okudu\u011fumuz metinler, kar\u015f\u0131m\u0131za \u00e7\u0131kan imgeler, \u00fcst\u00fc \u00f6rt\u00fclmek, ink\u00e2r ya da \u201ctevil\u201d edilmek istense de bir ba\u015fkal\u0131k oldu\u011funu sezdirir<span class=\"excerpt-hellip\"> [\u2026]<\/span><\/p>\n","protected":false},"featured_media":0,"template":"","meta":{"_monsterinsights_skip_tracking":false,"_monsterinsights_sitenote_active":false,"_monsterinsights_sitenote_note":"","_monsterinsights_sitenote_category":0},"product_brand":[],"product_cat":[12370,12304],"product_tag":[],"class_list":{"0":"post-774906","1":"product","2":"type-product","3":"status-publish","5":"product_cat-arastirma-inceleme","6":"product_cat-tarih","7":"pa_cilt-ciltsiz","8":"pa_tur-kitap","9":"pa_yayinevi-metis-yayinlari","10":"pa_yazar-ezgi-saritas","12":"first","13":"instock","14":"sale","15":"shipping-taxable","16":"purchasable","17":"product-type-simple"},"_links":{"self":[{"href":"https:\/\/roveyayinevi.com.tr\/index.php\/wp-json\/wp\/v2\/product\/774906","targetHints":{"allow":["GET"]}}],"collection":[{"href":"https:\/\/roveyayinevi.com.tr\/index.php\/wp-json\/wp\/v2\/product"}],"about":[{"href":"https:\/\/roveyayinevi.com.tr\/index.php\/wp-json\/wp\/v2\/types\/product"}],"wp:attachment":[{"href":"https:\/\/roveyayinevi.com.tr\/index.php\/wp-json\/wp\/v2\/media?parent=774906"}],"wp:term":[{"taxonomy":"product_brand","embeddable":true,"href":"https:\/\/roveyayinevi.com.tr\/index.php\/wp-json\/wp\/v2\/product_brand?post=774906"},{"taxonomy":"product_cat","embeddable":true,"href":"https:\/\/roveyayinevi.com.tr\/index.php\/wp-json\/wp\/v2\/product_cat?post=774906"},{"taxonomy":"product_tag","embeddable":true,"href":"https:\/\/roveyayinevi.com.tr\/index.php\/wp-json\/wp\/v2\/product_tag?post=774906"}],"curies":[{"name":"wp","href":"https:\/\/api.w.org\/{rel}","templated":true}]}}