{"id":774905,"date":"2025-09-09T13:09:21","date_gmt":"2025-09-09T10:09:21","guid":{"rendered":"https:\/\/roveyayinevi.com.tr\/index.php\/urun\/buyuk-orkestra\/"},"modified":"2026-04-16T02:34:06","modified_gmt":"2026-04-15T23:34:06","slug":"buyuk-orkestra","status":"publish","type":"product","link":"https:\/\/roveyayinevi.com.tr\/index.php\/urun\/buyuk-orkestra\/","title":{"rendered":"B\u00fcy\u00fck Orkestra"},"content":{"rendered":"<p>Do\u011fa\u2019n\u0131n ailesi \u0130stanbul\u2019dan ayr\u0131l\u0131p sahil kasabas\u0131na, Bozburun\u2019a yerle\u015fmeye karar verir. M\u00fczikle i\u00e7 i\u00e7e bir ailede yeti\u015fen Do\u011fa ta\u015f\u0131nd\u0131\u011f\u0131 bu yeni yerde \u00e7evresiyle, denizle, canl\u0131larla b\u00fcy\u00fck bir ailenin bir par\u00e7as\u0131 oldu\u011funu d\u00fc\u015f\u00fcn\u00fcr. T\u0131pk\u0131 bir orkestra gibi\u2026 Do\u011fa, yaz tatilinde \u00f6\u011fretmeninin \u00f6nerisiyle g\u00fcnl\u00fck tutmaya ba\u015flar<\/p>\n","protected":false},"excerpt":{"rendered":"<p>Do\u011fa\u2019n\u0131n ailesi \u0130stanbul\u2019dan ayr\u0131l\u0131p sahil kasabas\u0131na, Bozburun\u2019a yerle\u015fmeye karar verir. M\u00fczikle i\u00e7 i\u00e7e bir ailede yeti\u015fen Do\u011fa ta\u015f\u0131nd\u0131\u011f\u0131 bu yeni yerde \u00e7evresiyle, denizle, canl\u0131larla b\u00fcy\u00fck bir<span class=\"excerpt-hellip\"> [\u2026]<\/span><\/p>\n","protected":false},"featured_media":0,"template":"","meta":{"_monsterinsights_skip_tracking":false,"_monsterinsights_sitenote_active":false,"_monsterinsights_sitenote_note":"","_monsterinsights_sitenote_category":0},"product_brand":[],"product_cat":[12274,12631],"product_tag":[],"class_list":{"0":"post-774905","1":"product","2":"type-product","3":"status-publish","5":"product_cat-cocuk-ve-genclik-kitaplari","6":"product_cat-diger-cocuk-ve-genclik-kitaplari","7":"pa_cilt-ciltsiz","8":"pa_tur-kitap","9":"pa_yayinevi-hep-kitap","10":"pa_yazar-sima-ozkan","12":"first","13":"instock","14":"sale","15":"shipping-taxable","16":"purchasable","17":"product-type-simple"},"_links":{"self":[{"href":"https:\/\/roveyayinevi.com.tr\/index.php\/wp-json\/wp\/v2\/product\/774905","targetHints":{"allow":["GET"]}}],"collection":[{"href":"https:\/\/roveyayinevi.com.tr\/index.php\/wp-json\/wp\/v2\/product"}],"about":[{"href":"https:\/\/roveyayinevi.com.tr\/index.php\/wp-json\/wp\/v2\/types\/product"}],"wp:attachment":[{"href":"https:\/\/roveyayinevi.com.tr\/index.php\/wp-json\/wp\/v2\/media?parent=774905"}],"wp:term":[{"taxonomy":"product_brand","embeddable":true,"href":"https:\/\/roveyayinevi.com.tr\/index.php\/wp-json\/wp\/v2\/product_brand?post=774905"},{"taxonomy":"product_cat","embeddable":true,"href":"https:\/\/roveyayinevi.com.tr\/index.php\/wp-json\/wp\/v2\/product_cat?post=774905"},{"taxonomy":"product_tag","embeddable":true,"href":"https:\/\/roveyayinevi.com.tr\/index.php\/wp-json\/wp\/v2\/product_tag?post=774905"}],"curies":[{"name":"wp","href":"https:\/\/api.w.org\/{rel}","templated":true}]}}