{"id":774904,"date":"2025-09-09T13:07:24","date_gmt":"2025-09-09T10:07:24","guid":{"rendered":"https:\/\/roveyayinevi.com.tr\/index.php\/urun\/5-tim\/"},"modified":"2026-04-16T02:33:59","modified_gmt":"2026-04-15T23:33:59","slug":"5-tim","status":"publish","type":"product","link":"https:\/\/roveyayinevi.com.tr\/index.php\/urun\/5-tim\/","title":{"rendered":"5. Tim"},"content":{"rendered":"<p>Dip\u00e7i\u011fi koltuk alt\u0131ma s\u0131k\u0131\u015ft\u0131rd\u0131m. Teti\u011fi az\u0131c\u0131k ezdim. B\u00f6ylece \u00fc\u00e7, belki de d\u00f6rt ad\u0131m att\u0131m.\u0130\u015fte o an g\u00f6rd\u00fcm ter\u00f6risti!En u\u00e7ta y\u00fcr\u00fcyordu. Kamburunu \u00e7\u0131karm\u0131\u015ft\u0131. Be\u015f, bilemedin alt\u0131 metre \u00f6temdeydi. Ben ona bakarken, o da bana bak\u0131yordu. D\u00fcnya sanki yok olmu\u015f gibiydi. Sadece o, ben ve birbirimize okudu\u011fumuz meydan vard\u0131. \u0130\u015fte o koskoca \u2018an\u2019da birbirimize bakt\u0131k.Gecenin o son deminde, o alacakaranl\u0131\u011f\u0131n i\u00e7inde, g\u00f6zlerindeki \u2018ak\u2019\u0131 g\u00f6r\u00fcyorum. Orada, o an, o \u00e7i\u011f beyazl\u0131kta; nefretini, kinini, vah\u015fili\u011fini ve bana duydu\u011fu i\u011frentiyi hissediyorum.O s\u0131ra ba\u015fka bir g\u00f6r\u00fcnt\u00fc daha var.K\u0131pk\u0131z\u0131l bir \u015ferare, alacakaranl\u0131\u011f\u0131 apans\u0131z y\u0131rt\u0131yor. Elindeki \u2018Kale\u015f\u2019in namlusundan f\u0131\u015fk\u0131ran namlu alevi, s\u0131\u00e7ramalar yap\u0131yor. Her s\u0131\u00e7ramaya, bir patlaman\u0131n neden oldu\u011funu \u00e7ok iyi biliyorum. K\u0131z\u0131ll\u0131\u011f\u0131n \u00e7\u0131kt\u0131\u011f\u0131 namlu bana, ben de o namluya bak\u0131yorum.Taran\u0131yorum!O s\u0131rada ben de ona ate\u015f ediyorum!Filmlerde \u2018Yand\u0131m anam!\u2019 derler ya. \u0130\u015fte \u00f6yle bir yanma hissediyorum. Ne ac\u0131 ne de ba\u015fka bir \u015fey. Hissetti\u011fim sadece yanma.\u201dBu kitapta yaz\u0131l\u0131 olan her \u015fey ger\u00e7ektir. B\u00fct\u00fcn bunlar T\u00fcrk askerinin G\u00fcneydo\u011fu\u2019da yazd\u0131\u011f\u0131 tarihin bir par\u00e7as\u0131 olmu\u015ftur. Hayatta olanlar\u0131n isimleri de\u011fi\u015ftirilmi\u015ftir. \u015eehitlerin an\u0131s\u0131 ise isimlerinin ge\u00e7ti\u011fi sat\u0131rlarda da olsa ya\u015fas\u0131n istenmi\u015ftir. Zaten onlar\u0131n kendilerini g\u00fcvenlikte hissetmek gibi bir ihtiya\u00e7lar\u0131 da yoktur&#8230; Sonsuza kadar olmayacakt\u0131r da. Anlatt\u0131\u011f\u0131m her \u015feyi \u201cya\u015fam\u201d ne kadar g\u00fczel olsa da \u201c\u00f6l\u00fcm\u201d ya\u015famdan daha g\u00fczeldir inanc\u0131yla yazd\u0131m.Lay\u0131k\u0131yla \u00f6ld\u00fckten sonra!\u201cAskerli\u011fin, vatan sevgisinin insan\u0131 ne denli g\u00fc\u00e7l\u00fc yapt\u0131\u011f\u0131n\u0131, inanc\u0131n, maneviyat\u0131n ne kadar \u00f6nemli oldu\u011funu yeniden \u00f6\u011frenmi\u015f olduk. Kahraman bir gazi, Atat\u00fcrk\u00e7\u00fc bir vatan evlad\u0131 ve \u015faheser bir yazar olarak sizi selaml\u0131yorum.\u201dRauf Denkta\u015fKKTC Kurucu Cumhurba\u015fkan\u0131<\/p>\n","protected":false},"excerpt":{"rendered":"<p>Dip\u00e7i\u011fi koltuk alt\u0131ma s\u0131k\u0131\u015ft\u0131rd\u0131m. Teti\u011fi az\u0131c\u0131k ezdim. B\u00f6ylece \u00fc\u00e7, belki de d\u00f6rt ad\u0131m att\u0131m.\u0130\u015fte o an g\u00f6rd\u00fcm ter\u00f6risti!En u\u00e7ta y\u00fcr\u00fcyordu. Kamburunu \u00e7\u0131karm\u0131\u015ft\u0131. Be\u015f, bilemedin alt\u0131 metre<span class=\"excerpt-hellip\"> [\u2026]<\/span><\/p>\n","protected":false},"featured_media":0,"template":"","meta":{"_monsterinsights_skip_tracking":false,"_monsterinsights_sitenote_active":false,"_monsterinsights_sitenote_note":"","_monsterinsights_sitenote_category":0},"product_brand":[],"product_cat":[18545,12291],"product_tag":[],"class_list":{"0":"post-774904","1":"product","2":"type-product","3":"status-publish","5":"product_cat-anlati","6":"product_cat-edebiyat","7":"pa_cilt-ciltsiz","8":"pa_tur-kitap","9":"pa_yayinevi-destek-yayinlari","10":"pa_yazar-abdullah-agar","12":"first","13":"instock","14":"sale","15":"shipping-taxable","16":"purchasable","17":"product-type-simple"},"_links":{"self":[{"href":"https:\/\/roveyayinevi.com.tr\/index.php\/wp-json\/wp\/v2\/product\/774904","targetHints":{"allow":["GET"]}}],"collection":[{"href":"https:\/\/roveyayinevi.com.tr\/index.php\/wp-json\/wp\/v2\/product"}],"about":[{"href":"https:\/\/roveyayinevi.com.tr\/index.php\/wp-json\/wp\/v2\/types\/product"}],"wp:attachment":[{"href":"https:\/\/roveyayinevi.com.tr\/index.php\/wp-json\/wp\/v2\/media?parent=774904"}],"wp:term":[{"taxonomy":"product_brand","embeddable":true,"href":"https:\/\/roveyayinevi.com.tr\/index.php\/wp-json\/wp\/v2\/product_brand?post=774904"},{"taxonomy":"product_cat","embeddable":true,"href":"https:\/\/roveyayinevi.com.tr\/index.php\/wp-json\/wp\/v2\/product_cat?post=774904"},{"taxonomy":"product_tag","embeddable":true,"href":"https:\/\/roveyayinevi.com.tr\/index.php\/wp-json\/wp\/v2\/product_tag?post=774904"}],"curies":[{"name":"wp","href":"https:\/\/api.w.org\/{rel}","templated":true}]}}