{"id":774903,"date":"2025-09-09T13:07:22","date_gmt":"2025-09-09T10:07:22","guid":{"rendered":"https:\/\/roveyayinevi.com.tr\/index.php\/urun\/bizon-raymon\/"},"modified":"2026-04-03T02:41:25","modified_gmt":"2026-04-02T23:41:25","slug":"bizon-raymon","status":"publish","type":"product","link":"https:\/\/roveyayinevi.com.tr\/index.php\/urun\/bizon-raymon\/","title":{"rendered":"Bizon Raymon"},"content":{"rendered":"<p>Raymon kocaman, kuvvetli ve de cesur. Bu \u00e7ok normal, \u00e7u\u0308nku\u0308 kendisi bir bizon. Ayn\u0131 zamanda da bir kitab\u0131n kahraman\u0131.Kitap \u00c7\u0131nar\u2019a ait; sakin ve ak\u0131ll\u0131 m\u0131 ak\u0131ll\u0131 ku\u0308\u00e7u\u0308k \u00c7\u0131nar\u2019a. Yedikleri i\u00e7tikleri ayr\u0131 gitmeyen bu iki arkada\u015f, gu\u0308nu\u0308n birinde ayr\u0131 du\u0308\u015ftu\u0308ler. \u00c7u\u0308nku\u0308 Raymon, birtak\u0131m talihsizlikler sonucu ait oldu\u011fu kitab\u0131n i\u00e7inden \u00e7\u0131kt\u0131, t\u0131pk\u0131 bir yavru ku\u015fun yumurtas\u0131ndan \u00e7\u0131kmas\u0131 gibi\u2026Kitap sevgisini, ku\u0308tu\u0308phanelerin bu\u0308yu\u0308leyicili\u011fini ve dostlu\u011fun gu\u0308cu\u0308nu\u0308 yans\u0131tan bir hik\u00e2ye. Hem de muhte\u015fem resimlerle.<\/p>\n","protected":false},"excerpt":{"rendered":"<p>Raymon kocaman, kuvvetli ve de cesur. Bu \u00e7ok normal, \u00e7u\u0308nku\u0308 kendisi bir bizon. Ayn\u0131 zamanda da bir kitab\u0131n kahraman\u0131.Kitap \u00c7\u0131nar\u2019a ait; sakin ve ak\u0131ll\u0131 m\u0131 ak\u0131ll\u0131<span class=\"excerpt-hellip\"> [\u2026]<\/span><\/p>\n","protected":false},"featured_media":0,"template":"","meta":{"_monsterinsights_skip_tracking":false,"_monsterinsights_sitenote_active":false,"_monsterinsights_sitenote_note":"","_monsterinsights_sitenote_category":0},"product_brand":[],"product_cat":[12274,12284],"product_tag":[],"class_list":{"0":"post-774903","1":"product","2":"type-product","3":"status-publish","5":"product_cat-cocuk-ve-genclik-kitaplari","6":"product_cat-hikayeler","7":"pa_cilt-ciltsiz","8":"pa_tur-kitap","9":"pa_yayinevi-cinar-yayinlari","10":"pa_yazar-lou-beauchesne","12":"first","13":"instock","14":"sale","15":"shipping-taxable","16":"purchasable","17":"product-type-simple"},"_links":{"self":[{"href":"https:\/\/roveyayinevi.com.tr\/index.php\/wp-json\/wp\/v2\/product\/774903","targetHints":{"allow":["GET"]}}],"collection":[{"href":"https:\/\/roveyayinevi.com.tr\/index.php\/wp-json\/wp\/v2\/product"}],"about":[{"href":"https:\/\/roveyayinevi.com.tr\/index.php\/wp-json\/wp\/v2\/types\/product"}],"wp:attachment":[{"href":"https:\/\/roveyayinevi.com.tr\/index.php\/wp-json\/wp\/v2\/media?parent=774903"}],"wp:term":[{"taxonomy":"product_brand","embeddable":true,"href":"https:\/\/roveyayinevi.com.tr\/index.php\/wp-json\/wp\/v2\/product_brand?post=774903"},{"taxonomy":"product_cat","embeddable":true,"href":"https:\/\/roveyayinevi.com.tr\/index.php\/wp-json\/wp\/v2\/product_cat?post=774903"},{"taxonomy":"product_tag","embeddable":true,"href":"https:\/\/roveyayinevi.com.tr\/index.php\/wp-json\/wp\/v2\/product_tag?post=774903"}],"curies":[{"name":"wp","href":"https:\/\/api.w.org\/{rel}","templated":true}]}}