{"id":774901,"date":"2025-09-09T13:01:16","date_gmt":"2025-09-09T10:01:16","guid":{"rendered":"https:\/\/roveyayinevi.com.tr\/index.php\/urun\/gunler-aylar-yillar\/"},"modified":"2026-04-16T02:32:54","modified_gmt":"2026-04-15T23:32:54","slug":"gunler-aylar-yillar","status":"publish","type":"product","link":"https:\/\/roveyayinevi.com.tr\/index.php\/urun\/gunler-aylar-yillar\/","title":{"rendered":"G\u00fcnler Aylar Y\u0131llar"},"content":{"rendered":"<p>G\u00fcnler Aylar Y\u0131llar, hayat\u0131n zorluklar\u0131 kar\u015f\u0131s\u0131nda hep diri kalabilen bir umudun roman\u0131.Kurakl\u0131k, Balou S\u0131rada\u011flar\u0131\u2019nda t\u00fcm y\u0131k\u0131c\u0131l\u0131\u011f\u0131yla ba\u015f g\u00f6stermi\u015ftir. \u0130nsanlar \u00e7areyi evlerini terk edip su ve yiyecek bulabilecekleri yerlere ka\u00e7makta bulurken geride sadece ihtiyar ile k\u00f6r k\u00f6pe\u011fi kal\u0131r ve bu iki kader orta\u011f\u0131, birka\u00e7 damla su, bir avu\u00e7 m\u0131s\u0131r tanesi, bir kar\u0131\u015f g\u00f6lgelik pe\u015finde dolan\u0131r durur. G\u00fcnleri, geceleri en sert, en \u00e7etin ko\u015fullarla s\u0131nan\u0131r; zaman\u0131n ve mek\u00e2n\u0131n izleri silinip iskeletleri daha da belirginle\u015firken \u00f6nlerindeki yollar da gitgide \u00e7atallan\u0131r. Bu zorluklardan geriye kalan, ola\u011fan\u00fcst\u00fc bir varolu\u015f inad\u0131d\u0131r.\u00c7in\u2019in ya\u015fayan en g\u00fc\u00e7l\u00fc yazarlar\u0131ndan, Franz Kafka \u00d6d\u00fcl\u00fc sahibi Yan Lianke\u2019nin G\u00fcnler Aylar Y\u0131llar\u2019\u0131n\u0131 Erdem Kurtuldu \u00c7ince asl\u0131ndan \u00e7evirdi.<\/p>\n","protected":false},"excerpt":{"rendered":"<p>G\u00fcnler Aylar Y\u0131llar, hayat\u0131n zorluklar\u0131 kar\u015f\u0131s\u0131nda hep diri kalabilen bir umudun roman\u0131.Kurakl\u0131k, Balou S\u0131rada\u011flar\u0131\u2019nda t\u00fcm y\u0131k\u0131c\u0131l\u0131\u011f\u0131yla ba\u015f g\u00f6stermi\u015ftir. \u0130nsanlar \u00e7areyi evlerini terk edip su ve yiyecek<span class=\"excerpt-hellip\"> [\u2026]<\/span><\/p>\n","protected":false},"featured_media":0,"template":"","meta":{"_monsterinsights_skip_tracking":false,"_monsterinsights_sitenote_active":false,"_monsterinsights_sitenote_note":"","_monsterinsights_sitenote_category":0},"product_brand":[],"product_cat":[12291,12711],"product_tag":[],"class_list":{"0":"post-774901","1":"product","2":"type-product","3":"status-publish","5":"product_cat-edebiyat","6":"product_cat-roman-oyku","7":"pa_cilt-ciltsiz","8":"pa_tur-kitap","9":"pa_yayinevi-jaguar-kitap","10":"pa_yazar-yan-lianke","12":"first","13":"instock","14":"sale","15":"shipping-taxable","16":"purchasable","17":"product-type-simple"},"_links":{"self":[{"href":"https:\/\/roveyayinevi.com.tr\/index.php\/wp-json\/wp\/v2\/product\/774901","targetHints":{"allow":["GET"]}}],"collection":[{"href":"https:\/\/roveyayinevi.com.tr\/index.php\/wp-json\/wp\/v2\/product"}],"about":[{"href":"https:\/\/roveyayinevi.com.tr\/index.php\/wp-json\/wp\/v2\/types\/product"}],"wp:attachment":[{"href":"https:\/\/roveyayinevi.com.tr\/index.php\/wp-json\/wp\/v2\/media?parent=774901"}],"wp:term":[{"taxonomy":"product_brand","embeddable":true,"href":"https:\/\/roveyayinevi.com.tr\/index.php\/wp-json\/wp\/v2\/product_brand?post=774901"},{"taxonomy":"product_cat","embeddable":true,"href":"https:\/\/roveyayinevi.com.tr\/index.php\/wp-json\/wp\/v2\/product_cat?post=774901"},{"taxonomy":"product_tag","embeddable":true,"href":"https:\/\/roveyayinevi.com.tr\/index.php\/wp-json\/wp\/v2\/product_tag?post=774901"}],"curies":[{"name":"wp","href":"https:\/\/api.w.org\/{rel}","templated":true}]}}