{"id":774897,"date":"2025-09-09T12:57:22","date_gmt":"2025-09-09T09:57:22","guid":{"rendered":"https:\/\/roveyayinevi.com.tr\/index.php\/urun\/tut-elini\/"},"modified":"2026-04-16T02:32:26","modified_gmt":"2026-04-15T23:32:26","slug":"tut-elini","status":"publish","type":"product","link":"https:\/\/roveyayinevi.com.tr\/index.php\/urun\/tut-elini\/","title":{"rendered":"Tut Elini"},"content":{"rendered":"<p>Ger\u00e7ek sevgiyi, ancak cesaret g\u00f6sterenler deneyimler. Cesaret korkusuz olmak de\u011fil, korkuyla beraber hareket etmeye g\u00f6n\u00fcll\u00fc olmakt\u0131r. Mutlulu\u011fu yanl\u0131\u015f yerlerde arayanlar yaln\u0131zla\u015ft\u0131klar\u0131n\u0131 d\u00fc\u015f\u00fcn\u00fcr&#8230; Oysa kimse yaln\u0131z de\u011fildir! Bir elinle di\u011ferini tutarak kendine destek olabilir, mutlulu\u011fu beklemek yerine var edersin. Duygular hapis de\u011fil, \u00f6zg\u00fcrl\u00fc\u011fe a\u00e7\u0131lan k\u0131ymetli bir kap\u0131d\u0131r. Bu kitap korkular\u0131na ra\u011fmen ad\u0131m atmaya cesareti olanlar\u0131n beynini, kalbini ve bedenini d\u00f6n\u00fc\u015ft\u00fcrecek olan 9 haftal\u0131k bir program i\u00e7eriyor. S\u00fcre\u00e7 boyunca ya\u015fam\u0131n\u0131 yeniden yaratabilir, kendini d\u00f6n\u00fc\u015ft\u00fcrerek hayallerine yol a\u00e7abilirsin. Gelece\u011fin, sadece \u015fu andaki ellerinde. Hadi \u015fimdi cesur ol ve TUT EL\u0130N\u0130&#8230; <\/p>\n","protected":false},"excerpt":{"rendered":"<p>Ger\u00e7ek sevgiyi, ancak cesaret g\u00f6sterenler deneyimler. Cesaret korkusuz olmak de\u011fil, korkuyla beraber hareket etmeye g\u00f6n\u00fcll\u00fc olmakt\u0131r. Mutlulu\u011fu yanl\u0131\u015f yerlerde arayanlar yaln\u0131zla\u015ft\u0131klar\u0131n\u0131 d\u00fc\u015f\u00fcn\u00fcr&#8230; Oysa kimse yaln\u0131z de\u011fildir!<span class=\"excerpt-hellip\"> [\u2026]<\/span><\/p>\n","protected":false},"featured_media":0,"template":"","meta":{"_monsterinsights_skip_tracking":false,"_monsterinsights_sitenote_active":false,"_monsterinsights_sitenote_note":"","_monsterinsights_sitenote_category":0},"product_brand":[],"product_cat":[12364,12376],"product_tag":[],"class_list":{"0":"post-774897","1":"product","2":"type-product","3":"status-publish","5":"product_cat-genel-konular","6":"product_cat-kisisel-gelisim","7":"pa_cilt-ciltsiz","8":"pa_tur-kitap","9":"pa_yayinevi-destek-yayinlari","10":"pa_yazar-lara-tuksal","12":"first","13":"instock","14":"sale","15":"shipping-taxable","16":"purchasable","17":"product-type-simple"},"_links":{"self":[{"href":"https:\/\/roveyayinevi.com.tr\/index.php\/wp-json\/wp\/v2\/product\/774897","targetHints":{"allow":["GET"]}}],"collection":[{"href":"https:\/\/roveyayinevi.com.tr\/index.php\/wp-json\/wp\/v2\/product"}],"about":[{"href":"https:\/\/roveyayinevi.com.tr\/index.php\/wp-json\/wp\/v2\/types\/product"}],"wp:attachment":[{"href":"https:\/\/roveyayinevi.com.tr\/index.php\/wp-json\/wp\/v2\/media?parent=774897"}],"wp:term":[{"taxonomy":"product_brand","embeddable":true,"href":"https:\/\/roveyayinevi.com.tr\/index.php\/wp-json\/wp\/v2\/product_brand?post=774897"},{"taxonomy":"product_cat","embeddable":true,"href":"https:\/\/roveyayinevi.com.tr\/index.php\/wp-json\/wp\/v2\/product_cat?post=774897"},{"taxonomy":"product_tag","embeddable":true,"href":"https:\/\/roveyayinevi.com.tr\/index.php\/wp-json\/wp\/v2\/product_tag?post=774897"}],"curies":[{"name":"wp","href":"https:\/\/api.w.org\/{rel}","templated":true}]}}