{"id":774896,"date":"2025-09-09T12:56:39","date_gmt":"2025-09-09T09:56:39","guid":{"rendered":"https:\/\/roveyayinevi.com.tr\/index.php\/urun\/turk-mitolojisi-3\/"},"modified":"2026-04-16T02:32:24","modified_gmt":"2026-04-15T23:32:24","slug":"turk-mitolojisi-3","status":"publish","type":"product","link":"https:\/\/roveyayinevi.com.tr\/index.php\/urun\/turk-mitolojisi-3\/","title":{"rendered":"T\u00fcrk Mitolojisi"},"content":{"rendered":"<p>Mitoloji bir d\u00fcnya g\u00f6r\u00fc\u015f\u00fc sistemidir. Bu sistemilkel insanlar\u0131n kendi zamanlar\u0131na uygun dini vemitolojik tasavvurlar\u0131n\u0131n t\u00fcm\u00fcn\u00fc organize ediyor.Ayr\u0131ca ilkel insanlar\u0131n sosyal ya\u015fam\u0131n\u0131 y\u00f6neten,onlar\u0131 belirli normlarda koruyan ve gelecekzamanlara ileten bir inan\u00e7 sistemidir.Bu monografide de ilkel insanlar\u0131n tarihiyarat\u0131c\u0131l\u0131k d\u00f6neminde &#8220;yazar\u0131\u201d oldu\u011fu d\u00fcnya g\u00f6r\u00fc\u015f\u00fcn\u00e7e\u015fitli y\u00f6nleri, a\u015famalar\u0131, mitolojik karakterleri,totemleri ve k\u00fcltleri, ongun ve kutsal inan\u0131\u015flar\u0131,onlar\u0131n geli\u015fim d\u00fczeyleri, sembolleri, arketip (ilk\u00f6rnek) i\u015faretleri, rakam yaratma sistemi, mitolojikg\u00fcvenleri, romantik d\u00fcnya g\u00f6r\u00fc\u015fleri, onlar\u0131nfolklordaki yans\u0131malar\u0131, siyasi mitler, manevi mitler,romantik mitler, matematiksel mitler, sosyal mitler,tarihsel mitler, devletle ilgili siyasi mit ve ahlakimitler incelenmi\u015ftir.<\/p>\n","protected":false},"excerpt":{"rendered":"<p>Mitoloji bir d\u00fcnya g\u00f6r\u00fc\u015f\u00fc sistemidir. Bu sistemilkel insanlar\u0131n kendi zamanlar\u0131na uygun dini vemitolojik tasavvurlar\u0131n\u0131n t\u00fcm\u00fcn\u00fc organize ediyor.Ayr\u0131ca ilkel insanlar\u0131n sosyal ya\u015fam\u0131n\u0131 y\u00f6neten,onlar\u0131 belirli normlarda koruyan ve<span class=\"excerpt-hellip\"> [\u2026]<\/span><\/p>\n","protected":false},"featured_media":0,"template":"","meta":{"_monsterinsights_skip_tracking":false,"_monsterinsights_sitenote_active":false,"_monsterinsights_sitenote_note":"","_monsterinsights_sitenote_category":0},"product_brand":[],"product_cat":[12718,12858],"product_tag":[],"class_list":{"0":"post-774896","1":"product","2":"type-product","3":"status-publish","5":"product_cat-din","6":"product_cat-mitolojiler","7":"pa_cilt-ciltsiz","8":"pa_tur-kitap","9":"pa_yayinevi-astana-yayinlari","10":"pa_yazar-ramil-aliyev","12":"first","13":"instock","14":"sale","15":"shipping-taxable","16":"purchasable","17":"product-type-simple"},"_links":{"self":[{"href":"https:\/\/roveyayinevi.com.tr\/index.php\/wp-json\/wp\/v2\/product\/774896","targetHints":{"allow":["GET"]}}],"collection":[{"href":"https:\/\/roveyayinevi.com.tr\/index.php\/wp-json\/wp\/v2\/product"}],"about":[{"href":"https:\/\/roveyayinevi.com.tr\/index.php\/wp-json\/wp\/v2\/types\/product"}],"wp:attachment":[{"href":"https:\/\/roveyayinevi.com.tr\/index.php\/wp-json\/wp\/v2\/media?parent=774896"}],"wp:term":[{"taxonomy":"product_brand","embeddable":true,"href":"https:\/\/roveyayinevi.com.tr\/index.php\/wp-json\/wp\/v2\/product_brand?post=774896"},{"taxonomy":"product_cat","embeddable":true,"href":"https:\/\/roveyayinevi.com.tr\/index.php\/wp-json\/wp\/v2\/product_cat?post=774896"},{"taxonomy":"product_tag","embeddable":true,"href":"https:\/\/roveyayinevi.com.tr\/index.php\/wp-json\/wp\/v2\/product_tag?post=774896"}],"curies":[{"name":"wp","href":"https:\/\/api.w.org\/{rel}","templated":true}]}}