{"id":774895,"date":"2025-09-09T12:56:32","date_gmt":"2025-09-09T09:56:32","guid":{"rendered":"https:\/\/roveyayinevi.com.tr\/index.php\/urun\/ataturkun-okuduklari-ve-yazdiklari\/"},"modified":"2026-04-16T02:32:23","modified_gmt":"2026-04-15T23:32:23","slug":"ataturkun-okuduklari-ve-yazdiklari","status":"publish","type":"product","link":"https:\/\/roveyayinevi.com.tr\/index.php\/urun\/ataturkun-okuduklari-ve-yazdiklari\/","title":{"rendered":"Atat\u00fcrk&#8217;\u00fcn Okuduklar\u0131 ve Yazd\u0131klar\u0131"},"content":{"rendered":"<p>Atat\u00fcrk&#8217;\u00fcn okudu\u011fu kitaplar\u0131n say\u0131s\u0131 3997, yazd\u0131\u011f\u0131 kitaplar\u0131n say\u0131s\u0131 ise  14\u2019t\u00fcr.Bu \u00e7al\u0131\u015fma, Atat\u00fcrk\u2019\u00fcn kitaba olan yak\u0131n ilgisini, bir ba\u015fka deyi\u015fle bu y\u00fcce ki\u015filikte \u015fekillenen okuma tutkusunu, bu tutkunun boyutlar\u0131n\u0131 ve hangi konulara y\u00f6neldi\u011fini elden geldi\u011fince belirlemek amac\u0131yla yaz\u0131ld\u0131. Bu nedenle de Atat\u00fcrk, \u00e7o\u011fu yay\u0131nda g\u00f6r\u00fcld\u00fc\u011f\u00fc gibi, genel ya da bir konunun genelinde de\u011fil, salt okumakla ve kitapla ilgileri a\u00e7\u0131s\u0131ndan incelendi.  Yay\u0131nlanm\u0131\u015f bilgi ve belgelere dayan\u0131larak yap\u0131ld\u0131. Atat\u00fcrk\u2019\u00fcn yan\u0131nda, yak\u0131n\u0131nda yer alm\u0131\u015f, \u00e7evresinde bulunmu\u015f yak\u0131nlar\u0131n\u0131n ve yabanc\u0131lar\u0131n, do\u011frudan O\u2019nu konu alan yay\u0131nlar\u0131, \u00f6zetle onu tan\u0131yanlar ve kendi s\u00f6zleri kaynak al\u0131narak\u2026Ara\u015ft\u0131rmam\u0131z\u0131n g\u00fcn\u00fcm\u00fcz gen\u00e7li\u011fine ve gelecek ku\u015faklara bir \u0131\u015f\u0131k, bir kaynak olmas\u0131 dile\u011fiyle\u2026<\/p>\n","protected":false},"excerpt":{"rendered":"<p>Atat\u00fcrk&#8217;\u00fcn okudu\u011fu kitaplar\u0131n say\u0131s\u0131 3997, yazd\u0131\u011f\u0131 kitaplar\u0131n say\u0131s\u0131 ise 14\u2019t\u00fcr.Bu \u00e7al\u0131\u015fma, Atat\u00fcrk\u2019\u00fcn kitaba olan yak\u0131n ilgisini, bir ba\u015fka deyi\u015fle bu y\u00fcce ki\u015filikte \u015fekillenen okuma tutkusunu, bu<span class=\"excerpt-hellip\"> [\u2026]<\/span><\/p>\n","protected":false},"featured_media":0,"template":"","meta":{"_monsterinsights_skip_tracking":false,"_monsterinsights_sitenote_active":false,"_monsterinsights_sitenote_note":"","_monsterinsights_sitenote_category":0},"product_brand":[],"product_cat":[12370,12304],"product_tag":[],"class_list":{"0":"post-774895","1":"product","2":"type-product","3":"status-publish","5":"product_cat-arastirma-inceleme","6":"product_cat-tarih","7":"pa_cilt-ciltsiz","8":"pa_tur-kitap","9":"pa_yayinevi-omca-yayinlari","10":"pa_yazar-zehra-kardes","12":"first","13":"instock","14":"sale","15":"shipping-taxable","16":"purchasable","17":"product-type-simple"},"_links":{"self":[{"href":"https:\/\/roveyayinevi.com.tr\/index.php\/wp-json\/wp\/v2\/product\/774895","targetHints":{"allow":["GET"]}}],"collection":[{"href":"https:\/\/roveyayinevi.com.tr\/index.php\/wp-json\/wp\/v2\/product"}],"about":[{"href":"https:\/\/roveyayinevi.com.tr\/index.php\/wp-json\/wp\/v2\/types\/product"}],"wp:attachment":[{"href":"https:\/\/roveyayinevi.com.tr\/index.php\/wp-json\/wp\/v2\/media?parent=774895"}],"wp:term":[{"taxonomy":"product_brand","embeddable":true,"href":"https:\/\/roveyayinevi.com.tr\/index.php\/wp-json\/wp\/v2\/product_brand?post=774895"},{"taxonomy":"product_cat","embeddable":true,"href":"https:\/\/roveyayinevi.com.tr\/index.php\/wp-json\/wp\/v2\/product_cat?post=774895"},{"taxonomy":"product_tag","embeddable":true,"href":"https:\/\/roveyayinevi.com.tr\/index.php\/wp-json\/wp\/v2\/product_tag?post=774895"}],"curies":[{"name":"wp","href":"https:\/\/api.w.org\/{rel}","templated":true}]}}