{"id":774894,"date":"2025-09-09T12:54:43","date_gmt":"2025-09-09T09:54:43","guid":{"rendered":"https:\/\/roveyayinevi.com.tr\/index.php\/urun\/en-guzel-tuyunu-kaybeden-kus\/"},"modified":"2026-04-16T02:32:15","modified_gmt":"2026-04-15T23:32:15","slug":"en-guzel-tuyunu-kaybeden-kus","status":"publish","type":"product","link":"https:\/\/roveyayinevi.com.tr\/index.php\/urun\/en-guzel-tuyunu-kaybeden-kus\/","title":{"rendered":"En G\u00fczel T\u00fcy\u00fcn\u00fc Kaybeden Ku\u015f"},"content":{"rendered":"<p>Galata Kulesi\u2019nin en y\u00fcksek yerinde duran ku\u015f her \u015feyi g\u00f6rebiliyordu. Birden g\u00fcne\u015f tamamen gri bulutlar\u0131n arkas\u0131nda kald\u0131. R\u00fczg\u00e2r esti, esti, esti&#8230; B\u00fct\u00fcn t\u00fcylerinde r\u00fczg\u00e2r\u0131n g\u00fcc\u00fcn\u00fc hissedebiliyordu. Tam en g\u00fczel t\u00fcy\u00fcn\u00fc sevecekti ki\u2026 O da ne? T\u00fcy yerinde yoktu!<\/p>\n","protected":false},"excerpt":{"rendered":"<p>Galata Kulesi\u2019nin en y\u00fcksek yerinde duran ku\u015f her \u015feyi g\u00f6rebiliyordu. Birden g\u00fcne\u015f tamamen gri bulutlar\u0131n arkas\u0131nda kald\u0131. R\u00fczg\u00e2r esti, esti, esti&#8230; B\u00fct\u00fcn t\u00fcylerinde r\u00fczg\u00e2r\u0131n g\u00fcc\u00fcn\u00fc hissedebiliyordu.<span class=\"excerpt-hellip\"> [\u2026]<\/span><\/p>\n","protected":false},"featured_media":0,"template":"","meta":{"_monsterinsights_skip_tracking":false,"_monsterinsights_sitenote_active":false,"_monsterinsights_sitenote_note":"","_monsterinsights_sitenote_category":0},"product_brand":[],"product_cat":[12274,12284],"product_tag":[],"class_list":{"0":"post-774894","1":"product","2":"type-product","3":"status-publish","5":"product_cat-cocuk-ve-genclik-kitaplari","6":"product_cat-hikayeler","7":"pa_cilt-ciltsiz","8":"pa_tur-kitap","9":"pa_yayinevi-abm-yayinevi","10":"pa_yazar-yurdanur-ay-pasa","12":"first","13":"instock","14":"sale","15":"shipping-taxable","16":"purchasable","17":"product-type-simple"},"_links":{"self":[{"href":"https:\/\/roveyayinevi.com.tr\/index.php\/wp-json\/wp\/v2\/product\/774894","targetHints":{"allow":["GET"]}}],"collection":[{"href":"https:\/\/roveyayinevi.com.tr\/index.php\/wp-json\/wp\/v2\/product"}],"about":[{"href":"https:\/\/roveyayinevi.com.tr\/index.php\/wp-json\/wp\/v2\/types\/product"}],"wp:attachment":[{"href":"https:\/\/roveyayinevi.com.tr\/index.php\/wp-json\/wp\/v2\/media?parent=774894"}],"wp:term":[{"taxonomy":"product_brand","embeddable":true,"href":"https:\/\/roveyayinevi.com.tr\/index.php\/wp-json\/wp\/v2\/product_brand?post=774894"},{"taxonomy":"product_cat","embeddable":true,"href":"https:\/\/roveyayinevi.com.tr\/index.php\/wp-json\/wp\/v2\/product_cat?post=774894"},{"taxonomy":"product_tag","embeddable":true,"href":"https:\/\/roveyayinevi.com.tr\/index.php\/wp-json\/wp\/v2\/product_tag?post=774894"}],"curies":[{"name":"wp","href":"https:\/\/api.w.org\/{rel}","templated":true}]}}