{"id":774893,"date":"2025-09-09T12:53:22","date_gmt":"2025-09-09T09:53:22","guid":{"rendered":"https:\/\/roveyayinevi.com.tr\/index.php\/urun\/olgu-ile-kurgu-arasinda-esari-gelenegin-siilik-algisi\/"},"modified":"2026-04-16T02:32:15","modified_gmt":"2026-04-15T23:32:15","slug":"olgu-ile-kurgu-arasinda-esari-gelenegin-siilik-algisi","status":"publish","type":"product","link":"https:\/\/roveyayinevi.com.tr\/index.php\/urun\/olgu-ile-kurgu-arasinda-esari-gelenegin-siilik-algisi\/","title":{"rendered":"Olgu ile Kurgu Aras\u0131nda E\u015f&#8217;ari Gelene\u011fin \u015eiilik Alg\u0131s\u0131"},"content":{"rendered":"<p>Bug\u00fcn \u015ei\u00ee-S\u00fcnn\u00ee ili\u015fkilerinde bir gerilim h\u00e2kimdir. \u0130slam d\u00fcnyas\u0131nda en \u00e7ok m\u00fcntesibi bulunan iki mezhep aras\u0131ndaki sosyo-politik ili\u015fkiler, yaln\u0131zca mensuplar\u0131n\u0131n de\u011fil, b\u00fct\u00fcn \u0130slam\u2019\u0131n kaderini etkileyebilecek bir mahiyet arz etmektedir. Bu gerilimin arka plan\u0131nda g\u00fcncel siyas\u00ee tart\u0131\u015fmalar\u0131n bulundu\u011funda ku\u015fku yoksa da hi\u00e7 ku\u015fkusuz daha k\u00f6klerinde kar\u015f\u0131l\u0131kl\u0131 alg\u0131 problemleri yatmaktad\u0131r. Bu y\u00fczden iki mezhep aras\u0131ndaki ihtilaflar\u0131 k\u00f6r\u00fckleyen olumsuz alg\u0131n\u0131n tarihsel k\u00f6klerini tespit etmek, M\u00fcsl\u00fcmanlar\u0131n birbirlerine bak\u0131\u015flar\u0131ndaki sorunlu bak\u0131\u015f a\u00e7\u0131lar\u0131n\u0131 ortaya koymak ve b\u00f6ylece atalar\u0131ndan miras ald\u0131klar\u0131 paradigmalarla hesapla\u015fmalar\u0131n\u0131 sa\u011flamak, sadece akademik bir merak de\u011fil, ayn\u0131 zamanda toplumsal bir g\u00f6rev te\u015fkil etmektedir.Elimizdeki eser, s\u00f6z konusu bak\u0131\u015f a\u00e7\u0131s\u0131n\u0131n ortaya \u00e7\u0131kard\u0131\u011f\u0131 bir doktora tezidir. \u0130slam Mezhepleri Tarihi\u2019nin en vel\u00fct geleneklerinden birisi olan E\u015f\u02bbar\u00ee gelene\u011fin \u015ei\u00eelik alg\u0131s\u0131n\u0131n mahiyetini, tarihsel k\u00f6klerini ve sorunlu y\u00f6nlerini tespit etmeye odaklanmaktad\u0131r. \u00c7\u00fcnk\u00fc bu gelenek, bug\u00fcn dahi mezhepler \u00fczerine yap\u0131lan ara\u015ft\u0131rmalar\u0131n en temel referans kaynaklar\u0131 aras\u0131nda yer almakta ve \u00e7ok sayda insan\u0131n mezheplere bak\u0131\u015f\u0131n\u0131n genel \u00e7er\u00e7evesini belirlemeye devam etmektedir.<\/p>\n","protected":false},"excerpt":{"rendered":"<p>Bug\u00fcn \u015ei\u00ee-S\u00fcnn\u00ee ili\u015fkilerinde bir gerilim h\u00e2kimdir. \u0130slam d\u00fcnyas\u0131nda en \u00e7ok m\u00fcntesibi bulunan iki mezhep aras\u0131ndaki sosyo-politik ili\u015fkiler, yaln\u0131zca mensuplar\u0131n\u0131n de\u011fil, b\u00fct\u00fcn \u0130slam\u2019\u0131n kaderini etkileyebilecek bir mahiyet<span class=\"excerpt-hellip\"> [\u2026]<\/span><\/p>\n","protected":false},"featured_media":0,"template":"","meta":{"_monsterinsights_skip_tracking":false,"_monsterinsights_sitenote_active":false,"_monsterinsights_sitenote_note":"","_monsterinsights_sitenote_category":0},"product_brand":[],"product_cat":[12718,12719],"product_tag":[],"class_list":{"0":"post-774893","1":"product","2":"type-product","3":"status-publish","5":"product_cat-din","6":"product_cat-islam","7":"pa_cilt-ciltsiz","8":"pa_tur-kitap","9":"pa_yayinevi-astana-yayinlari","10":"pa_yazar-umit-toru","12":"first","13":"instock","14":"sale","15":"shipping-taxable","16":"purchasable","17":"product-type-simple"},"_links":{"self":[{"href":"https:\/\/roveyayinevi.com.tr\/index.php\/wp-json\/wp\/v2\/product\/774893","targetHints":{"allow":["GET"]}}],"collection":[{"href":"https:\/\/roveyayinevi.com.tr\/index.php\/wp-json\/wp\/v2\/product"}],"about":[{"href":"https:\/\/roveyayinevi.com.tr\/index.php\/wp-json\/wp\/v2\/types\/product"}],"wp:attachment":[{"href":"https:\/\/roveyayinevi.com.tr\/index.php\/wp-json\/wp\/v2\/media?parent=774893"}],"wp:term":[{"taxonomy":"product_brand","embeddable":true,"href":"https:\/\/roveyayinevi.com.tr\/index.php\/wp-json\/wp\/v2\/product_brand?post=774893"},{"taxonomy":"product_cat","embeddable":true,"href":"https:\/\/roveyayinevi.com.tr\/index.php\/wp-json\/wp\/v2\/product_cat?post=774893"},{"taxonomy":"product_tag","embeddable":true,"href":"https:\/\/roveyayinevi.com.tr\/index.php\/wp-json\/wp\/v2\/product_tag?post=774893"}],"curies":[{"name":"wp","href":"https:\/\/api.w.org\/{rel}","templated":true}]}}