{"id":774890,"date":"2025-09-09T12:45:34","date_gmt":"2025-09-09T09:45:34","guid":{"rendered":"https:\/\/roveyayinevi.com.tr\/index.php\/urun\/hayat-cesurlara-torpil-gecer\/"},"modified":"2026-04-08T02:38:40","modified_gmt":"2026-04-07T23:38:40","slug":"hayat-cesurlara-torpil-gecer","status":"publish","type":"product","link":"https:\/\/roveyayinevi.com.tr\/index.php\/urun\/hayat-cesurlara-torpil-gecer\/","title":{"rendered":"Hayat Cesurlara Torpil Ge\u00e7er"},"content":{"rendered":"<p>Hayat sadece yola \u00e7\u0131kmay\u0131 g\u00f6ze alanlar\u0131 kahramanla\u015ft\u0131r\u0131r&#8230;   Y\u0131ld\u0131r\u0131m ayn\u0131 yere iki kere d\u00fc\u015fer mi? D\u00fc\u015fer&#8230; \u0130ki kere de d\u00fc\u015fer, \u00fc\u00e7 kere de. Yeter ki ya\u011fmurun alt\u0131nda durmaya cesaret et. \u00d6fkeyle, rekabetle, k\u00fc\u00e7\u00fcmsemeyle, ele\u015ftiriyle ve yarg\u0131yla dolu konforlu alan\u0131n\u0131 terk edebilmeyi ba\u015fard\u0131\u011f\u0131nda haz\u0131r oldu\u011fun seni bulur. Unutma ki, arad\u0131\u011f\u0131n da seni ar\u0131yor. Ya\u015fam\u0131n\u0131n d\u00fcmeni kendi ellerinde&#8230; Kalbinin rehberli\u011fini kimsenin karanl\u0131k kuyular\u0131nda yitirme. U\u00e7urumlar, d\u00fcmeni k\u0131raca\u011f\u0131n rotay\u0131 verirler sana. \u0130htiyac\u0131n olan tek \u015fey cesaret&#8230; Yola \u00e7\u0131kmaya, ya\u011fmurda \u0131slanmaya, kahraman olmaya cesaret et&#8230; <\/p>\n","protected":false},"excerpt":{"rendered":"<p>Hayat sadece yola \u00e7\u0131kmay\u0131 g\u00f6ze alanlar\u0131 kahramanla\u015ft\u0131r\u0131r&#8230; Y\u0131ld\u0131r\u0131m ayn\u0131 yere iki kere d\u00fc\u015fer mi? D\u00fc\u015fer&#8230; \u0130ki kere de d\u00fc\u015fer, \u00fc\u00e7 kere de. Yeter ki ya\u011fmurun alt\u0131nda<span class=\"excerpt-hellip\"> [\u2026]<\/span><\/p>\n","protected":false},"featured_media":0,"template":"","meta":{"_monsterinsights_skip_tracking":false,"_monsterinsights_sitenote_active":false,"_monsterinsights_sitenote_note":"","_monsterinsights_sitenote_category":0},"product_brand":[],"product_cat":[12364,12376],"product_tag":[],"class_list":{"0":"post-774890","1":"product","2":"type-product","3":"status-publish","5":"product_cat-genel-konular","6":"product_cat-kisisel-gelisim","7":"pa_cilt-ciltsiz","8":"pa_tur-kitap","9":"pa_yayinevi-destek-yayinlari","10":"pa_yazar-bircan-yildirim","12":"first","13":"instock","14":"sale","15":"shipping-taxable","16":"purchasable","17":"product-type-simple"},"_links":{"self":[{"href":"https:\/\/roveyayinevi.com.tr\/index.php\/wp-json\/wp\/v2\/product\/774890","targetHints":{"allow":["GET"]}}],"collection":[{"href":"https:\/\/roveyayinevi.com.tr\/index.php\/wp-json\/wp\/v2\/product"}],"about":[{"href":"https:\/\/roveyayinevi.com.tr\/index.php\/wp-json\/wp\/v2\/types\/product"}],"wp:attachment":[{"href":"https:\/\/roveyayinevi.com.tr\/index.php\/wp-json\/wp\/v2\/media?parent=774890"}],"wp:term":[{"taxonomy":"product_brand","embeddable":true,"href":"https:\/\/roveyayinevi.com.tr\/index.php\/wp-json\/wp\/v2\/product_brand?post=774890"},{"taxonomy":"product_cat","embeddable":true,"href":"https:\/\/roveyayinevi.com.tr\/index.php\/wp-json\/wp\/v2\/product_cat?post=774890"},{"taxonomy":"product_tag","embeddable":true,"href":"https:\/\/roveyayinevi.com.tr\/index.php\/wp-json\/wp\/v2\/product_tag?post=774890"}],"curies":[{"name":"wp","href":"https:\/\/api.w.org\/{rel}","templated":true}]}}