{"id":774889,"date":"2025-09-09T12:43:13","date_gmt":"2025-09-09T09:43:13","guid":{"rendered":"https:\/\/roveyayinevi.com.tr\/index.php\/urun\/tevekkul\/"},"modified":"2025-09-09T12:43:13","modified_gmt":"2025-09-09T09:43:13","slug":"tevekkul","status":"publish","type":"product","link":"https:\/\/roveyayinevi.com.tr\/index.php\/urun\/tevekkul\/","title":{"rendered":"Tevekk\u00fcl"},"content":{"rendered":"<p>Allah nedir? O&#8217;nu ger\u00e7ekten tan\u0131yor muyuz? Herkes Allah hakk\u0131nda bir \u015feyler s\u00f6yl\u00fcyor. Peki, hi\u00e7 d\u00fc\u015f\u00fcnd\u00fcn\u00fcz m\u00fc, Allah kendisini bizlere nas\u0131l anlat\u0131yor? \u0130\u00e7imizdeki \u00f6z\u00fc fark ederek kad\u0131n, erkek, \u00e7ocuk, ya\u015fl\u0131 demeden herkesi kucaklayan, sevgi dolu ger\u00e7ek Yarat\u0131c\u0131\u2019y\u0131 ke\u015ffetmeye haz\u0131r m\u0131s\u0131n\u0131z?Sonucu Allah&#8217;a b\u0131rakmadan \u00f6nce elimizden gelenin en iyisini yapmal\u0131y\u0131z. Zihinlere yerle\u015fmi\u015f, yanl\u0131\u015f alg\u0131lardan kurtularak huzur dolu bir yolculu\u011fa \u00e7\u0131kman\u0131n tam zaman\u0131. Rabb\u2019i ve \u00f6\u011fretilerini do\u011fru \u015fekilde kavramak, ya\u015fam yolculu\u011funda g\u00f6sterebilece\u011fimiz en g\u00fczel eylem olacakt\u0131r. Do\u011fru bildi\u011fimiz yanl\u0131\u015flar\u0131 g\u00f6zler \u00f6n\u00fcne sererek, kuantumdan ibadetlere, Big Bang&#8217;den kadere kadar, k\u00e2inat ve ya\u015famla ilgili merak etti\u011finiz bir\u00e7ok konuyu ak\u0131c\u0131, anla\u015f\u0131l\u0131r bir dil ve Kur\u2019an ayetleriyle ayd\u0131nlatmay\u0131 ama\u00e7layan bu kitap, Allah&#8217;\u0131 ve sistemini kavramak ad\u0131na \u00e7\u0131kt\u0131\u011f\u0131n\u0131z yolculukta tevekk\u00fcl\u00fcn\u00fcz\u00fcn ba\u015flang\u0131c\u0131 olsun. \u00c2min.<\/p>\n","protected":false},"excerpt":{"rendered":"<p>Allah nedir? O&#8217;nu ger\u00e7ekten tan\u0131yor muyuz? Herkes Allah hakk\u0131nda bir \u015feyler s\u00f6yl\u00fcyor. Peki, hi\u00e7 d\u00fc\u015f\u00fcnd\u00fcn\u00fcz m\u00fc, Allah kendisini bizlere nas\u0131l anlat\u0131yor? \u0130\u00e7imizdeki \u00f6z\u00fc fark ederek kad\u0131n,<span class=\"excerpt-hellip\"> [\u2026]<\/span><\/p>\n","protected":false},"featured_media":0,"template":"","meta":{"_monsterinsights_skip_tracking":false,"_monsterinsights_sitenote_active":false,"_monsterinsights_sitenote_note":"","_monsterinsights_sitenote_category":0},"product_brand":[],"product_cat":[16789,12718,12719],"product_tag":[],"class_list":{"0":"post-774889","1":"product","2":"type-product","3":"status-publish","5":"product_cat-diger-islam","6":"product_cat-din","7":"product_cat-islam","8":"pa_cilt-ciltsiz","9":"pa_tur-kitap","10":"pa_yayinevi-olimpos-yayinlari","11":"pa_yazar-sebnem-tacigut","13":"first","14":"instock","15":"sale","16":"shipping-taxable","17":"purchasable","18":"product-type-simple"},"_links":{"self":[{"href":"https:\/\/roveyayinevi.com.tr\/index.php\/wp-json\/wp\/v2\/product\/774889","targetHints":{"allow":["GET"]}}],"collection":[{"href":"https:\/\/roveyayinevi.com.tr\/index.php\/wp-json\/wp\/v2\/product"}],"about":[{"href":"https:\/\/roveyayinevi.com.tr\/index.php\/wp-json\/wp\/v2\/types\/product"}],"wp:attachment":[{"href":"https:\/\/roveyayinevi.com.tr\/index.php\/wp-json\/wp\/v2\/media?parent=774889"}],"wp:term":[{"taxonomy":"product_brand","embeddable":true,"href":"https:\/\/roveyayinevi.com.tr\/index.php\/wp-json\/wp\/v2\/product_brand?post=774889"},{"taxonomy":"product_cat","embeddable":true,"href":"https:\/\/roveyayinevi.com.tr\/index.php\/wp-json\/wp\/v2\/product_cat?post=774889"},{"taxonomy":"product_tag","embeddable":true,"href":"https:\/\/roveyayinevi.com.tr\/index.php\/wp-json\/wp\/v2\/product_tag?post=774889"}],"curies":[{"name":"wp","href":"https:\/\/api.w.org\/{rel}","templated":true}]}}