{"id":774888,"date":"2025-09-09T12:42:54","date_gmt":"2025-09-09T09:42:54","guid":{"rendered":"https:\/\/roveyayinevi.com.tr\/index.php\/urun\/baloncukta-yasayan-cocuk\/"},"modified":"2025-09-09T12:42:54","modified_gmt":"2025-09-09T09:42:54","slug":"baloncukta-yasayan-cocuk","status":"publish","type":"product","link":"https:\/\/roveyayinevi.com.tr\/index.php\/urun\/baloncukta-yasayan-cocuk\/","title":{"rendered":"Baloncukta Ya\u015fayan \u00c7ocuk"},"content":{"rendered":"<p>Baz\u0131 S\u00fcper Kahramanlar\u0131n Pelerini Yoktur.\u201cAmir deliydi. Akl\u0131n\u0131 ka\u00e7\u0131rm\u0131\u015ft\u0131. Ama hastane deli birini \u00e7al\u0131\u015ft\u0131rmazd\u0131. Onunla g\u00f6r\u00fc\u015fm\u00fc\u015f, vas\u0131flar\u0131n\u0131 de\u011ferlendirmi\u015f olmal\u0131yd\u0131lar. Acaba y\u00f6neticilerle hi\u00e7 kar\u015f\u0131la\u015fmam\u0131\u015f olabilir miydi? Belki Hindistan\u2019dan da gelmemi\u015fti. Uzay gemisiyle gelip gece yar\u0131s\u0131 buraya gizlice girmi\u015fti belki.\u201dSainsbury En \u0130yi \u00c7ocuk Kitab\u0131 \u00d6d\u00fcl\u00fcOn bir ya\u015f\u0131ndaki Joe, a\u011f\u0131r ba\u011f\u0131\u015f\u0131kl\u0131k yetmezli\u011fi y\u00fcz\u00fcnden kendini bildi bileli hastane odas\u0131ndad\u0131r. G\u00fcnleri k\u00fc\u00e7\u00fck penceresinden Londra \u00e7at\u0131lar\u0131n\u0131 seyretmek ve etraf\u0131n\u0131 ku\u015fatan makinelerin seslerini dinlemekle ge\u00e7mektedir. Onun i\u00e7in d\u0131\u015far\u0131 ad\u0131m atmak \u015f\u00f6yle dursun, say\u0131l\u0131 ziyaret\u00e7isiyle g\u00f6r\u00fc\u015fmek bile \u201cbaloncu\u011funa\u201d \u00f6l\u00fcmc\u00fcl mikroplar\u0131n girmesini g\u00f6ze almak demektir. Fakat bir g\u00fcn Joe\u2019nun hayat\u0131na yeni biri girer ve her \u015fey de\u011fi\u015fiverir.Baloncukta Ya\u015fayan \u00c7ocuk, Joe\u2019nun hastane odas\u0131nda s\u00fcrd\u00fc\u011f\u00fc hayat\u0131n, yaln\u0131zl\u0131k ve k\u0131s\u0131tlanm\u0131\u015fl\u0131\u011f\u0131yla ba\u015fa \u00e7\u0131k\u0131\u015f\u0131n\u0131n, b\u00fcy\u00fck bir cesaret, merak ve umutla s\u0131n\u0131rlar\u0131 olmayan bir gelece\u011fe bak\u0131\u015f\u0131n\u0131n \u00f6yk\u00fcs\u00fc. Bu kitap, okurlar\u0131na s\u00fcper kahramanlar, s\u00fcper hem\u015fireler ve birka\u00e7 damla g\u00f6zya\u015f\u0131 vadediyor.\u201cY\u00fcrek burkan, umut veren, \u00e7arp\u0131c\u0131 bir hik\u00e2ye.\u201dThe Bookseller\u201cJoe\u2019nun odas\u0131 k\u00fc\u00e7\u00fck ama iyimserli\u011fi ve daima yan\u0131nda olan dostlar\u0131 sayesinde d\u00fcnyas\u0131 \u00e7ok daha b\u00fcy\u00fck.\u201dKirkus Reviews <\/p>\n","protected":false},"excerpt":{"rendered":"<p>Baz\u0131 S\u00fcper Kahramanlar\u0131n Pelerini Yoktur.\u201cAmir deliydi. Akl\u0131n\u0131 ka\u00e7\u0131rm\u0131\u015ft\u0131. Ama hastane deli birini \u00e7al\u0131\u015ft\u0131rmazd\u0131. Onunla g\u00f6r\u00fc\u015fm\u00fc\u015f, vas\u0131flar\u0131n\u0131 de\u011ferlendirmi\u015f olmal\u0131yd\u0131lar. Acaba y\u00f6neticilerle hi\u00e7 kar\u015f\u0131la\u015fmam\u0131\u015f olabilir miydi? Belki Hindistan\u2019dan<span class=\"excerpt-hellip\"> [\u2026]<\/span><\/p>\n","protected":false},"featured_media":0,"template":"","meta":{"_monsterinsights_skip_tracking":false,"_monsterinsights_sitenote_active":false,"_monsterinsights_sitenote_note":"","_monsterinsights_sitenote_category":0},"product_brand":[],"product_cat":[12274,12284],"product_tag":[],"class_list":{"0":"post-774888","1":"product","2":"type-product","3":"status-publish","5":"product_cat-cocuk-ve-genclik-kitaplari","6":"product_cat-hikayeler","7":"pa_cilt-ciltsiz","8":"pa_tur-kitap","9":"pa_yayinevi-pegasus-yayinlari","10":"pa_yazar-stewart-foster","12":"first","13":"instock","14":"sale","15":"shipping-taxable","16":"purchasable","17":"product-type-simple"},"_links":{"self":[{"href":"https:\/\/roveyayinevi.com.tr\/index.php\/wp-json\/wp\/v2\/product\/774888","targetHints":{"allow":["GET"]}}],"collection":[{"href":"https:\/\/roveyayinevi.com.tr\/index.php\/wp-json\/wp\/v2\/product"}],"about":[{"href":"https:\/\/roveyayinevi.com.tr\/index.php\/wp-json\/wp\/v2\/types\/product"}],"wp:attachment":[{"href":"https:\/\/roveyayinevi.com.tr\/index.php\/wp-json\/wp\/v2\/media?parent=774888"}],"wp:term":[{"taxonomy":"product_brand","embeddable":true,"href":"https:\/\/roveyayinevi.com.tr\/index.php\/wp-json\/wp\/v2\/product_brand?post=774888"},{"taxonomy":"product_cat","embeddable":true,"href":"https:\/\/roveyayinevi.com.tr\/index.php\/wp-json\/wp\/v2\/product_cat?post=774888"},{"taxonomy":"product_tag","embeddable":true,"href":"https:\/\/roveyayinevi.com.tr\/index.php\/wp-json\/wp\/v2\/product_tag?post=774888"}],"curies":[{"name":"wp","href":"https:\/\/api.w.org\/{rel}","templated":true}]}}