{"id":774887,"date":"2025-09-09T12:40:21","date_gmt":"2025-09-09T09:40:21","guid":{"rendered":"https:\/\/roveyayinevi.com.tr\/index.php\/urun\/kayip-gokyuzu\/"},"modified":"2026-04-16T02:29:55","modified_gmt":"2026-04-15T23:29:55","slug":"kayip-gokyuzu","status":"publish","type":"product","link":"https:\/\/roveyayinevi.com.tr\/index.php\/urun\/kayip-gokyuzu\/","title":{"rendered":"Kay\u0131p G\u00f6ky\u00fcz\u00fc"},"content":{"rendered":"<p>B\u00fcy\u00fcl\u00fc New York k\u0131\u015f\u0131na, 2119\u2019a ho\u015f geldin.Teknolojinin g\u00f6z al\u0131c\u0131 \u0131\u015f\u0131lt\u0131s\u0131yla ayd\u0131nlanan bin katl\u0131 Kule, seni g\u00f6lgelerin karalt\u0131s\u0131yla y\u00fczle\u015fmeye davet ediyor.Ger\u00e7eklerin hayallerle beslendi\u011fi g\u00f6kdelen \u015fehir, i\u00e7inde saklad\u0131\u011f\u0131 s\u0131rlarla \u00e7alkalan\u0131yor.Leda\u2019n\u0131n tek iste\u011fi Dubai&#8217;de olanlar\u0131 arkas\u0131nda b\u0131rakabilmek. Ancak yeni bir polis soru\u015fturmas\u0131, onu b\u00fct\u00fcn y\u0131l unutmaya \u00e7al\u0131\u015ft\u0131\u011f\u0131 k\u00e2busun ortas\u0131na yeniden at\u0131yor.Rylin eski hayat\u0131na, eski sevgilisi Hiral\u2019a geri d\u00f6n\u00fcyor&#8230; Fakat \u00e7ok ge\u00e7meden, iki d\u00fcnya aras\u0131ndaki par\u00e7alanm\u0131\u015f hayat\u0131yla ba\u015f ba\u015fa kal\u0131yor.Calliope, daha \u00f6nce hi\u00e7 deneyimlemedi\u011fi yerle\u015fik hayat i\u00e7inde kendini kapana k\u0131s\u0131lm\u0131\u015f hissediyor. Avery ile yapt\u0131\u011f\u0131 pazarl\u0131k tahmin etti\u011finden de pahal\u0131ya mal oluyor.Watt ise h\u00e2l\u00e2 umutsuzca Leda&#8217;ya \u00e2\u015f\u0131k. Onu geri kazanmaki\u00e7in her \u015feyi yap\u0131yor. Peki ya g\u00f6m\u00fcl\u00fc kalmas\u0131 gereken s\u0131rlar\u0131 a\u015fk\u0131 i\u00e7in kaz\u0131p \u00e7\u0131karacak kadar cesur mu?Ve Avery&#8230; Bininci kat\u0131n sakini yeni erkek arkada\u015f\u0131 Max ile birlikte \u0130ngiltere&#8217;den d\u00f6n\u00fcyor. Hayat\u0131 her zamankinden daha m\u00fckemmel g\u00f6r\u00fcn\u00fcyor. \u0130yi ama i\u00e7inde neden bir \u015feylerin tersgidece\u011fine dair bir his var?Ger\u00e7eklerle y\u00fczle\u015fmek zordur ve bazen zirvenin b\u00fcy\u00fcs\u00fcnden vazge\u00e7meyi gerektirir.Bininci Kat serisinin \u00fc\u00e7\u00fcnc\u00fc ve son kitab\u0131 Kay\u0131p G\u00f6ky\u00fcz\u00fc ile serbest d\u00fc\u015f\u00fc\u015fe haz\u0131r m\u0131s\u0131n? <\/p>\n","protected":false},"excerpt":{"rendered":"<p>B\u00fcy\u00fcl\u00fc New York k\u0131\u015f\u0131na, 2119\u2019a ho\u015f geldin.Teknolojinin g\u00f6z al\u0131c\u0131 \u0131\u015f\u0131lt\u0131s\u0131yla ayd\u0131nlanan bin katl\u0131 Kule, seni g\u00f6lgelerin karalt\u0131s\u0131yla y\u00fczle\u015fmeye davet ediyor.Ger\u00e7eklerin hayallerle beslendi\u011fi g\u00f6kdelen \u015fehir, i\u00e7inde saklad\u0131\u011f\u0131<span class=\"excerpt-hellip\"> [\u2026]<\/span><\/p>\n","protected":false},"featured_media":0,"template":"","meta":{"_monsterinsights_skip_tracking":false,"_monsterinsights_sitenote_active":false,"_monsterinsights_sitenote_note":"","_monsterinsights_sitenote_category":0},"product_brand":[],"product_cat":[12291,14777],"product_tag":[],"class_list":{"0":"post-774887","1":"product","2":"type-product","3":"status-publish","5":"product_cat-edebiyat","6":"product_cat-fantastik","7":"pa_cilt-ciltsiz","8":"pa_tur-kitap","9":"pa_yayinevi-dex-yayinevi","10":"pa_yazar-katharine-mcgee","12":"first","13":"instock","14":"sale","15":"shipping-taxable","16":"purchasable","17":"product-type-simple"},"_links":{"self":[{"href":"https:\/\/roveyayinevi.com.tr\/index.php\/wp-json\/wp\/v2\/product\/774887","targetHints":{"allow":["GET"]}}],"collection":[{"href":"https:\/\/roveyayinevi.com.tr\/index.php\/wp-json\/wp\/v2\/product"}],"about":[{"href":"https:\/\/roveyayinevi.com.tr\/index.php\/wp-json\/wp\/v2\/types\/product"}],"wp:attachment":[{"href":"https:\/\/roveyayinevi.com.tr\/index.php\/wp-json\/wp\/v2\/media?parent=774887"}],"wp:term":[{"taxonomy":"product_brand","embeddable":true,"href":"https:\/\/roveyayinevi.com.tr\/index.php\/wp-json\/wp\/v2\/product_brand?post=774887"},{"taxonomy":"product_cat","embeddable":true,"href":"https:\/\/roveyayinevi.com.tr\/index.php\/wp-json\/wp\/v2\/product_cat?post=774887"},{"taxonomy":"product_tag","embeddable":true,"href":"https:\/\/roveyayinevi.com.tr\/index.php\/wp-json\/wp\/v2\/product_tag?post=774887"}],"curies":[{"name":"wp","href":"https:\/\/api.w.org\/{rel}","templated":true}]}}