{"id":774885,"date":"2025-09-09T12:35:41","date_gmt":"2025-09-09T09:35:41","guid":{"rendered":"https:\/\/roveyayinevi.com.tr\/index.php\/urun\/kolay-emzirme-teknikleri\/"},"modified":"2026-04-16T02:29:25","modified_gmt":"2026-04-15T23:29:25","slug":"kolay-emzirme-teknikleri","status":"publish","type":"product","link":"https:\/\/roveyayinevi.com.tr\/index.php\/urun\/kolay-emzirme-teknikleri\/","title":{"rendered":"Kolay Emzirme Teknikleri"},"content":{"rendered":"<p>Yapmay\u0131 Bildi\u011finizde Her \u015eey Kolayla\u015f\u0131rG\u00f6\u011fs\u00fcn\u00fcz\u00fcn boyutu ne olursa olsun Kolay Emzirme Teknikleri ile emzirme, do\u011fas\u0131n\u0131n gerektirdi\u011fi kadar belirgin ve basit olacak! Ad\u0131m ad\u0131m a\u00e7\u0131klayan renkli \u00e7izimlerle ve akl\u0131n\u0131za gelebilecek her t\u00fcrl\u00fc soruna kar\u015f\u0131 \u00e7\u00f6z\u00fcm sunan b\u00f6l\u00fcmlerle dopdolu olan bu kitap sayesinde, Miskin Metodu size \u015fu konularda yard\u0131mc\u0131 olacak:- Sadece v\u00fccudunuza ve bebe\u011finize uygun \u015fekilde emzirerek bereketli bir s\u00fct \u00fcretim miktar\u0131 elde edecek ve onu koruyacaks\u0131n\u0131z.- Bebe\u011finize ve sadece size \u00f6zel olan v\u00fccut \u015feklinize uyacak pozisyonlar\u0131 se\u00e7erek hem rahat hem de verimli \u015fekilde emzireceksiniz.- \u0130yi bir emzirme g\u00fcn\u00fcn\u00fcn ard\u0131ndan yeterince uzun bir uykunun keyfini s\u00fcreceksiniz.Evet, ikisini birden yapman\u0131z m\u00fcmk\u00fcn!- \u00d6n\u00fcn\u00fcze \u00e7\u0131kan her engeli a\u015fabilecek ve daha pek \u00e7ok \u015feyi ba\u015farabileceksiniz.Ba\u011f\u0131ms\u0131z bir emzirme uzman\u0131 olan ve y\u0131llarca annelerin hem faydal\u0131 hem de s\u00fcrd\u00fcr\u00fclebilir \u00e7\u00f6z\u00fcmler bulmalar\u0131na yard\u0131m ederek kendi benzersiz y\u00f6ntemini \u015fekillendiren Geraldine Miskin taraf\u0131ndan yaz\u0131lan Kolay Emzirme Teknikleri, h\u0131zl\u0131 bir bi\u00e7imde d\u00fczg\u00fcn emzirebilmeniz ve yol boyunca kar\u015f\u0131la\u015ft\u0131\u011f\u0131n\u0131z her p\u00fcr\u00fcz\u00fc kolayca atlatabilmeniz i\u00e7in sizi e\u011fitecek, g\u00fc\u00e7lendirecek ve donatacak.\u201cMuhte\u015fem bir bi\u00e7imde sunulan ve net bir \u015fekilde \u00f6rneklendirilen bu kitap bir devrim niteli\u011finde. Her yeni annede mutlaka bulunmas\u0131 gerek.\u201dDr. Donald Gibb, Kad\u0131n Do\u011fum Uzman\u0131\u201cGeraldine oyunun kurallar\u0131n\u0131 de\u011fi\u015ftiriyor. Onun ki\u015fiye \u00f6zel \u00e7\u00f6z\u00fcmleri her anne ve \u00e7ocu\u011fun farkl\u0131 oldu\u011funu kabul ediyor. Di\u011fer kitaplar\u0131 at\u0131n; modern annelerin ihtiya\u00e7 duydu\u011fu emzirme deste\u011fi bu kitapta.\u201dDeborah Turness, NBC Haber Sunucusu ve iki \u00e7ocuk annesi<\/p>\n","protected":false},"excerpt":{"rendered":"<p>Yapmay\u0131 Bildi\u011finizde Her \u015eey Kolayla\u015f\u0131rG\u00f6\u011fs\u00fcn\u00fcz\u00fcn boyutu ne olursa olsun Kolay Emzirme Teknikleri ile emzirme, do\u011fas\u0131n\u0131n gerektirdi\u011fi kadar belirgin ve basit olacak! Ad\u0131m ad\u0131m a\u00e7\u0131klayan renkli \u00e7izimlerle<span class=\"excerpt-hellip\"> [\u2026]<\/span><\/p>\n","protected":false},"featured_media":0,"template":"","meta":{"_monsterinsights_skip_tracking":false,"_monsterinsights_sitenote_active":false,"_monsterinsights_sitenote_note":"","_monsterinsights_sitenote_category":0},"product_brand":[],"product_cat":[17996,12364],"product_tag":[],"class_list":{"0":"post-774885","1":"product","2":"type-product","3":"status-publish","5":"product_cat-ebeveyn-kitaplari","6":"product_cat-genel-konular","7":"pa_cilt-ciltsiz","8":"pa_tur-kitap","9":"pa_yayinevi-yediveren-yayinlari","10":"pa_yazar-geraldine-miskin","12":"first","13":"instock","14":"sale","15":"shipping-taxable","16":"purchasable","17":"product-type-simple"},"_links":{"self":[{"href":"https:\/\/roveyayinevi.com.tr\/index.php\/wp-json\/wp\/v2\/product\/774885","targetHints":{"allow":["GET"]}}],"collection":[{"href":"https:\/\/roveyayinevi.com.tr\/index.php\/wp-json\/wp\/v2\/product"}],"about":[{"href":"https:\/\/roveyayinevi.com.tr\/index.php\/wp-json\/wp\/v2\/types\/product"}],"wp:attachment":[{"href":"https:\/\/roveyayinevi.com.tr\/index.php\/wp-json\/wp\/v2\/media?parent=774885"}],"wp:term":[{"taxonomy":"product_brand","embeddable":true,"href":"https:\/\/roveyayinevi.com.tr\/index.php\/wp-json\/wp\/v2\/product_brand?post=774885"},{"taxonomy":"product_cat","embeddable":true,"href":"https:\/\/roveyayinevi.com.tr\/index.php\/wp-json\/wp\/v2\/product_cat?post=774885"},{"taxonomy":"product_tag","embeddable":true,"href":"https:\/\/roveyayinevi.com.tr\/index.php\/wp-json\/wp\/v2\/product_tag?post=774885"}],"curies":[{"name":"wp","href":"https:\/\/api.w.org\/{rel}","templated":true}]}}