{"id":774881,"date":"2025-09-09T12:31:04","date_gmt":"2025-09-09T09:31:04","guid":{"rendered":"https:\/\/roveyayinevi.com.tr\/index.php\/urun\/buluslarim-2\/"},"modified":"2026-04-16T02:28:46","modified_gmt":"2026-04-15T23:28:46","slug":"buluslarim-2","status":"publish","type":"product","link":"https:\/\/roveyayinevi.com.tr\/index.php\/urun\/buluslarim-2\/","title":{"rendered":"Bulu\u015flar\u0131m"},"content":{"rendered":"<p>\u0130nsan\u0131n devaml\u0131 ileriye y\u00f6nelik geli\u015fimi, mutlak surette yapt\u0131\u011f\u0131 bulu\u015flara ba\u011fl\u0131d\u0131r. Yarat\u0131c\u0131 beynin en \u00f6nemli \u00fcr\u00fcnleri olan bulu\u015flar\u0131n nihai amac\u0131; maddi d\u00fcnya kar\u015f\u0131s\u0131nda zihne h\u00e2kim olmak ve do\u011fan\u0131n g\u00fc\u00e7lerini ihtiya\u00e7lar\u0131m\u0131z\u0131 kar\u015f\u0131lamak i\u00e7in kullanmakt\u0131r. Bu genellikle yanl\u0131\u015f anla\u015f\u0131lan ve k\u0131ymeti bilinmeyen mucidin \u00f6n\u00fcndeki zorlu g\u00f6revdir. Ancak o, yetkilerinin imk\u00e2n k\u0131ld\u0131\u011f\u0131 \u00e7al\u0131\u015fmalar\u0131n verdi\u011fi keyifle ve yoklu\u011fu durumunda insan \u0131rk\u0131n\u0131n uzun zaman \u00f6nce amans\u0131z \u015fartlara kar\u015f\u0131 verdi\u011fi ac\u0131 m\u00fccadeleyi kaybetmi\u015f olaca\u011f\u0131 bilgisiyle ola\u011fan\u00fcst\u00fc imtiyazl\u0131 bir s\u0131n\u0131ftan geldi\u011fini kendine hat\u0131rlatarak avunur.   \u0130lk defa 1919\u2019da Electrical Experimenter adl\u0131 teknik bilim dergisinde yay\u0131mlanan Bulu\u015flar\u0131m\u2019da, zaman\u0131nda \u201cyanl\u0131\u015f anla\u015f\u0131lm\u0131\u015f\u201d ve \u201ck\u0131ymeti bilinmemi\u015f\u201d olan \u00f6nemli mucit Nikola Tesla\u2019n\u0131n hayat hik\u00e2yesini ve bulu\u015flar\u0131n\u0131 bizzat kendisinden \u00f6\u011frenme \u015fans\u0131 yakal\u0131yoruz. <\/p>\n","protected":false},"excerpt":{"rendered":"<p>\u0130nsan\u0131n devaml\u0131 ileriye y\u00f6nelik geli\u015fimi, mutlak surette yapt\u0131\u011f\u0131 bulu\u015flara ba\u011fl\u0131d\u0131r. Yarat\u0131c\u0131 beynin en \u00f6nemli \u00fcr\u00fcnleri olan bulu\u015flar\u0131n nihai amac\u0131; maddi d\u00fcnya kar\u015f\u0131s\u0131nda zihne h\u00e2kim olmak ve<span class=\"excerpt-hellip\"> [\u2026]<\/span><\/p>\n","protected":false},"featured_media":0,"template":"","meta":{"_monsterinsights_skip_tracking":false,"_monsterinsights_sitenote_active":false,"_monsterinsights_sitenote_note":"","_monsterinsights_sitenote_category":0},"product_brand":[],"product_cat":[13005,15998],"product_tag":[],"class_list":{"0":"post-774881","1":"product","2":"type-product","3":"status-publish","5":"product_cat-bilim-muhendislik","6":"product_cat-bilim-tarihi","7":"pa_cilt-ciltsiz","8":"pa_tur-kitap","9":"pa_yayinevi-indigo-kitap","10":"pa_yazar-nikola-tesla","12":"first","13":"instock","14":"sale","15":"shipping-taxable","16":"purchasable","17":"product-type-simple"},"_links":{"self":[{"href":"https:\/\/roveyayinevi.com.tr\/index.php\/wp-json\/wp\/v2\/product\/774881","targetHints":{"allow":["GET"]}}],"collection":[{"href":"https:\/\/roveyayinevi.com.tr\/index.php\/wp-json\/wp\/v2\/product"}],"about":[{"href":"https:\/\/roveyayinevi.com.tr\/index.php\/wp-json\/wp\/v2\/types\/product"}],"wp:attachment":[{"href":"https:\/\/roveyayinevi.com.tr\/index.php\/wp-json\/wp\/v2\/media?parent=774881"}],"wp:term":[{"taxonomy":"product_brand","embeddable":true,"href":"https:\/\/roveyayinevi.com.tr\/index.php\/wp-json\/wp\/v2\/product_brand?post=774881"},{"taxonomy":"product_cat","embeddable":true,"href":"https:\/\/roveyayinevi.com.tr\/index.php\/wp-json\/wp\/v2\/product_cat?post=774881"},{"taxonomy":"product_tag","embeddable":true,"href":"https:\/\/roveyayinevi.com.tr\/index.php\/wp-json\/wp\/v2\/product_tag?post=774881"}],"curies":[{"name":"wp","href":"https:\/\/api.w.org\/{rel}","templated":true}]}}