{"id":774879,"date":"2025-09-09T12:28:26","date_gmt":"2025-09-09T09:28:26","guid":{"rendered":"https:\/\/roveyayinevi.com.tr\/index.php\/urun\/umberto-arte-ile-sanat\/"},"modified":"2026-04-16T02:28:40","modified_gmt":"2026-04-15T23:28:40","slug":"umberto-arte-ile-sanat","status":"publish","type":"product","link":"https:\/\/roveyayinevi.com.tr\/index.php\/urun\/umberto-arte-ile-sanat\/","title":{"rendered":"Umberto Arte ile Sanat"},"content":{"rendered":"<p>Vincent van Gogh, Leonardo da Vinci, Raffaello Sanzio, Vladimir Tatlin, Pieter Bruegel, Hans Holbein, Louis Gallait, Andrew Wyeth ve daha kimler kimler&#8230;Her biri resim sanat\u0131n\u0131n ustalar\u0131, g\u00f6rsel sanatlarda birer d\u00e2hi&#8230;Resim sanat\u0131yla ilgilenen de, ilgilenmeyen de g\u00f6rd\u00fc\u011f\u00fc an muhakkak tan\u0131r onlar\u0131n eserlerini.Ancak bu eserlerin bir de bilinmeyen y\u00f6nleri vard\u0131r ki ayr\u0131ca bir kitap konusudur.Umberto Arte \u0130le Sanat e\u015fsiz eserlerin ve d\u00e2hi yarat\u0131c\u0131lar\u0131n\u0131n bilinmeyenleriyle dolu, ger\u00e7ek bir \u201csanat okuyuculu\u011fu\u201d rehberi.Yolu daha \u00f6nce hi\u00e7bir sanat eseriyle kesi\u015fmemi\u015f olanlar\u0131n bile keyifle ve kolayl\u0131kla i\u00e7ine dahil olabilece\u011fi, son derece lezzetli ve tatmin edici bir sanat sohbeti vaat ediyor bu kitap&#8230;<\/p>\n","protected":false},"excerpt":{"rendered":"<p>Vincent van Gogh, Leonardo da Vinci, Raffaello Sanzio, Vladimir Tatlin, Pieter Bruegel, Hans Holbein, Louis Gallait, Andrew Wyeth ve daha kimler kimler&#8230;Her biri resim sanat\u0131n\u0131n ustalar\u0131,<span class=\"excerpt-hellip\"> [\u2026]<\/span><\/p>\n","protected":false},"featured_media":0,"template":"","meta":{"_monsterinsights_skip_tracking":false,"_monsterinsights_sitenote_active":false,"_monsterinsights_sitenote_note":"","_monsterinsights_sitenote_category":0},"product_brand":[],"product_cat":[12408,14197],"product_tag":[],"class_list":{"0":"post-774879","1":"product","2":"type-product","3":"status-publish","5":"product_cat-sanat","6":"product_cat-sanat-tarihi","7":"pa_cilt-ciltsiz","8":"pa_tur-kitap","9":"pa_yayinevi-destek-yayinlari","10":"pa_yazar-umberto-arte","12":"first","13":"instock","14":"sale","15":"shipping-taxable","16":"purchasable","17":"product-type-simple"},"_links":{"self":[{"href":"https:\/\/roveyayinevi.com.tr\/index.php\/wp-json\/wp\/v2\/product\/774879","targetHints":{"allow":["GET"]}}],"collection":[{"href":"https:\/\/roveyayinevi.com.tr\/index.php\/wp-json\/wp\/v2\/product"}],"about":[{"href":"https:\/\/roveyayinevi.com.tr\/index.php\/wp-json\/wp\/v2\/types\/product"}],"wp:attachment":[{"href":"https:\/\/roveyayinevi.com.tr\/index.php\/wp-json\/wp\/v2\/media?parent=774879"}],"wp:term":[{"taxonomy":"product_brand","embeddable":true,"href":"https:\/\/roveyayinevi.com.tr\/index.php\/wp-json\/wp\/v2\/product_brand?post=774879"},{"taxonomy":"product_cat","embeddable":true,"href":"https:\/\/roveyayinevi.com.tr\/index.php\/wp-json\/wp\/v2\/product_cat?post=774879"},{"taxonomy":"product_tag","embeddable":true,"href":"https:\/\/roveyayinevi.com.tr\/index.php\/wp-json\/wp\/v2\/product_tag?post=774879"}],"curies":[{"name":"wp","href":"https:\/\/api.w.org\/{rel}","templated":true}]}}