{"id":774877,"date":"2025-09-09T12:26:35","date_gmt":"2025-09-09T09:26:35","guid":{"rendered":"https:\/\/roveyayinevi.com.tr\/index.php\/urun\/bay-fisiltinin-kutuphanesi\/"},"modified":"2026-04-16T02:28:05","modified_gmt":"2026-04-15T23:28:05","slug":"bay-fisiltinin-kutuphanesi","status":"publish","type":"product","link":"https:\/\/roveyayinevi.com.tr\/index.php\/urun\/bay-fisiltinin-kutuphanesi\/","title":{"rendered":"Bay F\u0131s\u0131lt\u0131\u2019n\u0131n K\u00fct\u00fcphanesi"},"content":{"rendered":"<p>Kuzey Orman\u0131\u2019n\u0131n derinliklerinde Bay F\u0131s\u0131lt\u0131 ad\u0131nda tatl\u0131 bir sincap ya\u015fard\u0131. Bembeyaz t\u00fcyleri olan bu tonton sincap kitap okumay\u0131 \u00e7ok severdi. Ormandaki b\u00fcy\u00fck k\u00fct\u00fcphane ona emanetti, hangi kitap nerede \u015f\u0131p diye bilirdi. Ancak kocaman k\u00fct\u00fcphanenin t\u00fcm i\u015flerine tek ba\u015f\u0131na yeti\u015femiyordu art\u0131k. Ve bir g\u00fcn Bay F\u0131s\u0131lt\u0131\u2019n\u0131n akl\u0131na harika bir fikir geldi: Yan\u0131na bir yard\u0131mc\u0131 alsa ne g\u00fczel olurdu! Kitap okumay\u0131 \u00e7ok seven \u0130spinoz bu i\u015f i\u00e7in bi\u00e7ilmi\u015f kaftand\u0131. Ancak minik \u0130spinoz\u2019u ilk i\u015f g\u00fcn\u00fcnde tatl\u0131 bir s\u00fcrpriz bekliyordu. Belki de en sevdi\u011fi masal kahraman\u0131yla tan\u0131\u015fmas\u0131 an meselesiydi\u2026 <\/p>\n","protected":false},"excerpt":{"rendered":"<p>Kuzey Orman\u0131\u2019n\u0131n derinliklerinde Bay F\u0131s\u0131lt\u0131 ad\u0131nda tatl\u0131 bir sincap ya\u015fard\u0131. Bembeyaz t\u00fcyleri olan bu tonton sincap kitap okumay\u0131 \u00e7ok severdi. Ormandaki b\u00fcy\u00fck k\u00fct\u00fcphane ona emanetti, hangi<span class=\"excerpt-hellip\"> [\u2026]<\/span><\/p>\n","protected":false},"featured_media":0,"template":"","meta":{"_monsterinsights_skip_tracking":false,"_monsterinsights_sitenote_active":false,"_monsterinsights_sitenote_note":"","_monsterinsights_sitenote_category":0},"product_brand":[],"product_cat":[12274,12284],"product_tag":[],"class_list":{"0":"post-774877","1":"product","2":"type-product","3":"status-publish","5":"product_cat-cocuk-ve-genclik-kitaplari","6":"product_cat-hikayeler","7":"pa_cilt-ciltsiz","8":"pa_tur-kitap","9":"pa_yayinevi-masalperest-ozel-urun","10":"pa_yazar-sema-gunaydin-cinar","12":"first","13":"instock","14":"sale","15":"shipping-taxable","16":"purchasable","17":"product-type-simple"},"_links":{"self":[{"href":"https:\/\/roveyayinevi.com.tr\/index.php\/wp-json\/wp\/v2\/product\/774877","targetHints":{"allow":["GET"]}}],"collection":[{"href":"https:\/\/roveyayinevi.com.tr\/index.php\/wp-json\/wp\/v2\/product"}],"about":[{"href":"https:\/\/roveyayinevi.com.tr\/index.php\/wp-json\/wp\/v2\/types\/product"}],"wp:attachment":[{"href":"https:\/\/roveyayinevi.com.tr\/index.php\/wp-json\/wp\/v2\/media?parent=774877"}],"wp:term":[{"taxonomy":"product_brand","embeddable":true,"href":"https:\/\/roveyayinevi.com.tr\/index.php\/wp-json\/wp\/v2\/product_brand?post=774877"},{"taxonomy":"product_cat","embeddable":true,"href":"https:\/\/roveyayinevi.com.tr\/index.php\/wp-json\/wp\/v2\/product_cat?post=774877"},{"taxonomy":"product_tag","embeddable":true,"href":"https:\/\/roveyayinevi.com.tr\/index.php\/wp-json\/wp\/v2\/product_tag?post=774877"}],"curies":[{"name":"wp","href":"https:\/\/api.w.org\/{rel}","templated":true}]}}