{"id":774873,"date":"2025-09-09T12:22:27","date_gmt":"2025-09-09T09:22:27","guid":{"rendered":"https:\/\/roveyayinevi.com.tr\/index.php\/urun\/nasil-olunur-2\/"},"modified":"2026-04-16T02:27:40","modified_gmt":"2026-04-15T23:27:40","slug":"nasil-olunur-2","status":"publish","type":"product","link":"https:\/\/roveyayinevi.com.tr\/index.php\/urun\/nasil-olunur-2\/","title":{"rendered":"Nas\u0131l \u00d6l\u00fcn\u00fcr"},"content":{"rendered":"<p>\u00d6l\u00fcm ger\u00e7ek, \u00f6l\u00fcm d\u00f6\u015fe\u011fi tabu, cenaze ortak, yas bireysel\u2026 Peki \u00f6l\u00fcm herkesi e\u015fitler mi?Romanlar\u0131ndan tan\u0131d\u0131\u011f\u0131m\u0131z \u00c9mile Zola\u2019dan toplumsal ve ekonomik ko\u015fullar\u0131n \u00f6l\u00fcm\u00fc nas\u0131l \u015fekillendirdi\u011fini g\u00f6zler \u00f6n\u00fcne seren \u00e7arp\u0131c\u0131 be\u015f \u00f6yk\u00fc. Aristokrat, burjuva, esnaf, k\u00f6yl\u00fc ve i\u015f\u00e7i ailelerinin bu s\u00fcreci nas\u0131l ya\u015fad\u0131klar\u0131n\u0131 olanca sadeli\u011fiyle ve toplumsal \u00e7er\u00e7eveden kopmadan sergileyen be\u015f tablo.<\/p>\n","protected":false},"excerpt":{"rendered":"<p>\u00d6l\u00fcm ger\u00e7ek, \u00f6l\u00fcm d\u00f6\u015fe\u011fi tabu, cenaze ortak, yas bireysel\u2026 Peki \u00f6l\u00fcm herkesi e\u015fitler mi?Romanlar\u0131ndan tan\u0131d\u0131\u011f\u0131m\u0131z \u00c9mile Zola\u2019dan toplumsal ve ekonomik ko\u015fullar\u0131n \u00f6l\u00fcm\u00fc nas\u0131l \u015fekillendirdi\u011fini g\u00f6zler \u00f6n\u00fcne<span class=\"excerpt-hellip\"> [\u2026]<\/span><\/p>\n","protected":false},"featured_media":0,"template":"","meta":{"_monsterinsights_skip_tracking":false,"_monsterinsights_sitenote_active":false,"_monsterinsights_sitenote_note":"","_monsterinsights_sitenote_category":0},"product_brand":[],"product_cat":[12291,12711],"product_tag":[],"class_list":{"0":"post-774873","1":"product","2":"type-product","3":"status-publish","5":"product_cat-edebiyat","6":"product_cat-roman-oyku","7":"pa_cilt-ciltsiz","8":"pa_tur-kitap","9":"pa_yayinevi-can-yayinlari","10":"pa_yazar-emile-zola","12":"first","13":"instock","14":"sale","15":"shipping-taxable","16":"purchasable","17":"product-type-simple"},"_links":{"self":[{"href":"https:\/\/roveyayinevi.com.tr\/index.php\/wp-json\/wp\/v2\/product\/774873","targetHints":{"allow":["GET"]}}],"collection":[{"href":"https:\/\/roveyayinevi.com.tr\/index.php\/wp-json\/wp\/v2\/product"}],"about":[{"href":"https:\/\/roveyayinevi.com.tr\/index.php\/wp-json\/wp\/v2\/types\/product"}],"wp:attachment":[{"href":"https:\/\/roveyayinevi.com.tr\/index.php\/wp-json\/wp\/v2\/media?parent=774873"}],"wp:term":[{"taxonomy":"product_brand","embeddable":true,"href":"https:\/\/roveyayinevi.com.tr\/index.php\/wp-json\/wp\/v2\/product_brand?post=774873"},{"taxonomy":"product_cat","embeddable":true,"href":"https:\/\/roveyayinevi.com.tr\/index.php\/wp-json\/wp\/v2\/product_cat?post=774873"},{"taxonomy":"product_tag","embeddable":true,"href":"https:\/\/roveyayinevi.com.tr\/index.php\/wp-json\/wp\/v2\/product_tag?post=774873"}],"curies":[{"name":"wp","href":"https:\/\/api.w.org\/{rel}","templated":true}]}}