{"id":774871,"date":"2025-09-09T12:21:50","date_gmt":"2025-09-09T09:21:50","guid":{"rendered":"https:\/\/roveyayinevi.com.tr\/index.php\/urun\/kalbin-akli\/"},"modified":"2026-02-03T02:41:39","modified_gmt":"2026-02-02T23:41:39","slug":"kalbin-akli","status":"publish","type":"product","link":"https:\/\/roveyayinevi.com.tr\/index.php\/urun\/kalbin-akli\/","title":{"rendered":"Kalbin Akl\u0131"},"content":{"rendered":"<p>Kalp ile ak\u0131l aras\u0131ndaki dengeyi bulamayan modern insan\u0131n s\u0131k\u0131\u015fm\u0131\u015fl\u0131\u011f\u0131na medeniyet ve kendilik \u00fczerinden \u00e7are arayan bu eser, Sava\u015f Bark\u00e7in&#8217;in y\u0131llar i\u00e7inde yay\u0131nlad\u0131\u011f\u0131 yaz\u0131lar ve m\u00fclakatlardan olu\u015fuyor. Kalp ve ak\u0131l \u00fczerinden bir perspektif olu\u015fturmaya \u00e7al\u0131\u015fan kitab\u0131n ana ekseni &#8220;medeniyet&#8221; kavram\u0131. Bark\u00e7in, \u015fimdilerde \u00e7ok\u00e7a duyulan ve giderek bir kli\u015feye d\u00f6n\u00fc\u015fen bu kavram\u0131 \u00e7e\u015fitli boyutlar\u0131yla inceliyor. Modern uygarl\u0131\u011f\u0131n gitgide hayat\u0131m\u0131zdan tasfiye etti\u011fi geleneksel medeniyet dinamiklerini\/inceliklerini g\u00fcnl\u00fck sohbetlerimizden musikimize kadar \u00f6rneklendiren Kalbin Akl\u0131; teorik de\u011fil pratik bir metin olarak \u00f6ne \u00e7\u0131k\u0131yor. Kitab\u0131n ikinci ekseni ise &#8220;kendilik&#8221; kavram\u0131. &#8220;200 y\u0131ld\u0131r temel meselemiz hep s\u00f6ylenildi\u011fi gibi g\u00fcc\u00fcm\u00fcz\u00fc de\u011fil, as\u0131l kendimizi kaybetmi\u015f olmam\u0131z&#8221; diyen Bark\u00e7in, kulland\u0131\u011f\u0131 kavramlardan bilimsel izahlara kadar ba\u015fkalar\u0131n\u0131n referanslar\u0131yla hareket edenlere kar\u015f\u0131 &#8220;kendi&#8221; olman\u0131n \u00f6nemini hat\u0131rlat\u0131yor.<\/p>\n","protected":false},"excerpt":{"rendered":"<p>Kalp ile ak\u0131l aras\u0131ndaki dengeyi bulamayan modern insan\u0131n s\u0131k\u0131\u015fm\u0131\u015fl\u0131\u011f\u0131na medeniyet ve kendilik \u00fczerinden \u00e7are arayan bu eser, Sava\u015f Bark\u00e7in&#8217;in y\u0131llar i\u00e7inde yay\u0131nlad\u0131\u011f\u0131 yaz\u0131lar ve m\u00fclakatlardan olu\u015fuyor.<span class=\"excerpt-hellip\"> [\u2026]<\/span><\/p>\n","protected":false},"featured_media":0,"template":"","meta":{"_monsterinsights_skip_tracking":false,"_monsterinsights_sitenote_active":false,"_monsterinsights_sitenote_note":"","_monsterinsights_sitenote_category":0},"product_brand":[],"product_cat":[12718,12719,12720],"product_tag":[],"class_list":{"0":"post-774871","1":"product","2":"type-product","3":"status-publish","5":"product_cat-din","6":"product_cat-islam","7":"product_cat-tasavvuf-mezhepler-tarikatlar","8":"pa_cilt-ciltsiz","9":"pa_tur-kitap","10":"pa_yayinevi-insan-yayinlari","11":"pa_yazar-savas-s-barkcin","13":"first","14":"instock","15":"sale","16":"shipping-taxable","17":"purchasable","18":"product-type-simple"},"_links":{"self":[{"href":"https:\/\/roveyayinevi.com.tr\/index.php\/wp-json\/wp\/v2\/product\/774871","targetHints":{"allow":["GET"]}}],"collection":[{"href":"https:\/\/roveyayinevi.com.tr\/index.php\/wp-json\/wp\/v2\/product"}],"about":[{"href":"https:\/\/roveyayinevi.com.tr\/index.php\/wp-json\/wp\/v2\/types\/product"}],"wp:attachment":[{"href":"https:\/\/roveyayinevi.com.tr\/index.php\/wp-json\/wp\/v2\/media?parent=774871"}],"wp:term":[{"taxonomy":"product_brand","embeddable":true,"href":"https:\/\/roveyayinevi.com.tr\/index.php\/wp-json\/wp\/v2\/product_brand?post=774871"},{"taxonomy":"product_cat","embeddable":true,"href":"https:\/\/roveyayinevi.com.tr\/index.php\/wp-json\/wp\/v2\/product_cat?post=774871"},{"taxonomy":"product_tag","embeddable":true,"href":"https:\/\/roveyayinevi.com.tr\/index.php\/wp-json\/wp\/v2\/product_tag?post=774871"}],"curies":[{"name":"wp","href":"https:\/\/api.w.org\/{rel}","templated":true}]}}