{"id":774868,"date":"2025-09-09T12:20:25","date_gmt":"2025-09-09T09:20:25","guid":{"rendered":"https:\/\/roveyayinevi.com.tr\/index.php\/urun\/gunes-ulkesi-5\/"},"modified":"2026-04-16T02:27:33","modified_gmt":"2026-04-15T23:27:33","slug":"gunes-ulkesi-5","status":"publish","type":"product","link":"https:\/\/roveyayinevi.com.tr\/index.php\/urun\/gunes-ulkesi-5\/","title":{"rendered":"G\u00fcne\u015f \u00dclkesi"},"content":{"rendered":"<p>\u00dctopyac\u0131 d\u00fc\u015f\u00fcncenin en eski \u00f6rneklerinde, insan\u0131 evrensel bir mutluluk i\u00e7inde g\u00f6ren ve b\u00fcy\u00fck dinlerin \u201ccennet\u201d tasar\u0131mlar\u0131na yans\u0131m\u0131\u015f olan \u201cAlt\u0131n \u00c7a\u011f\u201d \u00f6zlemi yatar. Hesiodos\u2019un dizelerinde bu \u00e7a\u011f, insanlar\u0131n me\u015fakkatlerden, ac\u0131lardan, k\u00f6t\u00fc ya\u015fl\u0131l\u0131ktan \u201cuzak ya\u015fad\u0131klar\u0131\u201d bir \u00e7a\u011fd\u0131r, dev bir masal \u00fclkesini and\u0131r\u0131r. Topra\u011f\u0131n y\u0131lda iki kez \u00fcr\u00fcn verdi\u011fi, Platon\u2019un ada-\u00fclkesi Atlantis, merkezden d\u0131\u015fa do\u011fru \u00fc\u00e7 s\u0131ra kanalla ve en d\u0131\u015fta y\u00fcksek bir duvarla \u201cd\u0131\u015f d\u00fcnya\u201dya kapanm\u0131\u015ft\u0131r. Bu \u00fclkenin insanlar\u0131 \u00f6teki insanlardan farkl\u0131, tanr\u0131sal bir \u00f6z ta\u015f\u0131rlar. Yeni\u00e7a\u011fda More ve Campanella\u2019y\u0131 etkileyen bir ilk kaynaksa Iambulos\u2019unG\u00fcne\u015f Adalar\u0131\u2019d\u0131r. Herkesin mutluluktan, bolluktan ve hayat zevklerinden e\u015fit pay ald\u0131\u011f\u0131 bu ekvator adas\u0131nda g\u00fcne\u015f her yere e\u015fit da\u011f\u0131l\u0131r. Adalar\u0131 \u00e7evreleyen su bile tatl\u0131d\u0131r.Campanella\u2019n\u0131nG\u00fcne\u015f\u00dclkesi\u2019nin o her yana e\u015fit yay\u0131lan s\u0131cakl\u0131\u011f\u0131; \u00f6zel m\u00fclkiyete, ki\u015fisel sahiplenmelere yer vermeyen, \u00fctopyac\u0131 bir \u00fclkede \u201cya\u015famakta\u201dd\u0131r. G\u00f6r\u00fclen o ki, ideallerinin \u00e7o\u011fu h\u00e2l\u00e2 ger\u00e7ekle\u015fmeyi beklemektedir; demek ki bizden de uzun ya\u015famaya adayd\u0131r&#8230; <\/p>\n","protected":false},"excerpt":{"rendered":"<p>\u00dctopyac\u0131 d\u00fc\u015f\u00fcncenin en eski \u00f6rneklerinde, insan\u0131 evrensel bir mutluluk i\u00e7inde g\u00f6ren ve b\u00fcy\u00fck dinlerin \u201ccennet\u201d tasar\u0131mlar\u0131na yans\u0131m\u0131\u015f olan \u201cAlt\u0131n \u00c7a\u011f\u201d \u00f6zlemi yatar. Hesiodos\u2019un dizelerinde bu \u00e7a\u011f,<span class=\"excerpt-hellip\"> [\u2026]<\/span><\/p>\n","protected":false},"featured_media":0,"template":"","meta":{"_monsterinsights_skip_tracking":false,"_monsterinsights_sitenote_active":false,"_monsterinsights_sitenote_note":"","_monsterinsights_sitenote_category":0},"product_brand":[],"product_cat":[12389,12388],"product_tag":[],"class_list":{"0":"post-774868","1":"product","2":"type-product","3":"status-publish","5":"product_cat-diger-felsefe","6":"product_cat-felsefe","7":"pa_cilt-ciltsiz","8":"pa_tur-kitap","9":"pa_yayinevi-ayrinti-yayinlari","10":"pa_yazar-tommaso-campanella","12":"first","13":"instock","14":"sale","15":"shipping-taxable","16":"purchasable","17":"product-type-simple"},"_links":{"self":[{"href":"https:\/\/roveyayinevi.com.tr\/index.php\/wp-json\/wp\/v2\/product\/774868","targetHints":{"allow":["GET"]}}],"collection":[{"href":"https:\/\/roveyayinevi.com.tr\/index.php\/wp-json\/wp\/v2\/product"}],"about":[{"href":"https:\/\/roveyayinevi.com.tr\/index.php\/wp-json\/wp\/v2\/types\/product"}],"wp:attachment":[{"href":"https:\/\/roveyayinevi.com.tr\/index.php\/wp-json\/wp\/v2\/media?parent=774868"}],"wp:term":[{"taxonomy":"product_brand","embeddable":true,"href":"https:\/\/roveyayinevi.com.tr\/index.php\/wp-json\/wp\/v2\/product_brand?post=774868"},{"taxonomy":"product_cat","embeddable":true,"href":"https:\/\/roveyayinevi.com.tr\/index.php\/wp-json\/wp\/v2\/product_cat?post=774868"},{"taxonomy":"product_tag","embeddable":true,"href":"https:\/\/roveyayinevi.com.tr\/index.php\/wp-json\/wp\/v2\/product_tag?post=774868"}],"curies":[{"name":"wp","href":"https:\/\/api.w.org\/{rel}","templated":true}]}}