{"id":774864,"date":"2025-09-09T12:19:03","date_gmt":"2025-09-09T09:19:03","guid":{"rendered":"https:\/\/roveyayinevi.com.tr\/index.php\/urun\/totem-ve-tabu-7\/"},"modified":"2026-04-16T02:27:29","modified_gmt":"2026-04-15T23:27:29","slug":"totem-ve-tabu-7","status":"publish","type":"product","link":"https:\/\/roveyayinevi.com.tr\/index.php\/urun\/totem-ve-tabu-7\/","title":{"rendered":"Totem ve Tabu"},"content":{"rendered":"<p>Totem ve Tabu, Freud\u2019un klasik eserlerinden biridir. Freud bu kitab\u0131nda \u201cilkel\u201d olarak tan\u0131mlanan toplumlar\u0131 inceler ve g\u00fcn\u00fcm\u00fcz toplumlar\u0131yla k\u0131yaslar. Totemler, ensest korkusu ve b\u00fcy\u00fcye inanma konular\u0131nda toplumlar\u0131n tarih i\u00e7inde nas\u0131l de\u011fi\u015fti\u011fini anlamak i\u00e7in, Totem ve Tabu birincil kaynaklardand\u0131r. Bu \u00f6nemli eserin sadece psikoloji de\u011fil, sosyoloji ve antropolojiyle ilgilenenlere de yararl\u0131 olaca\u011f\u0131n\u0131 d\u00fc\u015f\u00fcn\u00fcyoruz.<\/p>\n","protected":false},"excerpt":{"rendered":"<p>Totem ve Tabu, Freud\u2019un klasik eserlerinden biridir. Freud bu kitab\u0131nda \u201cilkel\u201d olarak tan\u0131mlanan toplumlar\u0131 inceler ve g\u00fcn\u00fcm\u00fcz toplumlar\u0131yla k\u0131yaslar. Totemler, ensest korkusu ve b\u00fcy\u00fcye inanma konular\u0131nda<span class=\"excerpt-hellip\"> [\u2026]<\/span><\/p>\n","protected":false},"featured_media":0,"template":"","meta":{"_monsterinsights_skip_tracking":false,"_monsterinsights_sitenote_active":false,"_monsterinsights_sitenote_note":"","_monsterinsights_sitenote_category":0},"product_brand":[],"product_cat":[38801,12357],"product_tag":[],"class_list":{"0":"post-774864","1":"product","2":"type-product","3":"status-publish","5":"product_cat-ekoller-ve-yaklasimlar","6":"product_cat-psikoloji","7":"pa_cilt-ciltsiz","8":"pa_tur-kitap","9":"pa_yayinevi-cem-yayinevi","10":"pa_yazar-sigmund-freud","12":"first","13":"instock","14":"sale","15":"shipping-taxable","16":"purchasable","17":"product-type-simple"},"_links":{"self":[{"href":"https:\/\/roveyayinevi.com.tr\/index.php\/wp-json\/wp\/v2\/product\/774864","targetHints":{"allow":["GET"]}}],"collection":[{"href":"https:\/\/roveyayinevi.com.tr\/index.php\/wp-json\/wp\/v2\/product"}],"about":[{"href":"https:\/\/roveyayinevi.com.tr\/index.php\/wp-json\/wp\/v2\/types\/product"}],"wp:attachment":[{"href":"https:\/\/roveyayinevi.com.tr\/index.php\/wp-json\/wp\/v2\/media?parent=774864"}],"wp:term":[{"taxonomy":"product_brand","embeddable":true,"href":"https:\/\/roveyayinevi.com.tr\/index.php\/wp-json\/wp\/v2\/product_brand?post=774864"},{"taxonomy":"product_cat","embeddable":true,"href":"https:\/\/roveyayinevi.com.tr\/index.php\/wp-json\/wp\/v2\/product_cat?post=774864"},{"taxonomy":"product_tag","embeddable":true,"href":"https:\/\/roveyayinevi.com.tr\/index.php\/wp-json\/wp\/v2\/product_tag?post=774864"}],"curies":[{"name":"wp","href":"https:\/\/api.w.org\/{rel}","templated":true}]}}