{"id":774863,"date":"2025-09-09T12:18:12","date_gmt":"2025-09-09T09:18:12","guid":{"rendered":"https:\/\/roveyayinevi.com.tr\/index.php\/urun\/herkes-guzel-ve-etkili-konusabilir\/"},"modified":"2026-04-08T02:34:15","modified_gmt":"2026-04-07T23:34:15","slug":"herkes-guzel-ve-etkili-konusabilir","status":"publish","type":"product","link":"https:\/\/roveyayinevi.com.tr\/index.php\/urun\/herkes-guzel-ve-etkili-konusabilir\/","title":{"rendered":"Herkes G\u00fczel ve Etkili Konu\u015fabilir"},"content":{"rendered":"<p>&#8220;G\u00fczel ve Etkili Konu\u015fmak \u0130nsan\u0131n Ayr\u0131cal\u0131k ve \u00dcst\u00fcnl\u00fck Belgesidir&#8221;&#8221;D\u00fcnyan\u0131n alt\u0131n\u0131 \u00fcst\u00fcn\u00fc getiren b\u00fcy\u00fck olaylar\u0131n tamam\u0131 yaz\u0131 ile de\u011fil, s\u00f6z ile meydana gelmi\u015ftir&#8221; diyen Adolf Hitler, ak\u0131l almaz N\u00fcrnberg mitinglerinde 400.000 insana hitap ederken, elleri, parmaklar\u0131 ve ba\u015f\u0131 \u00f6ylesine uyum i\u00e7indeydi ve sesini \u00f6ylesine etkili kullan\u0131yordu ki meydandaki devasa kalabal\u0131k hep bir a\u011f\u0131zdan onun hareketlerine aral\u0131klarla tempo tutuyordu.O, \u015feytani zek\u00e2s\u0131 ile s\u00f6z\u00fcn ve sesin b\u00fcy\u00fcs\u00fcn\u00fc ke\u015ffetmi\u015fti.E\u011fer isterseniz se\u00e7ti\u011finiz s\u00f6zc\u00fcklerle ve kullanmay\u0131 \u00f6\u011frendi\u011finiz sesinizle kar\u015f\u0131n\u0131zdaki ki\u015fi ya da topluluklar\u0131 b\u00fcy\u00fcleyebilirsiniz.Hitler gibi milyonlar\u0131 \u00f6l\u00fcme de s\u00fcr\u00fckleyebilir ya da Hz. Mevl\u00e2na gibi insanl\u0131\u011f\u0131 sentezleyip birey, halk ya da \u0131rk anlay\u0131\u015f\u0131n\u0131 a\u015f\u0131p, her \u015feyin ilahi olan\u0131n farkl\u0131 g\u00f6r\u00fcn\u00fcmleri oldu\u011funu s\u00f6yleyerek, d\u00fcnyan\u0131n b\u00fct\u00fcn d\u00fc\u015f\u00fcn\u00fcrlerini kendinize hayran da b\u0131rakabilirsiniz.&#8221;G\u00fczel konu\u015fan ve kendini dinletebilen birinin etkileyemeyece\u011fi kimse yoktur.&#8221;Herkes birbirini etkilemek, ikna etmek ve kendini dinletebilmek istiyor. Ancak y\u00f6ntemin ne olaca\u011f\u0131na dair fikir olan \u00e7ok az say\u0131da ki\u015fi var.G\u00fczel ve etkili konu\u015fma ile i\u015f ya\u015fam\u0131nda ba\u015far\u0131 ve sayg\u0131nl\u0131k, \u00f6zel ya\u015famda ise mutluluk ve sevgi kazan\u0131r\u0131z. Sesimiz ve s\u00f6z\u00fcm\u00fczle b\u00fcy\u00fclemek istiyorsak ihtiyac\u0131m\u0131z olan \u015fey yetenek de\u011fildir. Herkes etkili ve g\u00fczel konu\u015fabilir, yeter ki isteyelim, \u00f6\u011frenelim ve \u00e7al\u0131\u015fal\u0131m&#8230;Bu kitapla birlikte \u00e7\u0131kt\u0131\u011f\u0131m\u0131z yolculukta sesimizin renklerini tan\u0131yaca\u011f\u0131z, s\u00f6z da\u011farc\u0131\u011f\u0131m\u0131z\u0131 zenginle\u015ftirip g\u00fczel c\u00fcmleler kuraca\u011f\u0131z, beden dilimizle de atlatmay\u0131 \u00f6\u011frenerek etki alan\u0131m\u0131z\u0131 geni\u015fletece\u011fiz. Kendimizde yeni bir kimlik in\u015fa edece\u011fiz.\u00c7\u0131kt\u0131\u011f\u0131m\u0131z bu yeni ve b\u00fcy\u00fcl\u00fc yolculuk i\u00e7in haz\u0131rsan hemen ba\u015flayal\u0131m.Ho\u015f geldin&#8230;TRT Spikeri Tu\u011fba Dalk\u0131l\u0131\u00e7<\/p>\n","protected":false},"excerpt":{"rendered":"<p>&#8220;G\u00fczel ve Etkili Konu\u015fmak \u0130nsan\u0131n Ayr\u0131cal\u0131k ve \u00dcst\u00fcnl\u00fck Belgesidir&#8221;&#8221;D\u00fcnyan\u0131n alt\u0131n\u0131 \u00fcst\u00fcn\u00fc getiren b\u00fcy\u00fck olaylar\u0131n tamam\u0131 yaz\u0131 ile de\u011fil, s\u00f6z ile meydana gelmi\u015ftir&#8221; diyen Adolf Hitler, ak\u0131l<span class=\"excerpt-hellip\"> [\u2026]<\/span><\/p>\n","protected":false},"featured_media":0,"template":"","meta":{"_monsterinsights_skip_tracking":false,"_monsterinsights_sitenote_active":false,"_monsterinsights_sitenote_note":"","_monsterinsights_sitenote_category":0},"product_brand":[],"product_cat":[12364,12376],"product_tag":[],"class_list":{"0":"post-774863","1":"product","2":"type-product","3":"status-publish","5":"product_cat-genel-konular","6":"product_cat-kisisel-gelisim","7":"pa_cilt-ciltsiz","8":"pa_tur-kitap","9":"pa_yayinevi-elma-yayinevi","10":"pa_yazar-tugba-dalkilic","12":"first","13":"instock","14":"sale","15":"shipping-taxable","16":"purchasable","17":"product-type-simple"},"_links":{"self":[{"href":"https:\/\/roveyayinevi.com.tr\/index.php\/wp-json\/wp\/v2\/product\/774863","targetHints":{"allow":["GET"]}}],"collection":[{"href":"https:\/\/roveyayinevi.com.tr\/index.php\/wp-json\/wp\/v2\/product"}],"about":[{"href":"https:\/\/roveyayinevi.com.tr\/index.php\/wp-json\/wp\/v2\/types\/product"}],"wp:attachment":[{"href":"https:\/\/roveyayinevi.com.tr\/index.php\/wp-json\/wp\/v2\/media?parent=774863"}],"wp:term":[{"taxonomy":"product_brand","embeddable":true,"href":"https:\/\/roveyayinevi.com.tr\/index.php\/wp-json\/wp\/v2\/product_brand?post=774863"},{"taxonomy":"product_cat","embeddable":true,"href":"https:\/\/roveyayinevi.com.tr\/index.php\/wp-json\/wp\/v2\/product_cat?post=774863"},{"taxonomy":"product_tag","embeddable":true,"href":"https:\/\/roveyayinevi.com.tr\/index.php\/wp-json\/wp\/v2\/product_tag?post=774863"}],"curies":[{"name":"wp","href":"https:\/\/api.w.org\/{rel}","templated":true}]}}