{"id":774862,"date":"2025-09-09T12:18:07","date_gmt":"2025-09-09T09:18:07","guid":{"rendered":"https:\/\/roveyayinevi.com.tr\/index.php\/urun\/bana-bir-hikaye-anlat-3\/"},"modified":"2025-09-09T12:18:07","modified_gmt":"2025-09-09T09:18:07","slug":"bana-bir-hikaye-anlat-3","status":"publish","type":"product","link":"https:\/\/roveyayinevi.com.tr\/index.php\/urun\/bana-bir-hikaye-anlat-3\/","title":{"rendered":"Bana Bir Hikaye Anlat"},"content":{"rendered":"<p>Herkes \u00f6z\u00fcn\u00fc arar ve her \u00e7ocuk anne sevgisine ihtiya\u00e7 duyar.K\u0131z\u0131lderilili\u011fi ve k\u00f6kleriyle gurur duyan on \u00fc\u00e7 ya\u015f\u0131ndaki Salamanca A\u011fa\u00e7 Hiddle tuhaf b\u00fcy\u00fckannesi ve b\u00fcy\u00fckbabas\u0131yla Ohio\u2019dan Idaho\u2019ya bir yolculu\u011fa \u00e7\u0131kar. Yol boyunca onlara, gizemli mesajlar alan, potansiyel bir \u201cak\u0131l hastas\u0131yla\u201d tan\u0131\u015fan ve annesi ortadan kaybolan Phoebe Winterbottom\u2019la ilgili bir hik\u00e2ye anlat\u0131r.Sal b\u00fcy\u00fckannesi ile b\u00fcy\u00fckbabas\u0131n\u0131 Phoebe\u2019nin \u015fa\u015f\u0131rt\u0131c\u0131 \u00f6yk\u00fcs\u00fcyle e\u011flendirmeye \u00e7al\u0131\u015f\u0131rken, kendi hik\u00e2yesi ortaya \u00e7\u0131kmaya ba\u015flar: tek dile\u011fi evi terk etmi\u015f annesiyle tekrar bir araya gelmek olan on \u00fc\u00e7 ya\u015f\u0131ndaki bir k\u0131z\u0131n hik\u00e2yesi.Biri komik, di\u011feri h\u00fcz\u00fcn ve e\u011flence dolu iki \u00f6yk\u00fcn\u00fcn bir araya gelmesiyle ortaya \u00e7\u0131kan kaybetmek, sevgi ve duygular\u0131n karma\u015fas\u0131na dair s\u0131cac\u0131k, s\u00fcr\u00fckleyici bir eser.John Newbery Madalyas\u0131 &#8211; School Library Journal En \u0130yi Kitap \u00d6d\u00fcl\u00fcParent\u2019s Choice Alt\u0131n \u00d6d\u00fcl\u00fc &#8211; Bulletin Blue Ribbon Kitab\u0131 \u00d6d\u00fcl\u00fc ALA Dikkate De\u011fer \u00c7ocuk Kitab\u0131 \u00d6d\u00fcl\u00fc &#8211; Virginia Gen\u00e7 Okur \u00d6d\u00fcl\u00fcSequoyah Gen\u00e7lik Kitab\u0131 \u00d6d\u00fcl\u00fc \u201cYaz\u0131n\u0131n \u015fiirselli\u011fi, de\u011fi\u015fimin getirdi\u011fi kabulleni\u015fin yan\u0131 s\u0131ra, karakterlerin \u00e7o\u011fu gen\u00e7 okurlar\u0131 e\u011flendirmeyi ba\u015faracak.\u201dChildren\u2019s Literature\u201cBu kitapta, ger\u00e7ek\u00e7i bir \u015fekilde aktar\u0131lm\u0131\u015f hem e\u011flenceli hem de h\u00fcz\u00fcnl\u00fc olaylarla herkesin hik\u00e2yesi anlat\u0131l\u0131yor.\u201dSchool Library Journal<\/p>\n","protected":false},"excerpt":{"rendered":"<p>Herkes \u00f6z\u00fcn\u00fc arar ve her \u00e7ocuk anne sevgisine ihtiya\u00e7 duyar.K\u0131z\u0131lderilili\u011fi ve k\u00f6kleriyle gurur duyan on \u00fc\u00e7 ya\u015f\u0131ndaki Salamanca A\u011fa\u00e7 Hiddle tuhaf b\u00fcy\u00fckannesi ve b\u00fcy\u00fckbabas\u0131yla Ohio\u2019dan Idaho\u2019ya<span class=\"excerpt-hellip\"> [\u2026]<\/span><\/p>\n","protected":false},"featured_media":0,"template":"","meta":{"_monsterinsights_skip_tracking":false,"_monsterinsights_sitenote_active":false,"_monsterinsights_sitenote_note":"","_monsterinsights_sitenote_category":0},"product_brand":[],"product_cat":[12291,12711],"product_tag":[],"class_list":{"0":"post-774862","1":"product","2":"type-product","3":"status-publish","5":"product_cat-edebiyat","6":"product_cat-roman-oyku","7":"pa_cilt-ciltsiz","8":"pa_tur-kitap","9":"pa_yayinevi-pegasus-yayinlari","10":"pa_yazar-sharon-creech","12":"first","13":"instock","14":"sale","15":"shipping-taxable","16":"purchasable","17":"product-type-simple"},"_links":{"self":[{"href":"https:\/\/roveyayinevi.com.tr\/index.php\/wp-json\/wp\/v2\/product\/774862","targetHints":{"allow":["GET"]}}],"collection":[{"href":"https:\/\/roveyayinevi.com.tr\/index.php\/wp-json\/wp\/v2\/product"}],"about":[{"href":"https:\/\/roveyayinevi.com.tr\/index.php\/wp-json\/wp\/v2\/types\/product"}],"wp:attachment":[{"href":"https:\/\/roveyayinevi.com.tr\/index.php\/wp-json\/wp\/v2\/media?parent=774862"}],"wp:term":[{"taxonomy":"product_brand","embeddable":true,"href":"https:\/\/roveyayinevi.com.tr\/index.php\/wp-json\/wp\/v2\/product_brand?post=774862"},{"taxonomy":"product_cat","embeddable":true,"href":"https:\/\/roveyayinevi.com.tr\/index.php\/wp-json\/wp\/v2\/product_cat?post=774862"},{"taxonomy":"product_tag","embeddable":true,"href":"https:\/\/roveyayinevi.com.tr\/index.php\/wp-json\/wp\/v2\/product_tag?post=774862"}],"curies":[{"name":"wp","href":"https:\/\/api.w.org\/{rel}","templated":true}]}}