{"id":774861,"date":"2025-09-09T12:17:53","date_gmt":"2025-09-09T09:17:53","guid":{"rendered":"https:\/\/roveyayinevi.com.tr\/index.php\/urun\/altin-kafes-ciltli\/"},"modified":"2026-04-16T02:26:56","modified_gmt":"2026-04-15T23:26:56","slug":"altin-kafes-ciltli","status":"publish","type":"product","link":"https:\/\/roveyayinevi.com.tr\/index.php\/urun\/altin-kafes-ciltli\/","title":{"rendered":"Alt\u0131n Kafes (Ciltli)"},"content":{"rendered":"<p>Y\u00fczy\u0131llard\u0131r d\u00fc\u015fman olan ve birbirinden uzakta ya\u015fayan ejderhalarla insanlar\u0131n kaderi, iki ki\u015fi sayesinde kesi\u015fmi\u015ftir: Errol adl\u0131 \u00e7ocukla Benfro ad\u0131ndaki gen\u00e7 ejderhan\u0131n i\u015fbirli\u011fi, bu ac\u0131mas\u0131z sava\u015f\u0131n sona ermesi i\u00e7in belki de son \u015fanst\u0131r. D\u00fc\u015f Gezgini\u2019nde tan\u0131d\u0131\u011f\u0131m\u0131z, G\u00fcl Ba\u011f\u0131\u2019yla yeteneklerini ke\u015ffetmelerine tan\u0131k oldu\u011fumuz Errol ile Benfro\u2019nun hik\u00e2yesi, S\u00f6r Benfro\u2019nun \u015eark\u0131s\u0131 serisinin \u00fc\u00e7\u00fcnc\u00fc kitab\u0131 Alt\u0131n Kafes\u2019le s\u00fcr\u00fcyor&#8230; Alt\u0131n Kafes\u2019te Benfro, Magog\u2019un etkisinden kurtulmaya \u00e7al\u0131\u015fmakta, bu arada da bir ejderha olarak yeteneklerini geli\u015ftirmeye \u00e7abalamaktad\u0131r. Bu s\u0131ralarda Errol, Benfro\u2019nun ormandaki s\u0131\u011f\u0131na\u011f\u0131na gelir. Atlatt\u0131\u011f\u0131 badirelerden dolay\u0131 b\u00fcy\u00fck yara alm\u0131\u015f olan delikanl\u0131, sevgilisi Martha\u2019n\u0131n g\u00f6r\u00fcnd\u00fc\u011f\u00fc r\u00fcyalar\u0131n gizemini \u00e7\u00f6zmeye \u00e7al\u0131\u015fmaktad\u0131r. Kader sonunda Benfro ile Errol\u2019\u0131n yolunu kesi\u015ftirmi\u015ftir. Errol, Benfro\u2019yu Magog\u2019un etkisinden kurtarman\u0131n anahtar\u0131n\u0131 elinde tutmakta, Benfro ise Errol\u2019\u0131 iyile\u015ftirmenin yolunu bilmektedir. \u00c7ok ge\u00e7meden, amans\u0131z d\u00fc\u015fmanlar\u0131 kar\u015f\u0131s\u0131nda hayatta kalma \u015fanslar\u0131n\u0131n bir arada durmalar\u0131na ba\u011fl\u0131 oldu\u011funu anlayacaklard\u0131r. <\/p>\n","protected":false},"excerpt":{"rendered":"<p>Y\u00fczy\u0131llard\u0131r d\u00fc\u015fman olan ve birbirinden uzakta ya\u015fayan ejderhalarla insanlar\u0131n kaderi, iki ki\u015fi sayesinde kesi\u015fmi\u015ftir: Errol adl\u0131 \u00e7ocukla Benfro ad\u0131ndaki gen\u00e7 ejderhan\u0131n i\u015fbirli\u011fi, bu ac\u0131mas\u0131z sava\u015f\u0131n sona<span class=\"excerpt-hellip\"> [\u2026]<\/span><\/p>\n","protected":false},"featured_media":0,"template":"","meta":{"_monsterinsights_skip_tracking":false,"_monsterinsights_sitenote_active":false,"_monsterinsights_sitenote_note":"","_monsterinsights_sitenote_category":0},"product_brand":[],"product_cat":[12274,12284],"product_tag":[],"class_list":{"0":"post-774861","1":"product","2":"type-product","3":"status-publish","5":"product_cat-cocuk-ve-genclik-kitaplari","6":"product_cat-hikayeler","7":"pa_cilt-ciltli","8":"pa_tur-kitap","9":"pa_yayinevi-yapi-kredi-yayinlari","10":"pa_yazar-j-d-oswald","12":"first","13":"instock","14":"sale","15":"shipping-taxable","16":"purchasable","17":"product-type-simple"},"_links":{"self":[{"href":"https:\/\/roveyayinevi.com.tr\/index.php\/wp-json\/wp\/v2\/product\/774861","targetHints":{"allow":["GET"]}}],"collection":[{"href":"https:\/\/roveyayinevi.com.tr\/index.php\/wp-json\/wp\/v2\/product"}],"about":[{"href":"https:\/\/roveyayinevi.com.tr\/index.php\/wp-json\/wp\/v2\/types\/product"}],"wp:attachment":[{"href":"https:\/\/roveyayinevi.com.tr\/index.php\/wp-json\/wp\/v2\/media?parent=774861"}],"wp:term":[{"taxonomy":"product_brand","embeddable":true,"href":"https:\/\/roveyayinevi.com.tr\/index.php\/wp-json\/wp\/v2\/product_brand?post=774861"},{"taxonomy":"product_cat","embeddable":true,"href":"https:\/\/roveyayinevi.com.tr\/index.php\/wp-json\/wp\/v2\/product_cat?post=774861"},{"taxonomy":"product_tag","embeddable":true,"href":"https:\/\/roveyayinevi.com.tr\/index.php\/wp-json\/wp\/v2\/product_tag?post=774861"}],"curies":[{"name":"wp","href":"https:\/\/api.w.org\/{rel}","templated":true}]}}