{"id":774860,"date":"2025-09-09T12:16:38","date_gmt":"2025-09-09T09:16:38","guid":{"rendered":"https:\/\/roveyayinevi.com.tr\/index.php\/urun\/demokratik-zorbalik\/"},"modified":"2026-04-16T02:26:52","modified_gmt":"2026-04-15T23:26:52","slug":"demokratik-zorbalik","status":"publish","type":"product","link":"https:\/\/roveyayinevi.com.tr\/index.php\/urun\/demokratik-zorbalik\/","title":{"rendered":"Demokratik Zorbal\u0131k"},"content":{"rendered":"<p>Frans\u0131z hukuk\u00e7u, d\u00fc\u015f\u00fcn\u00fcr ve tarih\u00e7i Alexis de Tocqueville\u2019in 1835 ve 1840\u2019ta iki cilt halinde yay\u0131mlanan Amerika\u2019da Demokrasi ba\u015fl\u0131kl\u0131 \u00e7al\u0131\u015fmas\u0131, siyaset bilimi literat\u00fcr\u00fcn\u00fcn kanonik eserlerinden biridir. Demokratik Zorbal\u0131k kitab\u0131, Amerika\u2019da Demokrasi\u2019nin \u201cDemokratik Duygular\u0131n ve D\u00fc\u015f\u00fcncelerin Siyasal Topluma Etkisi \u00dczerine\u201d ba\u015fl\u0131kl\u0131 d\u00f6rd\u00fcnc\u00fc ve son b\u00f6l\u00fcm\u00fcnden olu\u015fuyor. Tocqueville, bu \u00fclkenin toplumsal yap\u0131s\u0131 ve gen\u00e7 Amerikan demokrasisinin siyasal sistemi \u00fczerine yapt\u0131\u011f\u0131 g\u00f6zlem ve incelemeler \u0131\u015f\u0131\u011f\u0131nda \u201cya\u015fl\u0131 Avrupa\u201dda ya\u015fanan siyasi geli\u015fmeler, kamu y\u00f6netimi sistemleri, g\u00fcncel sorunlar ve \u00e7\u00f6z\u00fcm yollar\u0131 \u00fczerine kar\u015f\u0131la\u015ft\u0131rmal\u0131 bir \u00e7\u00f6z\u00fcmlemeye giri\u015fir.D\u00fc\u015f\u00fcncesinin temel eksenini liberalizmin \u00f6n plana \u00e7\u0131kard\u0131\u011f\u0131 \u00f6zg\u00fcrl\u00fckle, sosyalizmin temel ald\u0131\u011f\u0131 e\u015fitlik kavramlar\u0131 aras\u0131nda bir denge kurma \u00e7abas\u0131 olu\u015fturur. Tocqueville&#8217;in o d\u00f6nemde ortaya att\u0131\u011f\u0131 sivil toplum destekli kat\u0131l\u0131mc\u0131 demokrasi modeli, \u00e7a\u011fda\u015f demokrasi anlay\u0131\u015f\u0131n\u0131n kurucu \u00f6\u011felerinden biridir.Yazar\u0131n bu katk\u0131lar\u0131, \u00e7a\u011fda\u015f demokrasilerin ya\u015fad\u0131\u011f\u0131 sorunlarla yeniden g\u00fcncellik kazanm\u0131\u015ft\u0131r. Tocqueville\u2019in d\u00fc\u015f\u00fcncesinin ana unsurlar\u0131n\u0131 \u00f6zetleyen bu kitap, bug\u00fcn belki \u00e7ok kullan\u0131lmaktan i\u00e7i bo\u015falm\u0131\u015f baz\u0131 kavramlar\u0131n k\u00f6kenini hat\u0131rlatarak g\u00fcnceli anlamland\u0131rmam\u0131za ve g\u00fcncel sorunlarla ilgili tart\u0131\u015fmalara katk\u0131da bulunacakt\u0131r.<\/p>\n","protected":false},"excerpt":{"rendered":"<p>Frans\u0131z hukuk\u00e7u, d\u00fc\u015f\u00fcn\u00fcr ve tarih\u00e7i Alexis de Tocqueville\u2019in 1835 ve 1840\u2019ta iki cilt halinde yay\u0131mlanan Amerika\u2019da Demokrasi ba\u015fl\u0131kl\u0131 \u00e7al\u0131\u015fmas\u0131, siyaset bilimi literat\u00fcr\u00fcn\u00fcn kanonik eserlerinden biridir. Demokratik<span class=\"excerpt-hellip\"> [\u2026]<\/span><\/p>\n","protected":false},"featured_media":0,"template":"","meta":{"_monsterinsights_skip_tracking":false,"_monsterinsights_sitenote_active":false,"_monsterinsights_sitenote_note":"","_monsterinsights_sitenote_category":0},"product_brand":[],"product_cat":[12337,14706],"product_tag":[],"class_list":{"0":"post-774860","1":"product","2":"type-product","3":"status-publish","5":"product_cat-politika-siyaset","6":"product_cat-siyaset-bilimi","7":"pa_cilt-ciltsiz","8":"pa_tur-kitap","9":"pa_yayinevi-can-yayinlari","10":"pa_yazar-alexis-de-tocqeville","12":"first","13":"instock","14":"sale","15":"shipping-taxable","16":"purchasable","17":"product-type-simple"},"_links":{"self":[{"href":"https:\/\/roveyayinevi.com.tr\/index.php\/wp-json\/wp\/v2\/product\/774860","targetHints":{"allow":["GET"]}}],"collection":[{"href":"https:\/\/roveyayinevi.com.tr\/index.php\/wp-json\/wp\/v2\/product"}],"about":[{"href":"https:\/\/roveyayinevi.com.tr\/index.php\/wp-json\/wp\/v2\/types\/product"}],"wp:attachment":[{"href":"https:\/\/roveyayinevi.com.tr\/index.php\/wp-json\/wp\/v2\/media?parent=774860"}],"wp:term":[{"taxonomy":"product_brand","embeddable":true,"href":"https:\/\/roveyayinevi.com.tr\/index.php\/wp-json\/wp\/v2\/product_brand?post=774860"},{"taxonomy":"product_cat","embeddable":true,"href":"https:\/\/roveyayinevi.com.tr\/index.php\/wp-json\/wp\/v2\/product_cat?post=774860"},{"taxonomy":"product_tag","embeddable":true,"href":"https:\/\/roveyayinevi.com.tr\/index.php\/wp-json\/wp\/v2\/product_tag?post=774860"}],"curies":[{"name":"wp","href":"https:\/\/api.w.org\/{rel}","templated":true}]}}